{"id":599,"date":"2021-08-22T02:06:29","date_gmt":"2021-08-22T02:06:29","guid":{"rendered":"https:\/\/www.momengames.com\/index.php\/product\/20x50-high-power-military-binoculars-compact-hd-professional-daily-waterproof-binoculars-telescope-for-adults-bird-watching-travel-hunting-football-bak4-prism-fmc-lens-with-case-and-strap\/"},"modified":"2024-09-13T08:25:31","modified_gmt":"2024-09-13T08:25:31","slug":"20x50-high-power-military-binoculars-compact-hd-professional-daily-waterproof-binoculars-telescope-for-adults-bird-watching-travel-hunting-football-bak4-prism-fmc-lens-with-case-and-strap","status":"publish","type":"product","link":"https:\/\/www.momengames.com\/index.php\/product\/20x50-high-power-military-binoculars-compact-hd-professional-daily-waterproof-binoculars-telescope-for-adults-bird-watching-travel-hunting-football-bak4-prism-fmc-lens-with-case-and-strap\/?lang=de","title":{"rendered":"20&#215;50 Hochleistungs-Milit\u00e4rfernglas, Kompaktes HD Professionelles \/ T\u00e4gliches Wasserdichtes Fernglas Teleskop f\u00fcr Erwachsene Vogelbeobachtung Reise Jagd Fu\u00dfball-BAK4 Prism FMC Objektiv-mit Etui und Riemen"},"content":{"rendered":"<p>[Weites Sichtfeld] &#8211; 20-fache Vergr\u00f6\u00dferung, 26 mm Augenlinsendurchmesser und 50 mm Objektivdurchmesser; 56m Sichtfeld auf 1000m; Wenn Sie dieses Fernglas verwenden, ist die Sicht weit und es ist sehr klar f\u00fcr den Gewinn eines Fernglases.<br \/>\n[Professionelles leistungsstarkes Fernglas] &#8211; Mehrschichtbeschichtete asph\u00e4rische Linsenelemente bieten eine hervorragende Lichtdurchl\u00e4ssigkeit und minimale Verzerrung, bessere Bildhelligkeit, Kontrast und Qualit\u00e4t. Das Bak-4-Prisma hat eine perfekt runde Austrittspupille. Bietet eine helle, klare und gestochen scharfe Anzeige.<br \/>\n[Schlank und solide] &#8211; T\u00e4glich wasserdichtes Geh\u00e4use mit gummierter Oberfl\u00e4che f\u00fcr Sto\u00dffestigkeit und einen festen, bequemen Griff, langlebig und tragbar f\u00fcr den Au\u00dfenbereich, sogar f\u00fcr feindliche Umgebungen geeignet. Aber bitte tauchen Sie das Fernglas nicht in Wasser.<br \/>\n[Einfach einzustellen] &#8211; Der zentrale Fokusknopf dieses kompakten Fernglases garantiert eine schnelle und hochpr\u00e4zise Fokussierung. Und es kann auch mit dem rechten Okularring auf die unterschiedliche Entfernung fokussieren. Die Verwendung mit Stativ ist in Ordnung. So ist es sehr praktisch, wenn man sich etwas l\u00e4ngere Zeit ansieht.<br \/>\n[Vielseitig zu verwenden] &#8211; Dieses Fernglas ist f\u00fcr die Vogelbeobachtung, Wandern, Jagen, Klettern, Reisen, Fu\u00dfball, Basketball oder jeden Sportwettbewerb oder Konzert konzipiert. Und es ist auch ein ideales Weihnachtsgeschenk f\u00fcr Erwachsene, Kinder, Kinder. Tipp: Dieses Fernglas verf\u00fcgt \u00fcber Nachtsicht bei schwachem Licht und kann nachts verwendet werden, jedoch nicht bei v\u00f6lliger Dunkelheit.<\/p>\n","protected":false},"excerpt":{"rendered":"<p>[Weites Sichtfeld] &#8211; 20-fache Vergr\u00f6\u00dferung, 26 mm Augenlinsendurchmesser und 50 mm Objektivdurchmesser; 56m Sichtfeld auf 1000m; Wenn Sie dieses Fernglas verwenden, ist die Sicht weit und es ist sehr klar f\u00fcr den Gewinn eines Fernglases.<br \/>\n[Professionelles leistungsstarkes Fernglas] &#8211; Mehrschichtbeschichtete asph\u00e4rische Linsenelemente bieten eine hervorragende Lichtdurchl\u00e4ssigkeit und minimale Verzerrung, bessere Bildhelligkeit, Kontrast und Qualit\u00e4t. Das Bak-4-Prisma hat eine perfekt runde Austrittspupille. Bietet eine helle, klare und gestochen scharfe Anzeige.<br \/>\n[Schlank und solide] &#8211; T\u00e4glich wasserdichtes Geh\u00e4use mit gummierter Oberfl\u00e4che f\u00fcr Sto\u00dffestigkeit und einen festen, bequemen Griff, langlebig und tragbar f\u00fcr den Au\u00dfenbereich, sogar f\u00fcr feindliche Umgebungen geeignet. Aber bitte tauchen Sie das Fernglas nicht in Wasser.<br \/>\n[Einfach einzustellen] &#8211; Der zentrale Fokusknopf dieses kompakten Fernglases garantiert eine schnelle und hochpr\u00e4zise Fokussierung. Und es kann auch mit dem rechten Okularring auf die unterschiedliche Entfernung fokussieren. Die Verwendung mit Stativ ist in Ordnung. So ist es sehr praktisch, wenn man sich etwas l\u00e4ngere Zeit ansieht.<br \/>\n[Vielseitig zu verwenden] &#8211; Dieses Fernglas ist f\u00fcr die Vogelbeobachtung, Wandern, Jagen, Klettern, Reisen, Fu\u00dfball, Basketball oder jeden Sportwettbewerb oder Konzert konzipiert. Und es ist auch ein ideales Weihnachtsgeschenk f\u00fcr Erwachsene, Kinder, Kinder. Tipp: Dieses Fernglas verf\u00fcgt \u00fcber Nachtsicht bei schwachem Licht und kann nachts verwendet werden, jedoch nicht bei v\u00f6lliger Dunkelheit.<\/p>\n","protected":false},"featured_media":585,"comment_status":"open","ping_status":"closed","template":"","meta":{"iawp_total_views":17},"product_brand":[],"product_cat":[24],"product_tag":[],"class_list":{"0":"post-599","1":"product","2":"type-product","3":"status-publish","4":"has-post-thumbnail","6":"product_cat-electronics-accessories-de","8":"first","9":"instock","10":"taxable","11":"shipping-taxable","12":"purchasable","13":"product-type-simple"},"jetpack_sharing_enabled":true,"_links":{"self":[{"href":"https:\/\/www.momengames.com\/index.php\/wp-json\/wp\/v2\/product\/599","targetHints":{"allow":["GET"]}}],"collection":[{"href":"https:\/\/www.momengames.com\/index.php\/wp-json\/wp\/v2\/product"}],"about":[{"href":"https:\/\/www.momengames.com\/index.php\/wp-json\/wp\/v2\/types\/product"}],"replies":[{"embeddable":true,"href":"https:\/\/www.momengames.com\/index.php\/wp-json\/wp\/v2\/comments?post=599"}],"wp:featuredmedia":[{"embeddable":true,"href":"https:\/\/www.momengames.com\/index.php\/wp-json\/wp\/v2\/media\/585"}],"wp:attachment":[{"href":"https:\/\/www.momengames.com\/index.php\/wp-json\/wp\/v2\/media?parent=599"}],"wp:term":[{"taxonomy":"product_brand","embeddable":true,"href":"https:\/\/www.momengames.com\/index.php\/wp-json\/wp\/v2\/product_brand?post=599"},{"taxonomy":"product_cat","embeddable":true,"href":"https:\/\/www.momengames.com\/index.php\/wp-json\/wp\/v2\/product_cat?post=599"},{"taxonomy":"product_tag","embeddable":true,"href":"https:\/\/www.momengames.com\/index.php\/wp-json\/wp\/v2\/product_tag?post=599"}],"curies":[{"name":"wp","href":"https:\/\/api.w.org\/{rel}","templated":true}]}}