{"id":598,"date":"2021-08-22T02:03:52","date_gmt":"2021-08-22T02:03:52","guid":{"rendered":"https:\/\/www.momengames.com\/index.php\/product\/10-x-50-binoculars-for-adults-professional-high-definition-large-field-of-view-binoculars-for-bird-watching-hunting-wildlife-viewing-outdoor-sports-game-and-concerts\/"},"modified":"2024-09-13T08:25:27","modified_gmt":"2024-09-13T08:25:27","slug":"10-x-50-binoculars-for-adults-professional-high-definition-large-field-of-view-binoculars-for-bird-watching-hunting-wildlife-viewing-outdoor-sports-game-and-concerts","status":"publish","type":"product","link":"https:\/\/www.momengames.com\/index.php\/product\/10-x-50-binoculars-for-adults-professional-high-definition-large-field-of-view-binoculars-for-bird-watching-hunting-wildlife-viewing-outdoor-sports-game-and-concerts\/?lang=de","title":{"rendered":"10 x 50 Binoculars for Adults &#8211; Professional High Definition Large Field of View Binoculars for Bird Watching Hunting Wildlife Viewing Outdoor Sports Game and Concerts"},"content":{"rendered":"<p>\u3010Kein Doppelbild, Wackeln oder unscharfes Sichtfeld\u3011: 10\u00d750 Ferngl\u00e4ser verf\u00fcgen \u00fcber eine 10-fache Vergr\u00f6\u00dferung und eine BAK4-Prismenoptik f\u00fcr \u00fcberlegene Klarheit und Helligkeit. Das 22-mm-Okular und das 50-mm-Objektiv bieten au\u00dferdem ein breiteres Sichtfeld von 1000 Yards. Beim Betrachten von bewegten Objekten gibt es kein Doppelbild oder heftiges Verwackeln. Dar\u00fcber hinaus testet unser Vertriebsteam jedes einzelne Teleskop pers\u00f6nlich, um Ihnen zuverl\u00e4ssige Qualit\u00e4t zu liefern!<br \/>\n\u3010Professionelle Optik\u3011: Asph\u00e4rische, mehrschichtig beschichtete Optiken und ein professionelles BAK4-Prismensystem sorgen f\u00fcr eine Lichtdurchl\u00e4ssigkeit von 99,8 % f\u00fcr das Teleskop und sorgen f\u00fcr eine hochwertige Bildfarbe und eine ausreichende Helligkeit w\u00e4hrend der Beobachtung. Es kann nachts verwendet werden, aber nicht in v\u00f6lliger Dunkelheit. Ideal f\u00fcr Konzerte, Oper, Sightseeing und Astronomie.<br \/>\n\u3010Robuste Konstruktion und rutschfester Griff\u3011: Robuste Konstruktion, geruchlose Gummiarmierung mit schlagfestem und rutschfestem Griff macht es nicht nur langlebiger im Gebrauch, sondern auch feuchtigkeitsbest\u00e4ndig, um ein gro\u00dfartiges Erlebnis bei Outdoor-Aktivit\u00e4ten zu gew\u00e4hrleisten, sodass Sie besser an Bergsteigen, Wandern, Reisen, Tier- und Landschaftsbeobachtungen teilnehmen.<br \/>\n\u3010Einfach zu bedienen\u3011: Das Fernglas verf\u00fcgt \u00fcber einen breiten, glatten Fokusknopf, der das Fokussieren f\u00fcr Erwachsene und Kinder erleichtert. Fokussieren Sie das Ziel einfach mit dem pr\u00e4zisen zentralen Einstellrad. Bei der ersten Verwendung kann das Dioptriensystem das Sehungleichgewicht beider Augen ausgleichen und Sie k\u00f6nnen ein perfekteres Bild sehen.<br \/>\n\u3010Qualit\u00e4tsservice\u3011: Ferngl\u00e4ser bestehen aus hochwertigen Materialien, das komplette Produktzubeh\u00f6r einschlie\u00dflich Fernglas, Tragetasche, Wischtuch, Handbuch, Umh\u00e4ngeband und Objektivdeckel. Wenn Sie mit dem Produkt nicht zufrieden sind oder Fragen haben oder Hilfe ben\u00f6tigen, k\u00f6nnen Sie sich gerne an uns wenden. Wir versprechen Ihnen, dass Sie innerhalb von 24 Stunden eine zufriedenstellende Antwort erhalten.<\/p>\n","protected":false},"excerpt":{"rendered":"<p>\u3010Kein Doppelbild, Wackeln oder unscharfes Sichtfeld\u3011: 10\u00d750 Ferngl\u00e4ser verf\u00fcgen \u00fcber eine 10-fache Vergr\u00f6\u00dferung und eine BAK4-Prismenoptik f\u00fcr \u00fcberlegene Klarheit und Helligkeit. Das 22-mm-Okular und das 50-mm-Objektiv bieten au\u00dferdem ein breiteres Sichtfeld von 1000 Yards. Beim Betrachten von bewegten Objekten gibt es kein Doppelbild oder heftiges Verwackeln. Dar\u00fcber hinaus testet unser Vertriebsteam jedes einzelne Teleskop pers\u00f6nlich, um Ihnen zuverl\u00e4ssige Qualit\u00e4t zu liefern!<br \/>\n\u3010Professionelle Optik\u3011: Asph\u00e4rische, mehrschichtig beschichtete Optiken und ein professionelles BAK4-Prismensystem sorgen f\u00fcr eine Lichtdurchl\u00e4ssigkeit von 99,8 % f\u00fcr das Teleskop und sorgen f\u00fcr eine hochwertige Bildfarbe und eine ausreichende Helligkeit w\u00e4hrend der Beobachtung. Es kann nachts verwendet werden, aber nicht in v\u00f6lliger Dunkelheit. Ideal f\u00fcr Konzerte, Oper, Sightseeing und Astronomie.<br \/>\n\u3010Robuste Konstruktion und rutschfester Griff\u3011: Robuste Konstruktion, geruchlose Gummiarmierung mit schlagfestem und rutschfestem Griff macht es nicht nur langlebiger im Gebrauch, sondern auch feuchtigkeitsbest\u00e4ndig, um ein gro\u00dfartiges Erlebnis bei Outdoor-Aktivit\u00e4ten zu gew\u00e4hrleisten, sodass Sie besser an Bergsteigen, Wandern, Reisen, Tier- und Landschaftsbeobachtungen teilnehmen.<br \/>\n\u3010Einfach zu bedienen\u3011: Das Fernglas verf\u00fcgt \u00fcber einen breiten, glatten Fokusknopf, der das Fokussieren f\u00fcr Erwachsene und Kinder erleichtert. Fokussieren Sie das Ziel einfach mit dem pr\u00e4zisen zentralen Einstellrad. Bei der ersten Verwendung kann das Dioptriensystem das Sehungleichgewicht beider Augen ausgleichen und Sie k\u00f6nnen ein perfekteres Bild sehen.<br \/>\n\u3010Qualit\u00e4tsservice\u3011: Ferngl\u00e4ser bestehen aus hochwertigen Materialien, das komplette Produktzubeh\u00f6r einschlie\u00dflich Fernglas, Tragetasche, Wischtuch, Handbuch, Umh\u00e4ngeband und Objektivdeckel. Wenn Sie mit dem Produkt nicht zufrieden sind oder Fragen haben oder Hilfe ben\u00f6tigen, k\u00f6nnen Sie sich gerne an uns wenden. Wir versprechen Ihnen, dass Sie innerhalb von 24 Stunden eine zufriedenstellende Antwort erhalten.<\/p>\n","protected":false},"featured_media":581,"comment_status":"open","ping_status":"closed","template":"","meta":{"iawp_total_views":10},"product_brand":[],"product_cat":[24],"product_tag":[],"class_list":{"0":"post-598","1":"product","2":"type-product","3":"status-publish","4":"has-post-thumbnail","6":"product_cat-electronics-accessories-de","8":"first","9":"instock","10":"taxable","11":"shipping-taxable","12":"purchasable","13":"product-type-simple"},"jetpack_sharing_enabled":true,"_links":{"self":[{"href":"https:\/\/www.momengames.com\/index.php\/wp-json\/wp\/v2\/product\/598","targetHints":{"allow":["GET"]}}],"collection":[{"href":"https:\/\/www.momengames.com\/index.php\/wp-json\/wp\/v2\/product"}],"about":[{"href":"https:\/\/www.momengames.com\/index.php\/wp-json\/wp\/v2\/types\/product"}],"replies":[{"embeddable":true,"href":"https:\/\/www.momengames.com\/index.php\/wp-json\/wp\/v2\/comments?post=598"}],"wp:featuredmedia":[{"embeddable":true,"href":"https:\/\/www.momengames.com\/index.php\/wp-json\/wp\/v2\/media\/581"}],"wp:attachment":[{"href":"https:\/\/www.momengames.com\/index.php\/wp-json\/wp\/v2\/media?parent=598"}],"wp:term":[{"taxonomy":"product_brand","embeddable":true,"href":"https:\/\/www.momengames.com\/index.php\/wp-json\/wp\/v2\/product_brand?post=598"},{"taxonomy":"product_cat","embeddable":true,"href":"https:\/\/www.momengames.com\/index.php\/wp-json\/wp\/v2\/product_cat?post=598"},{"taxonomy":"product_tag","embeddable":true,"href":"https:\/\/www.momengames.com\/index.php\/wp-json\/wp\/v2\/product_tag?post=598"}],"curies":[{"name":"wp","href":"https:\/\/api.w.org\/{rel}","templated":true}]}}