{"id":597,"date":"2021-08-22T01:59:45","date_gmt":"2021-08-22T01:59:45","guid":{"rendered":"https:\/\/www.momengames.com\/index.php\/product\/12x25-small-pocket-binoculars-compact-adultsmini-kids-binoculars-boys-for-bird-watchingconcert-theater-opera-3216577827\/"},"modified":"2024-09-13T08:24:59","modified_gmt":"2024-09-13T08:24:59","slug":"12x25-small-pocket-binoculars-compact-adultsmini-kids-binoculars-boys-for-bird-watchingconcert-theater-opera-3216577827","status":"publish","type":"product","link":"https:\/\/www.momengames.com\/index.php\/product\/12x25-small-pocket-binoculars-compact-adultsmini-kids-binoculars-boys-for-bird-watchingconcert-theater-opera-3216577827\/?lang=de","title":{"rendered":"12X25 Kleines Taschenfernglas Kompakt Erwachsene,Mini Kinder Fernglas Jungen zur Vogelbeobachtung,Konzerttheater Oper"},"content":{"rendered":"<p>Leichtes Kleinfernglas: Sie k\u00f6nnen es jeden Tag bedenkenlos in Ihren Rucksack werfen. Die Mini-Taschenferngl\u00e4ser sind das geringe Gewicht, das sie Ihrem Rucksack hinzuf\u00fcgen, absolut wert.<br \/>\nKompakt-Fernglas Klare Sicht: 12&#215;25-Optik-Fernglas mit einer 12-fachen Vergr\u00f6\u00dferung und einem Objektivdurchmesser von 25 mm. Dar\u00fcber hinaus k\u00f6nnen Sie mit dem gro\u00dfen Sichtfeld-126ft\/1000 Yards das gesamte Gesichtsfeld zur einfachen Erfassung von Objekten sehen.<br \/>\nEinfache Fokussierung: Justieren Sie einfach mit dem Smooth &#8220;Center-Focus-Knopf&#8221; und der rechten Augenlinse. Das faltbare Fernglas ist sowohl f\u00fcr Erwachsenen- als auch f\u00fcr Kinderferngl\u00e4ser geeignet.<br \/>\nKompaktes Fernglas mit BAK4-Prisma, das das Licht zu 100% reflektieren kann, um ein gutes Bild zu erhalten (vergessen Sie jedoch nicht, die Kn\u00f6pfe an unterschiedliche Sichtweiten anzupassen), aus Mg-K\u00f6rper und handmodellierter Politur.<br \/>\nAnwendung: Perfekt f\u00fcr Erwachsene, Kinder, Konzerte, Theater, Oper, Theater, Shows, Reisen, Wandern, Camping, Sportveranstaltungen, Vogelbeobachtung usw. Das Fernglas wird mit eigenem Halsband, Reinigungstuch und Tragetasche geliefert.<\/p>\n","protected":false},"excerpt":{"rendered":"<p>Leichtes Kleinfernglas: Sie k\u00f6nnen es jeden Tag bedenkenlos in Ihren Rucksack werfen. Die Mini-Taschenferngl\u00e4ser sind das geringe Gewicht, das sie Ihrem Rucksack hinzuf\u00fcgen, absolut wert.<br \/>\nKompakt-Fernglas Klare Sicht: 12&#215;25-Optik-Fernglas mit einer 12-fachen Vergr\u00f6\u00dferung und einem Objektivdurchmesser von 25 mm. Dar\u00fcber hinaus k\u00f6nnen Sie mit dem gro\u00dfen Sichtfeld-126ft\/1000 Yards das gesamte Gesichtsfeld zur einfachen Erfassung von Objekten sehen.<br \/>\nEinfache Fokussierung: Justieren Sie einfach mit dem Smooth &#8220;Center-Focus-Knopf&#8221; und der rechten Augenlinse. Das faltbare Fernglas ist sowohl f\u00fcr Erwachsenen- als auch f\u00fcr Kinderferngl\u00e4ser geeignet.<br \/>\nKompaktes Fernglas mit BAK4-Prisma, das das Licht zu 100% reflektieren kann, um ein gutes Bild zu erhalten (vergessen Sie jedoch nicht, die Kn\u00f6pfe an unterschiedliche Sichtweiten anzupassen), aus Mg-K\u00f6rper und handmodellierter Politur.<br \/>\nAnwendung: Perfekt f\u00fcr Erwachsene, Kinder, Konzerte, Theater, Oper, Theater, Shows, Reisen, Wandern, Camping, Sportveranstaltungen, Vogelbeobachtung usw. Das Fernglas wird mit eigenem Halsband, Reinigungstuch und Tragetasche geliefert.<\/p>\n","protected":false},"featured_media":578,"comment_status":"open","ping_status":"closed","template":"","meta":{"iawp_total_views":9},"product_brand":[],"product_cat":[24],"product_tag":[],"class_list":{"0":"post-597","1":"product","2":"type-product","3":"status-publish","4":"has-post-thumbnail","6":"product_cat-electronics-accessories-de","8":"first","9":"instock","10":"taxable","11":"shipping-taxable","12":"purchasable","13":"product-type-simple"},"jetpack_sharing_enabled":true,"_links":{"self":[{"href":"https:\/\/www.momengames.com\/index.php\/wp-json\/wp\/v2\/product\/597","targetHints":{"allow":["GET"]}}],"collection":[{"href":"https:\/\/www.momengames.com\/index.php\/wp-json\/wp\/v2\/product"}],"about":[{"href":"https:\/\/www.momengames.com\/index.php\/wp-json\/wp\/v2\/types\/product"}],"replies":[{"embeddable":true,"href":"https:\/\/www.momengames.com\/index.php\/wp-json\/wp\/v2\/comments?post=597"}],"wp:featuredmedia":[{"embeddable":true,"href":"https:\/\/www.momengames.com\/index.php\/wp-json\/wp\/v2\/media\/578"}],"wp:attachment":[{"href":"https:\/\/www.momengames.com\/index.php\/wp-json\/wp\/v2\/media?parent=597"}],"wp:term":[{"taxonomy":"product_brand","embeddable":true,"href":"https:\/\/www.momengames.com\/index.php\/wp-json\/wp\/v2\/product_brand?post=597"},{"taxonomy":"product_cat","embeddable":true,"href":"https:\/\/www.momengames.com\/index.php\/wp-json\/wp\/v2\/product_cat?post=597"},{"taxonomy":"product_tag","embeddable":true,"href":"https:\/\/www.momengames.com\/index.php\/wp-json\/wp\/v2\/product_tag?post=597"}],"curies":[{"name":"wp","href":"https:\/\/api.w.org\/{rel}","templated":true}]}}