{"id":596,"date":"2021-08-22T02:00:46","date_gmt":"2021-08-22T02:00:46","guid":{"rendered":"https:\/\/www.momengames.com\/index.php\/product\/12x42-hd-binoculars-for-adults-with-universal-phone-adapter-high-power-binoculars-with-super-bright-and-large-view-lightweight-waterproof-binoculars-for-bird-watching-hunting-outdoor-sports-travel\/"},"modified":"2024-09-13T08:25:22","modified_gmt":"2024-09-13T08:25:22","slug":"12x42-hd-binoculars-for-adults-with-universal-phone-adapter-high-power-binoculars-with-super-bright-and-large-view-lightweight-waterproof-binoculars-for-bird-watching-hunting-outdoor-sports-travel","status":"publish","type":"product","link":"https:\/\/www.momengames.com\/index.php\/product\/12x42-hd-binoculars-for-adults-with-universal-phone-adapter-high-power-binoculars-with-super-bright-and-large-view-lightweight-waterproof-binoculars-for-bird-watching-hunting-outdoor-sports-travel\/?lang=de","title":{"rendered":"12&#215;42 HD Fernglas f\u00fcr Erwachsene mit Universal-Telefonadapter &#8211; Hochleistungsfernglas mit superheller und gro\u00dfer Sicht &#8211; Leichtes wasserdichtes Fernglas f\u00fcr die Vogelbeobachtung, Jagd Outdoor-Sportreisen"},"content":{"rendered":"<p>\u301018-mm-Okular mit gro\u00dfem Okular, gr\u00f6\u00dferes Bild, klarere Details\u30112,25-fache Bildgr\u00f6\u00dfe eines 12-mm-Okulars (z. B. 10&#215;25, 12&#215;25, 10&#215;21 Fernglas), 1,28-fach eines 16-mm-Okulars (z. Gro\u00dfe Okular-Ferngl\u00e4ser nutzen die 12-fache Vergr\u00f6\u00dferung voll aus, liefern gr\u00f6\u00dfere Bilder und sorgen f\u00fcr klarere Details.<br \/>\n\u301016,5 mm Big BAK4 Prismenlinsen-Fernglas, superhell, scharfe Sicht\u3011 Sammeln Sie 32 % mehr Licht als 12,5 mm Prismenlinsen (z. B. 10&#215;25, 12&#215;25, 10&#215;21 Ferngl\u00e4ser), 13,7% von 14,5 mm Prismenlinsen (z. . Das 16,5-mm-Prisma-Objektiv nutzt die 42-mm-Objektivlinse zu 100 %, sammelt mehr Licht und liefert eine hellere Sicht.<br \/>\n\u3010Leistungsstarkes 12&#215;42-Fernglas f\u00fcr Erwachsene mit nur 1,25lbs.\u3011Mit nur 560g Gewicht bietet das Adasion 12x42mm-Fernglas ein 367ft\/1000yds gro\u00dfes Sichtfeld. Perfektes Fernglas f\u00fcr Vogelbeobachtung, Jagd, Sportveranstaltungen. Fernglas mit verstellbaren Augenmuscheln, geeignet f\u00fcr Brillentr\u00e4ger.<br \/>\n\u3010Fernglas mit neuem Telefonadapter, viel Spa\u00df beim Fotografieren\u3011 Schnelle Ausrichtung, kompatibel mit Handyh\u00fclle, tragbar und stabil. Geeignet f\u00fcr iPhone X, 8P, 8, 7P, 7, 6, 6s, 6P, 5, 5s, Samsung GALAXY S8, S7, S6, S6 Edge, S5, Note, Huawei, LG, HTC, Sony usw.<br \/>\n\u3010Qualit\u00e4tsfernglas, Bestellung ohne Risiko\u3011Mit 100% gr\u00fcndlicher Qualit\u00e4tskontrolle bieten wir hochwertige Ferngl\u00e4ser. Kontaktieren Sie uns, wenn Sie auf Probleme sto\u00dfen, wir werden es innerhalb von 24 Stunden l\u00f6sen.<\/p>\n","protected":false},"excerpt":{"rendered":"<p>\u301018-mm-Okular mit gro\u00dfem Okular, gr\u00f6\u00dferes Bild, klarere Details\u30112,25-fache Bildgr\u00f6\u00dfe eines 12-mm-Okulars (z. B. 10&#215;25, 12&#215;25, 10&#215;21 Fernglas), 1,28-fach eines 16-mm-Okulars (z. Gro\u00dfe Okular-Ferngl\u00e4ser nutzen die 12-fache Vergr\u00f6\u00dferung voll aus, liefern gr\u00f6\u00dfere Bilder und sorgen f\u00fcr klarere Details.<br \/>\n\u301016,5 mm Big BAK4 Prismenlinsen-Fernglas, superhell, scharfe Sicht\u3011 Sammeln Sie 32 % mehr Licht als 12,5 mm Prismenlinsen (z. B. 10&#215;25, 12&#215;25, 10&#215;21 Ferngl\u00e4ser), 13,7% von 14,5 mm Prismenlinsen (z. . Das 16,5-mm-Prisma-Objektiv nutzt die 42-mm-Objektivlinse zu 100 %, sammelt mehr Licht und liefert eine hellere Sicht.<br \/>\n\u3010Leistungsstarkes 12&#215;42-Fernglas f\u00fcr Erwachsene mit nur 1,25lbs.\u3011Mit nur 560g Gewicht bietet das Adasion 12x42mm-Fernglas ein 367ft\/1000yds gro\u00dfes Sichtfeld. Perfektes Fernglas f\u00fcr Vogelbeobachtung, Jagd, Sportveranstaltungen. Fernglas mit verstellbaren Augenmuscheln, geeignet f\u00fcr Brillentr\u00e4ger.<br \/>\n\u3010Fernglas mit neuem Telefonadapter, viel Spa\u00df beim Fotografieren\u3011 Schnelle Ausrichtung, kompatibel mit Handyh\u00fclle, tragbar und stabil. Geeignet f\u00fcr iPhone X, 8P, 8, 7P, 7, 6, 6s, 6P, 5, 5s, Samsung GALAXY S8, S7, S6, S6 Edge, S5, Note, Huawei, LG, HTC, Sony usw.<br \/>\n\u3010Qualit\u00e4tsfernglas, Bestellung ohne Risiko\u3011Mit 100% gr\u00fcndlicher Qualit\u00e4tskontrolle bieten wir hochwertige Ferngl\u00e4ser. Kontaktieren Sie uns, wenn Sie auf Probleme sto\u00dfen, wir werden es innerhalb von 24 Stunden l\u00f6sen.<\/p>\n","protected":false},"featured_media":575,"comment_status":"open","ping_status":"closed","template":"","meta":{"iawp_total_views":4},"product_brand":[],"product_cat":[24],"product_tag":[],"class_list":{"0":"post-596","1":"product","2":"type-product","3":"status-publish","4":"has-post-thumbnail","6":"product_cat-electronics-accessories-de","8":"first","9":"instock","10":"taxable","11":"shipping-taxable","12":"purchasable","13":"product-type-simple"},"jetpack_sharing_enabled":true,"_links":{"self":[{"href":"https:\/\/www.momengames.com\/index.php\/wp-json\/wp\/v2\/product\/596","targetHints":{"allow":["GET"]}}],"collection":[{"href":"https:\/\/www.momengames.com\/index.php\/wp-json\/wp\/v2\/product"}],"about":[{"href":"https:\/\/www.momengames.com\/index.php\/wp-json\/wp\/v2\/types\/product"}],"replies":[{"embeddable":true,"href":"https:\/\/www.momengames.com\/index.php\/wp-json\/wp\/v2\/comments?post=596"}],"wp:featuredmedia":[{"embeddable":true,"href":"https:\/\/www.momengames.com\/index.php\/wp-json\/wp\/v2\/media\/575"}],"wp:attachment":[{"href":"https:\/\/www.momengames.com\/index.php\/wp-json\/wp\/v2\/media?parent=596"}],"wp:term":[{"taxonomy":"product_brand","embeddable":true,"href":"https:\/\/www.momengames.com\/index.php\/wp-json\/wp\/v2\/product_brand?post=596"},{"taxonomy":"product_cat","embeddable":true,"href":"https:\/\/www.momengames.com\/index.php\/wp-json\/wp\/v2\/product_cat?post=596"},{"taxonomy":"product_tag","embeddable":true,"href":"https:\/\/www.momengames.com\/index.php\/wp-json\/wp\/v2\/product_tag?post=596"}],"curies":[{"name":"wp","href":"https:\/\/api.w.org\/{rel}","templated":true}]}}