{"id":595,"date":"2021-08-22T01:42:22","date_gmt":"2021-08-22T01:42:22","guid":{"rendered":"https:\/\/www.momengames.com\/index.php\/product\/12x50-binoculars-for-adult-waterproof-binoculars-powerful-binoculars-with-clear-and-durable-bak-4-prism-fmc-lens-for-bird-watching-travel-hunting-concerts-football\/"},"modified":"2024-09-13T08:24:55","modified_gmt":"2024-09-13T08:24:55","slug":"12x50-binoculars-for-adult-waterproof-binoculars-powerful-binoculars-with-clear-and-durable-bak-4-prism-fmc-lens-for-bird-watching-travel-hunting-concerts-football","status":"publish","type":"product","link":"https:\/\/www.momengames.com\/index.php\/product\/12x50-binoculars-for-adult-waterproof-binoculars-powerful-binoculars-with-clear-and-durable-bak-4-prism-fmc-lens-for-bird-watching-travel-hunting-concerts-football\/?lang=de","title":{"rendered":"12&#215;50 Fernglas f\u00fcr Erwachsene, wasserdichtes Fernglas &#8211; Leistungsstarkes Fernglas mit klarem und langlebigem BAK-4 Prisma FMC-Objektiv f\u00fcr Vogelbeobachtung, Reisen, Jagd, Konzerte, Fu\u00dfball"},"content":{"rendered":"<p>Professionelles, leistungsstarkes Fernglas: Entworfen mit 12-facher Vergr\u00f6\u00dferung, 50 mm gro\u00dfem Objektiv und 114\/1000 m gro\u00dfem Sichtfeld, gut f\u00fcr sich schnell bewegende Motive, ideal f\u00fcr Vogelbeobachtung, Jagd, Autofahren und Sportveranstaltungen.<br \/>\nSchwaches Lichtsehen: Das Design asph\u00e4rischer Linsen und die mehrschichtige Beschichtung garantieren eine hervorragende Lichtdurchl\u00e4ssigkeit und verbessern die Bildhelligkeit, den Kontrast und die Qualit\u00e4t. Es kann nachts verwendet werden, aber nicht in v\u00f6lliger Dunkelheit. Geeignet f\u00fcr Konzerte, Opern, Sightseeing und astronomische Betrachtungen.<br \/>\n\u00dcberlegene HD-Optik: Beste 50-mm-Vollmehrschichtbeschichtung mit gr\u00fcnem Filmobjektiv und 18-mm-Blaufilmokular, Gro\u00dfes intelligentes BAK-4-Prisma, garantiert die Schl\u00fcsselelemente eines optischen Ger\u00e4ts, macht Ihre Sicht heller, klarer und liefert gestochen scharfe Bilder.<br \/>\nHaltbarer, solider und rutschfester Griff: Strapazierf\u00e4hige Struktur mit geruchsneutraler Gummiarmierung f\u00fcr Sto\u00dffestigkeit und rutschfester Griff, wodurch es nicht nur verschlei\u00dffester und feuchtigkeitsbest\u00e4ndiger aussieht, sondern auch perfekt f\u00fcr Outdoor-Aktivit\u00e4ten wie Klettern, Wandern, Reisen, Beobachten von Wildtieren und Landschaften.<br \/>\nLeicht zu fokussieren: Korrigierende optische Beschichtungen sind gut f\u00fcr die Farbtreue und minimieren Verzerrungen. Dioptriensystem, das das Ungleichgewicht beider Augen anpasst. Der leichtg\u00e4ngige und gro\u00dfe zentrale Fokusknopf macht die Bedienung und das Fokussieren einfach.<\/p>\n","protected":false},"excerpt":{"rendered":"<p>Professionelles, leistungsstarkes Fernglas: Entworfen mit 12-facher Vergr\u00f6\u00dferung, 50 mm gro\u00dfem Objektiv und 114\/1000 m gro\u00dfem Sichtfeld, gut f\u00fcr sich schnell bewegende Motive, ideal f\u00fcr Vogelbeobachtung, Jagd, Autofahren und Sportveranstaltungen.<br \/>\nSchwaches Lichtsehen: Das Design asph\u00e4rischer Linsen und die mehrschichtige Beschichtung garantieren eine hervorragende Lichtdurchl\u00e4ssigkeit und verbessern die Bildhelligkeit, den Kontrast und die Qualit\u00e4t. Es kann nachts verwendet werden, aber nicht in v\u00f6lliger Dunkelheit. Geeignet f\u00fcr Konzerte, Opern, Sightseeing und astronomische Betrachtungen.<br \/>\n\u00dcberlegene HD-Optik: Beste 50-mm-Vollmehrschichtbeschichtung mit gr\u00fcnem Filmobjektiv und 18-mm-Blaufilmokular, Gro\u00dfes intelligentes BAK-4-Prisma, garantiert die Schl\u00fcsselelemente eines optischen Ger\u00e4ts, macht Ihre Sicht heller, klarer und liefert gestochen scharfe Bilder.<br \/>\nHaltbarer, solider und rutschfester Griff: Strapazierf\u00e4hige Struktur mit geruchsneutraler Gummiarmierung f\u00fcr Sto\u00dffestigkeit und rutschfester Griff, wodurch es nicht nur verschlei\u00dffester und feuchtigkeitsbest\u00e4ndiger aussieht, sondern auch perfekt f\u00fcr Outdoor-Aktivit\u00e4ten wie Klettern, Wandern, Reisen, Beobachten von Wildtieren und Landschaften.<br \/>\nLeicht zu fokussieren: Korrigierende optische Beschichtungen sind gut f\u00fcr die Farbtreue und minimieren Verzerrungen. Dioptriensystem, das das Ungleichgewicht beider Augen anpasst. Der leichtg\u00e4ngige und gro\u00dfe zentrale Fokusknopf macht die Bedienung und das Fokussieren einfach.<\/p>\n","protected":false},"featured_media":572,"comment_status":"open","ping_status":"closed","template":"","meta":{"iawp_total_views":7},"product_brand":[],"product_cat":[24],"product_tag":[],"class_list":{"0":"post-595","1":"product","2":"type-product","3":"status-publish","4":"has-post-thumbnail","6":"product_cat-electronics-accessories-de","8":"first","9":"instock","10":"taxable","11":"shipping-taxable","12":"purchasable","13":"product-type-simple"},"jetpack_sharing_enabled":true,"_links":{"self":[{"href":"https:\/\/www.momengames.com\/index.php\/wp-json\/wp\/v2\/product\/595","targetHints":{"allow":["GET"]}}],"collection":[{"href":"https:\/\/www.momengames.com\/index.php\/wp-json\/wp\/v2\/product"}],"about":[{"href":"https:\/\/www.momengames.com\/index.php\/wp-json\/wp\/v2\/types\/product"}],"replies":[{"embeddable":true,"href":"https:\/\/www.momengames.com\/index.php\/wp-json\/wp\/v2\/comments?post=595"}],"wp:featuredmedia":[{"embeddable":true,"href":"https:\/\/www.momengames.com\/index.php\/wp-json\/wp\/v2\/media\/572"}],"wp:attachment":[{"href":"https:\/\/www.momengames.com\/index.php\/wp-json\/wp\/v2\/media?parent=595"}],"wp:term":[{"taxonomy":"product_brand","embeddable":true,"href":"https:\/\/www.momengames.com\/index.php\/wp-json\/wp\/v2\/product_brand?post=595"},{"taxonomy":"product_cat","embeddable":true,"href":"https:\/\/www.momengames.com\/index.php\/wp-json\/wp\/v2\/product_cat?post=595"},{"taxonomy":"product_tag","embeddable":true,"href":"https:\/\/www.momengames.com\/index.php\/wp-json\/wp\/v2\/product_tag?post=595"}],"curies":[{"name":"wp","href":"https:\/\/api.w.org\/{rel}","templated":true}]}}