{"id":594,"date":"2021-08-21T15:28:52","date_gmt":"2021-08-21T15:28:52","guid":{"rendered":"https:\/\/www.momengames.com\/index.php\/product\/12x25-compact-binoculars-with-clear-low-light-vision-large-eyepiece-waterproof-binocular-for-adults-kidshigh-power-easy-focus-binoculars-for-bird-watchingoutdoor-huntingtravelsightseeing\/"},"modified":"2024-09-13T08:24:50","modified_gmt":"2024-09-13T08:24:50","slug":"12x25-compact-binoculars-with-clear-low-light-vision-large-eyepiece-waterproof-binocular-for-adults-kidshigh-power-easy-focus-binoculars-for-bird-watchingoutdoor-huntingtravelsightseeing","status":"publish","type":"product","link":"https:\/\/www.momengames.com\/index.php\/product\/12x25-compact-binoculars-with-clear-low-light-vision-large-eyepiece-waterproof-binocular-for-adults-kidshigh-power-easy-focus-binoculars-for-bird-watchingoutdoor-huntingtravelsightseeing\/?lang=de","title":{"rendered":"12&#215;25 Kompakt-Fernglas mit klarer Sicht bei schwachem Licht, gro\u00dfes Okular, wasserdichtes Fernglas f\u00fcr Erwachsene, Kinder, Hochleistungs-Fernglas mit einfachem Fokus f\u00fcr die Vogelbeobachtung, Outdoor-Jagd, Reisen, Sightseeing"},"content":{"rendered":"<p>Feature: Eine echte Farbwiedergabe, keine Farbverzerrung unter der mehrfach beschichteten Linse. Dieses Fernglas kann f\u00fcr Nachtsicht mit etwas Licht verwendet werden, aber nicht f\u00fcr v\u00f6llig dunkle Nacht. Heller, keine Augenbelastung, mit einer hohen Transmission von 99%. Gro\u00dfes Okular, glatte Mitte und Fokusknopf f\u00fcr das rechte Auge erm\u00f6glichen eine einfache und dennoch pr\u00e4zise Fokuseinstellung. Zwei verstellbare drehbare Brillenokulare k\u00f6nnen die Sicht besser fokussieren und f\u00fcr den Brillentr\u00e4ger besser passen. Vielseitig einsetzbar bei Jagd, Wandern, Erkunden, Betrachten, Reisen, Vogelbeobachtung, Konzert, Oper, Fu\u00dfballspielen, Outdoor-Sport usw. Spezifikationen: Modell: 12&#215;25 Objektivdurchmesser: 25 mm Okulardurchmesser: 15 mm Nahe Brennweite: 5 m Austrittspupille : 20 mm Objektivbeschichtung: FMC-Breitband Fokussystem: Zentrum und rechtes Auge Prismasystem: BAK4 Prisma Bildwinkel: 7,5\u00b0 Sichtfeld: 273ft\/1000yds Gewicht des Fernglases: 0,65 Pfund Artikelabmessungen: 4,00x 4,40&#215;1 .90 Zoll Wasserdichtigkeit: Leben wasserdicht Lieferumfang: Fernglas * 1 Tragetasche * 1 Glasreinigungstuch * 1 rutschfestes Seil * 1<\/p>\n","protected":false},"excerpt":{"rendered":"<p>Feature: Eine echte Farbwiedergabe, keine Farbverzerrung unter der mehrfach beschichteten Linse. Dieses Fernglas kann f\u00fcr Nachtsicht mit etwas Licht verwendet werden, aber nicht f\u00fcr v\u00f6llig dunkle Nacht. Heller, keine Augenbelastung, mit einer hohen Transmission von 99%. Gro\u00dfes Okular, glatte Mitte und Fokusknopf f\u00fcr das rechte Auge erm\u00f6glichen eine einfache und dennoch pr\u00e4zise Fokuseinstellung. Zwei verstellbare drehbare Brillenokulare k\u00f6nnen die Sicht besser fokussieren und f\u00fcr den Brillentr\u00e4ger besser passen. Vielseitig einsetzbar bei Jagd, Wandern, Erkunden, Betrachten, Reisen, Vogelbeobachtung, Konzert, Oper, Fu\u00dfballspielen, Outdoor-Sport usw. Spezifikationen: Modell: 12&#215;25 Objektivdurchmesser: 25 mm Okulardurchmesser: 15 mm Nahe Brennweite: 5 m Austrittspupille : 20 mm Objektivbeschichtung: FMC-Breitband Fokussystem: Zentrum und rechtes Auge Prismasystem: BAK4 Prisma Bildwinkel: 7,5\u00b0 Sichtfeld: 273ft\/1000yds Gewicht des Fernglases: 0,65 Pfund Artikelabmessungen: 4,00x 4,40&#215;1 .90 Zoll Wasserdichtigkeit: Leben wasserdicht Lieferumfang: Fernglas * 1 Tragetasche * 1 Glasreinigungstuch * 1 rutschfestes Seil * 1<\/p>\n","protected":false},"featured_media":569,"comment_status":"open","ping_status":"closed","template":"","meta":{"iawp_total_views":0},"product_brand":[],"product_cat":[24],"product_tag":[],"class_list":{"0":"post-594","1":"product","2":"type-product","3":"status-publish","4":"has-post-thumbnail","6":"product_cat-electronics-accessories-de","8":"first","9":"instock","10":"taxable","11":"shipping-taxable","12":"purchasable","13":"product-type-simple"},"jetpack_sharing_enabled":true,"_links":{"self":[{"href":"https:\/\/www.momengames.com\/index.php\/wp-json\/wp\/v2\/product\/594","targetHints":{"allow":["GET"]}}],"collection":[{"href":"https:\/\/www.momengames.com\/index.php\/wp-json\/wp\/v2\/product"}],"about":[{"href":"https:\/\/www.momengames.com\/index.php\/wp-json\/wp\/v2\/types\/product"}],"replies":[{"embeddable":true,"href":"https:\/\/www.momengames.com\/index.php\/wp-json\/wp\/v2\/comments?post=594"}],"wp:featuredmedia":[{"embeddable":true,"href":"https:\/\/www.momengames.com\/index.php\/wp-json\/wp\/v2\/media\/569"}],"wp:attachment":[{"href":"https:\/\/www.momengames.com\/index.php\/wp-json\/wp\/v2\/media?parent=594"}],"wp:term":[{"taxonomy":"product_brand","embeddable":true,"href":"https:\/\/www.momengames.com\/index.php\/wp-json\/wp\/v2\/product_brand?post=594"},{"taxonomy":"product_cat","embeddable":true,"href":"https:\/\/www.momengames.com\/index.php\/wp-json\/wp\/v2\/product_cat?post=594"},{"taxonomy":"product_tag","embeddable":true,"href":"https:\/\/www.momengames.com\/index.php\/wp-json\/wp\/v2\/product_tag?post=594"}],"curies":[{"name":"wp","href":"https:\/\/api.w.org\/{rel}","templated":true}]}}