{"id":592,"date":"2021-08-18T15:07:18","date_gmt":"2021-08-18T15:07:18","guid":{"rendered":"https:\/\/www.momengames.com\/index.php\/product\/lc-e5-lc-e5e-charger-for-canon-lp-e5-battery-eos-1000deos-450deos-500deos-kiss-feos-kiss-x2-eos-kiss-x3-eos-rebel-t1ieos-rebel-xseos-rebel-xsi-camera\/"},"modified":"2024-09-13T08:24:41","modified_gmt":"2024-09-13T08:24:41","slug":"lc-e5-lc-e5e-charger-for-canon-lp-e5-battery-eos-1000deos-450deos-500deos-kiss-feos-kiss-x2-eos-kiss-x3-eos-rebel-t1ieos-rebel-xseos-rebel-xsi-camera","status":"publish","type":"product","link":"https:\/\/www.momengames.com\/index.php\/product\/lc-e5-lc-e5e-charger-for-canon-lp-e5-battery-eos-1000deos-450deos-500deos-kiss-feos-kiss-x2-eos-kiss-x3-eos-rebel-t1ieos-rebel-xseos-rebel-xsi-camera\/?lang=de","title":{"rendered":"LC-E5 LC-E5E Ladeger\u00e4t f\u00fcr Canon LP-E5 Akku EOS 1000D,EOS 450D,EOS 500D,EOS Kiss F,EOS Kiss X2 EOS Kiss X3 EOS Rebel T1i,EOS Rebel XS,EOS Rebel Xsi Kamera"},"content":{"rendered":"<p>Das Canon LC-E5 Akkuladeger\u00e4t kann einen LP-E5 Akku mit einer Ladezeit von ca. 120 Minuten laden. W\u00e4hrend des Betriebs f\u00fchrt das Ladeger\u00e4t eine Akkukapazit\u00e4tskalibrierung durch, sodass der verbleibende Akkuladestand bei Verwendung in Digitalkameras der EOS-Serie genau angezeigt werden kann.<\/p>\n","protected":false},"excerpt":{"rendered":"<p>Das Canon LC-E5 Akkuladeger\u00e4t kann einen LP-E5 Akku mit einer Ladezeit von ca. 120 Minuten laden. W\u00e4hrend des Betriebs f\u00fchrt das Ladeger\u00e4t eine Akkukapazit\u00e4tskalibrierung durch, sodass der verbleibende Akkuladestand bei Verwendung in Digitalkameras der EOS-Serie genau angezeigt werden kann.<\/p>\n","protected":false},"featured_media":561,"comment_status":"open","ping_status":"closed","template":"","meta":{"iawp_total_views":3},"product_brand":[],"product_cat":[24],"product_tag":[],"class_list":{"0":"post-592","1":"product","2":"type-product","3":"status-publish","4":"has-post-thumbnail","6":"product_cat-electronics-accessories-de","8":"first","9":"instock","10":"taxable","11":"shipping-taxable","12":"purchasable","13":"product-type-simple"},"jetpack_sharing_enabled":true,"_links":{"self":[{"href":"https:\/\/www.momengames.com\/index.php\/wp-json\/wp\/v2\/product\/592","targetHints":{"allow":["GET"]}}],"collection":[{"href":"https:\/\/www.momengames.com\/index.php\/wp-json\/wp\/v2\/product"}],"about":[{"href":"https:\/\/www.momengames.com\/index.php\/wp-json\/wp\/v2\/types\/product"}],"replies":[{"embeddable":true,"href":"https:\/\/www.momengames.com\/index.php\/wp-json\/wp\/v2\/comments?post=592"}],"wp:featuredmedia":[{"embeddable":true,"href":"https:\/\/www.momengames.com\/index.php\/wp-json\/wp\/v2\/media\/561"}],"wp:attachment":[{"href":"https:\/\/www.momengames.com\/index.php\/wp-json\/wp\/v2\/media?parent=592"}],"wp:term":[{"taxonomy":"product_brand","embeddable":true,"href":"https:\/\/www.momengames.com\/index.php\/wp-json\/wp\/v2\/product_brand?post=592"},{"taxonomy":"product_cat","embeddable":true,"href":"https:\/\/www.momengames.com\/index.php\/wp-json\/wp\/v2\/product_cat?post=592"},{"taxonomy":"product_tag","embeddable":true,"href":"https:\/\/www.momengames.com\/index.php\/wp-json\/wp\/v2\/product_tag?post=592"}],"curies":[{"name":"wp","href":"https:\/\/api.w.org\/{rel}","templated":true}]}}