{"id":591,"date":"2021-08-18T15:02:50","date_gmt":"2021-08-18T15:02:50","guid":{"rendered":"https:\/\/www.momengames.com\/index.php\/product\/canon-lc-e6-battery-charger-for-canon-eos-5d-mark-ii-7d-60d-digital-slr\/"},"modified":"2024-09-13T08:24:19","modified_gmt":"2024-09-13T08:24:19","slug":"canon-lc-e6-battery-charger-for-canon-eos-5d-mark-ii-7d-60d-digital-slr","status":"publish","type":"product","link":"https:\/\/www.momengames.com\/index.php\/product\/canon-lc-e6-battery-charger-for-canon-eos-5d-mark-ii-7d-60d-digital-slr\/?lang=de","title":{"rendered":"Canon LC-E6 Akkuladeger\u00e4t f\u00fcr Canon EOS 5D Mark II, 7D &#038; 60D Digital SLR"},"content":{"rendered":"<p>Das Canon LC-E6-Akkuladeger\u00e4t ist f\u00fcr die Verwendung mit dem LP-E6-Akkupack konzipiert, der die digitalen SLR-Kameras Canon EOS 5D Mark II, 5D Mark III, 7D und 60D mit Strom versorgt. Dieses Ger\u00e4t kann zum Aufladen eines Akkus f\u00fcr diese Kameras an einer Standardsteckdose verwendet werden. Es wird mit 100-240VAC betrieben.<\/p>\n","protected":false},"excerpt":{"rendered":"<p>Das Canon LC-E6-Akkuladeger\u00e4t ist f\u00fcr die Verwendung mit dem LP-E6-Akkupack konzipiert, der die digitalen SLR-Kameras Canon EOS 5D Mark II, 5D Mark III, 7D und 60D mit Strom versorgt. Dieses Ger\u00e4t kann zum Aufladen eines Akkus f\u00fcr diese Kameras an einer Standardsteckdose verwendet werden. Es wird mit 100-240VAC betrieben.<\/p>\n","protected":false},"featured_media":558,"comment_status":"open","ping_status":"closed","template":"","meta":{"iawp_total_views":1},"product_brand":[],"product_cat":[24],"product_tag":[],"class_list":{"0":"post-591","1":"product","2":"type-product","3":"status-publish","4":"has-post-thumbnail","6":"product_cat-electronics-accessories-de","8":"first","9":"instock","10":"taxable","11":"shipping-taxable","12":"purchasable","13":"product-type-simple"},"jetpack_sharing_enabled":true,"_links":{"self":[{"href":"https:\/\/www.momengames.com\/index.php\/wp-json\/wp\/v2\/product\/591","targetHints":{"allow":["GET"]}}],"collection":[{"href":"https:\/\/www.momengames.com\/index.php\/wp-json\/wp\/v2\/product"}],"about":[{"href":"https:\/\/www.momengames.com\/index.php\/wp-json\/wp\/v2\/types\/product"}],"replies":[{"embeddable":true,"href":"https:\/\/www.momengames.com\/index.php\/wp-json\/wp\/v2\/comments?post=591"}],"wp:featuredmedia":[{"embeddable":true,"href":"https:\/\/www.momengames.com\/index.php\/wp-json\/wp\/v2\/media\/558"}],"wp:attachment":[{"href":"https:\/\/www.momengames.com\/index.php\/wp-json\/wp\/v2\/media?parent=591"}],"wp:term":[{"taxonomy":"product_brand","embeddable":true,"href":"https:\/\/www.momengames.com\/index.php\/wp-json\/wp\/v2\/product_brand?post=591"},{"taxonomy":"product_cat","embeddable":true,"href":"https:\/\/www.momengames.com\/index.php\/wp-json\/wp\/v2\/product_cat?post=591"},{"taxonomy":"product_tag","embeddable":true,"href":"https:\/\/www.momengames.com\/index.php\/wp-json\/wp\/v2\/product_tag?post=591"}],"curies":[{"name":"wp","href":"https:\/\/api.w.org\/{rel}","templated":true}]}}