{"id":590,"date":"2021-08-18T15:00:28","date_gmt":"2021-08-18T15:00:28","guid":{"rendered":"https:\/\/www.momengames.com\/index.php\/product\/lc-e12-charger-for-canon-lp-e12-battery-eos-m-m2-m10-m50-m100-100d-rebel-sl1-kiss-x7-camera\/"},"modified":"2024-09-13T08:24:14","modified_gmt":"2024-09-13T08:24:14","slug":"lc-e12-charger-for-canon-lp-e12-battery-eos-m-m2-m10-m50-m100-100d-rebel-sl1-kiss-x7-camera","status":"publish","type":"product","link":"https:\/\/www.momengames.com\/index.php\/product\/lc-e12-charger-for-canon-lp-e12-battery-eos-m-m2-m10-m50-m100-100d-rebel-sl1-kiss-x7-camera\/?lang=de","title":{"rendered":"LC-E12 Ladeger\u00e4t f\u00fcr Canon LP-E12 Akku EOS M M2 M10 M50 M100 100D Rebel SL1 Kiss X7 Kamera"},"content":{"rendered":"<p>Das Canon Akkuladeger\u00e4t LC-E12 f\u00fcr Akku LP-E12 l\u00e4dt den Akku LP-E12 auf, der die spiegellose Digitalkamera Canon EOS-M mit Strom versorgt. Es verf\u00fcgt \u00fcber 2 Kontrollleuchten: Eine leuchtet, w\u00e4hrend der Akku geladen wird, und eine, die leuchtet, wenn der Akku vollst\u00e4ndig aufgeladen ist. Dieses Ladeger\u00e4t ist im Lieferumfang der EOS-M Kamera enthalten und wird hier als Ersatz- oder Ersatzteil angeboten.<\/p>\n","protected":false},"excerpt":{"rendered":"<p>Das Canon Akkuladeger\u00e4t LC-E12 f\u00fcr Akku LP-E12 l\u00e4dt den Akku LP-E12 auf, der die spiegellose Digitalkamera Canon EOS-M mit Strom versorgt. Es verf\u00fcgt \u00fcber 2 Kontrollleuchten: Eine leuchtet, w\u00e4hrend der Akku geladen wird, und eine, die leuchtet, wenn der Akku vollst\u00e4ndig aufgeladen ist. Dieses Ladeger\u00e4t ist im Lieferumfang der EOS-M Kamera enthalten und wird hier als Ersatz- oder Ersatzteil angeboten.<\/p>\n","protected":false},"featured_media":555,"comment_status":"open","ping_status":"closed","template":"","meta":{"iawp_total_views":3},"product_brand":[],"product_cat":[24],"product_tag":[],"class_list":{"0":"post-590","1":"product","2":"type-product","3":"status-publish","4":"has-post-thumbnail","6":"product_cat-electronics-accessories-de","8":"first","9":"instock","10":"taxable","11":"shipping-taxable","12":"purchasable","13":"product-type-simple"},"jetpack_sharing_enabled":true,"_links":{"self":[{"href":"https:\/\/www.momengames.com\/index.php\/wp-json\/wp\/v2\/product\/590","targetHints":{"allow":["GET"]}}],"collection":[{"href":"https:\/\/www.momengames.com\/index.php\/wp-json\/wp\/v2\/product"}],"about":[{"href":"https:\/\/www.momengames.com\/index.php\/wp-json\/wp\/v2\/types\/product"}],"replies":[{"embeddable":true,"href":"https:\/\/www.momengames.com\/index.php\/wp-json\/wp\/v2\/comments?post=590"}],"wp:featuredmedia":[{"embeddable":true,"href":"https:\/\/www.momengames.com\/index.php\/wp-json\/wp\/v2\/media\/555"}],"wp:attachment":[{"href":"https:\/\/www.momengames.com\/index.php\/wp-json\/wp\/v2\/media?parent=590"}],"wp:term":[{"taxonomy":"product_brand","embeddable":true,"href":"https:\/\/www.momengames.com\/index.php\/wp-json\/wp\/v2\/product_brand?post=590"},{"taxonomy":"product_cat","embeddable":true,"href":"https:\/\/www.momengames.com\/index.php\/wp-json\/wp\/v2\/product_cat?post=590"},{"taxonomy":"product_tag","embeddable":true,"href":"https:\/\/www.momengames.com\/index.php\/wp-json\/wp\/v2\/product_tag?post=590"}],"curies":[{"name":"wp","href":"https:\/\/api.w.org\/{rel}","templated":true}]}}