{"id":589,"date":"2021-08-18T14:57:39","date_gmt":"2021-08-18T14:57:39","guid":{"rendered":"https:\/\/www.momengames.com\/index.php\/product\/quick-charger-lc-e10-lc-e10e-for-canon-eos-1300d-kiss-x50-x70-x80-rebel-t3-t5-t6-t7-dslr\/"},"modified":"2024-09-13T08:24:10","modified_gmt":"2024-09-13T08:24:10","slug":"quick-charger-lc-e10-lc-e10e-for-canon-eos-1300d-kiss-x50-x70-x80-rebel-t3-t5-t6-t7-dslr","status":"publish","type":"product","link":"https:\/\/www.momengames.com\/index.php\/product\/quick-charger-lc-e10-lc-e10e-for-canon-eos-1300d-kiss-x50-x70-x80-rebel-t3-t5-t6-t7-dslr\/?lang=de","title":{"rendered":"Schnellladeger\u00e4t LC-E10 LC-E10E f\u00fcr Canon EOS 1300D Kiss X50 X70 X80 Rebel T3 T5 T6 T7 DSLR"},"content":{"rendered":"<p>Das Canon LC-E10-Akkuladeger\u00e4t f\u00fcr EOS Rebel T3 und EOS Rebel T5 ist ein Ersatz-Akkuladeger\u00e4t f\u00fcr das Ger\u00e4t, das mit den Kameras EOS Rebel T3, T5, T6 und T7 geliefert wird. Der LC-E10 l\u00e4dt den mit der Kamera gelieferten LP-E10 Li-Ion-Akku.<\/p>\n","protected":false},"excerpt":{"rendered":"<p>Das Canon LC-E10-Akkuladeger\u00e4t f\u00fcr EOS Rebel T3 und EOS Rebel T5 ist ein Ersatz-Akkuladeger\u00e4t f\u00fcr das Ger\u00e4t, das mit den Kameras EOS Rebel T3, T5, T6 und T7 geliefert wird. Der LC-E10 l\u00e4dt den mit der Kamera gelieferten LP-E10 Li-Ion-Akku.<\/p>\n","protected":false},"featured_media":552,"comment_status":"open","ping_status":"closed","template":"","meta":{"iawp_total_views":38},"product_brand":[],"product_cat":[24],"product_tag":[],"class_list":{"0":"post-589","1":"product","2":"type-product","3":"status-publish","4":"has-post-thumbnail","6":"product_cat-electronics-accessories-de","8":"first","9":"instock","10":"taxable","11":"shipping-taxable","12":"purchasable","13":"product-type-simple"},"jetpack_sharing_enabled":true,"_links":{"self":[{"href":"https:\/\/www.momengames.com\/index.php\/wp-json\/wp\/v2\/product\/589","targetHints":{"allow":["GET"]}}],"collection":[{"href":"https:\/\/www.momengames.com\/index.php\/wp-json\/wp\/v2\/product"}],"about":[{"href":"https:\/\/www.momengames.com\/index.php\/wp-json\/wp\/v2\/types\/product"}],"replies":[{"embeddable":true,"href":"https:\/\/www.momengames.com\/index.php\/wp-json\/wp\/v2\/comments?post=589"}],"wp:featuredmedia":[{"embeddable":true,"href":"https:\/\/www.momengames.com\/index.php\/wp-json\/wp\/v2\/media\/552"}],"wp:attachment":[{"href":"https:\/\/www.momengames.com\/index.php\/wp-json\/wp\/v2\/media?parent=589"}],"wp:term":[{"taxonomy":"product_brand","embeddable":true,"href":"https:\/\/www.momengames.com\/index.php\/wp-json\/wp\/v2\/product_brand?post=589"},{"taxonomy":"product_cat","embeddable":true,"href":"https:\/\/www.momengames.com\/index.php\/wp-json\/wp\/v2\/product_cat?post=589"},{"taxonomy":"product_tag","embeddable":true,"href":"https:\/\/www.momengames.com\/index.php\/wp-json\/wp\/v2\/product_tag?post=589"}],"curies":[{"name":"wp","href":"https:\/\/api.w.org\/{rel}","templated":true}]}}