{"id":38168,"date":"2026-02-26T01:53:08","date_gmt":"2026-02-26T01:53:08","guid":{"rendered":"https:\/\/www.momengames.com\/index.php\/product\/reconditionne-playstation-sony-manette-5-officielle-dualsense-sans-fil-batterie-rechargeable-bluetooth-compatible-avec-ps5-et-pc-couleur-cosmic-red\/"},"modified":"2026-02-26T01:53:08","modified_gmt":"2026-02-26T01:53:08","slug":"reconditionne-playstation-sony-manette-5-officielle-dualsense-sans-fil-batterie-rechargeable-bluetooth-compatible-avec-ps5-et-pc-couleur-cosmic-red","status":"publish","type":"product","link":"https:\/\/www.momengames.com\/index.php\/product\/reconditionne-playstation-sony-manette-5-officielle-dualsense-sans-fil-batterie-rechargeable-bluetooth-compatible-avec-ps5-et-pc-couleur-cosmic-red\/?lang=fr","title":{"rendered":"Reconditionn\u00e9 Playstation Sony, Manette 5 officielle DualSense, Sans fil, Batterie rechargeable, Bluetooth, Compatible avec PS5 et PC, Couleur : Cosmic Red"},"content":{"rendered":"<ul class=\"a-unordered-list a-vertical a-spacing-mini\">\n<li class=\"a-spacing-mini\"><span class=\"a-list-item\">Manette sans fil DualSense pour PS5, Pour une exp\u00e9rience de gaming plus intense et innovante, Compatible avec PC via une connexion filaire en USB<\/span><\/li>\n<li class=\"a-spacing-mini\"><span class=\"a-list-item\">Caract\u00e9ristiques : Haut-parleur et microphone int\u00e9gr\u00e9s, Prise casque, D\u00e9tection de mouvement 6 axes, Port USB-C, Retour haptique<\/span><\/li>\n<li class=\"a-spacing-mini\"><span class=\"a-list-item\">Technologie Create : production et partage du contenu vid\u00e9oludique avec les autres joueurs, Gachettes adaptatives pour une exp\u00e9rience immersive<\/span><\/li>\n<li class=\"a-spacing-mini\"><span class=\"a-list-item\">Batterie rechargeable int\u00e9gr\u00e9e, possibilit\u00e9 de jouer et de recharger la batterie simultan\u00e9ment<\/span><\/li>\n<\/ul>\n","protected":false},"excerpt":{"rendered":"<ul class=\"a-unordered-list a-vertical a-spacing-mini\">\n<li class=\"a-spacing-mini\"><span class=\"a-list-item\">Manette sans fil DualSense pour PS5, Pour une exp\u00e9rience de gaming plus intense et innovante, Compatible avec PC via une connexion filaire en USB<\/span><\/li>\n<li class=\"a-spacing-mini\"><span class=\"a-list-item\">Caract\u00e9ristiques : Haut-parleur et microphone int\u00e9gr\u00e9s, Prise casque, D\u00e9tection de mouvement 6 axes, Port USB-C, Retour haptique<\/span><\/li>\n<li class=\"a-spacing-mini\"><span class=\"a-list-item\">Technologie Create : production et partage du contenu vid\u00e9oludique avec les autres joueurs, Gachettes adaptatives pour une exp\u00e9rience immersive<\/span><\/li>\n<li class=\"a-spacing-mini\"><span class=\"a-list-item\">Batterie rechargeable int\u00e9gr\u00e9e, possibilit\u00e9 de jouer et de recharger la batterie simultan\u00e9ment<\/span><\/li>\n<\/ul>\n","protected":false},"featured_media":38160,"comment_status":"open","ping_status":"closed","template":"","meta":{"iawp_total_views":20},"product_brand":[],"product_cat":[40],"product_tag":[],"class_list":{"0":"post-38168","1":"product","2":"type-product","3":"status-publish","4":"has-post-thumbnail","6":"product_cat-pc-gamepads-standard-controllers-fr","8":"first","9":"instock","10":"sale","11":"taxable","12":"shipping-taxable","13":"purchasable","14":"product-type-simple"},"jetpack_sharing_enabled":true,"_links":{"self":[{"href":"https:\/\/www.momengames.com\/index.php\/wp-json\/wp\/v2\/product\/38168","targetHints":{"allow":["GET"]}}],"collection":[{"href":"https:\/\/www.momengames.com\/index.php\/wp-json\/wp\/v2\/product"}],"about":[{"href":"https:\/\/www.momengames.com\/index.php\/wp-json\/wp\/v2\/types\/product"}],"replies":[{"embeddable":true,"href":"https:\/\/www.momengames.com\/index.php\/wp-json\/wp\/v2\/comments?post=38168"}],"wp:featuredmedia":[{"embeddable":true,"href":"https:\/\/www.momengames.com\/index.php\/wp-json\/wp\/v2\/media\/38160"}],"wp:attachment":[{"href":"https:\/\/www.momengames.com\/index.php\/wp-json\/wp\/v2\/media?parent=38168"}],"wp:term":[{"taxonomy":"product_brand","embeddable":true,"href":"https:\/\/www.momengames.com\/index.php\/wp-json\/wp\/v2\/product_brand?post=38168"},{"taxonomy":"product_cat","embeddable":true,"href":"https:\/\/www.momengames.com\/index.php\/wp-json\/wp\/v2\/product_cat?post=38168"},{"taxonomy":"product_tag","embeddable":true,"href":"https:\/\/www.momengames.com\/index.php\/wp-json\/wp\/v2\/product_tag?post=38168"}],"curies":[{"name":"wp","href":"https:\/\/api.w.org\/{rel}","templated":true}]}}