{"id":35459,"date":"2025-10-15T13:22:19","date_gmt":"2025-10-15T13:22:19","guid":{"rendered":"https:\/\/www.momengames.com\/index.php\/product\/casque-gaming-multi-systeme-steelseries-arctis-nova-1-transducteurs-haute-fidelite-audio-spatial-360-design-confortable-robuste-ultra-leger\/"},"modified":"2025-10-15T13:22:19","modified_gmt":"2025-10-15T13:22:19","slug":"casque-gaming-multi-systeme-steelseries-arctis-nova-1-transducteurs-haute-fidelite-audio-spatial-360-design-confortable-robuste-ultra-leger","status":"publish","type":"product","link":"https:\/\/www.momengames.com\/index.php\/product\/casque-gaming-multi-systeme-steelseries-arctis-nova-1-transducteurs-haute-fidelite-audio-spatial-360-design-confortable-robuste-ultra-leger\/?lang=fr","title":{"rendered":"Casque gaming multi-syst\u00e8me SteelSeries Arctis Nova 1 \u2014 Transducteurs haute fid\u00e9lit\u00e9 \u2014 Audio spatial 360\u00b0 \u2014 Design confortable \u2014 Robuste \u2014 Ultra l\u00e9ger \u2014 Micro antibruit \u2014 PC, PS5\/PS4, Switch, Xbox &#8211; Blanc"},"content":{"rendered":"<p>L&#8217;audio puissant n&#8217;a jamais \u00e9t\u00e9 aussi accessible. L&#8217;Arctis Nova 1 allie mat\u00e9riel et logiciel pour une qualit\u00e9 sonore sup\u00e9rieure gr\u00e2ce \u00e0 ses transducteurs haute fid\u00e9lit\u00e9, son spatial immersif \u00e0 360\u00b0 et son \u00e9galiseur param\u00e9trique 10 bandes pour une personnalisation optimale. Profitez d&#8217;un micro antibruit sur n&#8217;importe quelle plateforme gr\u00e2ce \u00e0 un casque l\u00e9ger, confortable et r\u00e9glable.<\/p>\n<p>Audio puissant \u2014 Le syst\u00e8me acoustique Nova, con\u00e7u sur mesure, offre un son de pointe pour le jeu gr\u00e2ce \u00e0 ses transducteurs haute fid\u00e9lit\u00e9. Personnalisez votre exp\u00e9rience sonore id\u00e9ale gr\u00e2ce \u00e0 un \u00e9galiseur param\u00e9trique professionnel, une premi\u00e8re dans le domaine du jeu.<br \/>\nAudio spatial \u00e0 360\u00b0 \u2014 Le son surround immersif vous transporte dans l&#8217;univers du jeu, vous permettant d&#8217;entendre chaque pas, rechargement ou signal vocal important pour un avantage d\u00e9cisif. *Enti\u00e8rement compatible avec Tempest 3D Audio pour PS5 \/ Microsoft Spatial Sound.<br \/>\nAjustable pour un ajustement parfait \u2014 Le syst\u00e8me ComfortMAX comprend des \u00e9couteurs rotatifs r\u00e9glables en hauteur avec coussin \u00e0 m\u00e9moire de forme AirWeave et une bande extensible. La l\u00e9g\u00e8ret\u00e9 du casque vous assure un confort optimal, quelle que soit la dur\u00e9e de votre jeu.<\/p>\n<p>Microphone antibruit optimis\u00e9 par l&#8217;IA \u2014 Supprimez les bruits de fond de votre microphone et de vos conversations d&#8217;\u00e9quipe gr\u00e2ce aux puissants algorithmes d&#8217;IA de Sonar Software (t\u00e9l\u00e9chargement gratuit).<\/p>\n<p>Compatibilit\u00e9 multiplateforme \u2014 Connectez-vous facilement \u00e0 n&#8217;importe quelle console de jeu dot\u00e9e d&#8217;une prise jack 3,5 mm, comme un PC, un Mac, une PlayStation, une Xbox ou une Switch. Fonctionne \u00e9galement parfaitement avec les appareils mobiles.<\/p>\n<p>R\u00e9glages faciles \u2014 Les commandes int\u00e9gr\u00e9es permettent un r\u00e9glage pratique du volume et la d\u00e9sactivation du son sur le casque.<\/p>\n","protected":false},"excerpt":{"rendered":"<p>L&#8217;audio puissant n&#8217;a jamais \u00e9t\u00e9 aussi accessible. L&#8217;Arctis Nova 1 allie mat\u00e9riel et logiciel pour une qualit\u00e9 sonore sup\u00e9rieure gr\u00e2ce \u00e0 ses transducteurs haute fid\u00e9lit\u00e9, son spatial immersif \u00e0 360\u00b0 et son \u00e9galiseur param\u00e9trique 10 bandes pour une personnalisation optimale. Profitez d&#8217;un micro antibruit sur n&#8217;importe quelle plateforme gr\u00e2ce \u00e0 un casque l\u00e9ger, confortable et r\u00e9glable.<\/p>\n<p>Audio puissant \u2014 Le syst\u00e8me acoustique Nova, con\u00e7u sur mesure, offre un son de pointe pour le jeu gr\u00e2ce \u00e0 ses transducteurs haute fid\u00e9lit\u00e9. Personnalisez votre exp\u00e9rience sonore id\u00e9ale gr\u00e2ce \u00e0 un \u00e9galiseur param\u00e9trique professionnel, une premi\u00e8re dans le domaine du jeu.<br \/>\nAudio spatial \u00e0 360\u00b0 \u2014 Le son surround immersif vous transporte dans l&#8217;univers du jeu, vous permettant d&#8217;entendre chaque pas, rechargement ou signal vocal important pour un avantage d\u00e9cisif. *Enti\u00e8rement compatible avec Tempest 3D Audio pour PS5 \/ Microsoft Spatial Sound.<br \/>\nAjustable pour un ajustement parfait \u2014 Le syst\u00e8me ComfortMAX comprend des \u00e9couteurs rotatifs r\u00e9glables en hauteur avec coussin \u00e0 m\u00e9moire de forme AirWeave et une bande extensible. La l\u00e9g\u00e8ret\u00e9 du casque vous assure un confort optimal, quelle que soit la dur\u00e9e de votre jeu.<\/p>\n<p>Microphone antibruit optimis\u00e9 par l&#8217;IA \u2014 Supprimez les bruits de fond de votre microphone et de vos conversations d&#8217;\u00e9quipe gr\u00e2ce aux puissants algorithmes d&#8217;IA de Sonar Software (t\u00e9l\u00e9chargement gratuit).<\/p>\n<p>Compatibilit\u00e9 multiplateforme \u2014 Connectez-vous facilement \u00e0 n&#8217;importe quelle console de jeu dot\u00e9e d&#8217;une prise jack 3,5 mm, comme un PC, un Mac, une PlayStation, une Xbox ou une Switch. Fonctionne \u00e9galement parfaitement avec les appareils mobiles.<\/p>\n<p>R\u00e9glages faciles \u2014 Les commandes int\u00e9gr\u00e9es permettent un r\u00e9glage pratique du volume et la d\u00e9sactivation du son sur le casque.<\/p>\n","protected":false},"featured_media":35400,"comment_status":"open","ping_status":"closed","template":"","meta":{"iawp_total_views":1},"product_brand":[58],"product_cat":[15],"product_tag":[],"class_list":{"0":"post-35459","1":"product","2":"type-product","3":"status-publish","4":"has-post-thumbnail","6":"product_brand-steelseries","7":"product_cat-electronics-accessories","9":"first","10":"instock","11":"taxable","12":"shipping-taxable","13":"purchasable","14":"product-type-simple"},"jetpack_sharing_enabled":true,"_links":{"self":[{"href":"https:\/\/www.momengames.com\/index.php\/wp-json\/wp\/v2\/product\/35459","targetHints":{"allow":["GET"]}}],"collection":[{"href":"https:\/\/www.momengames.com\/index.php\/wp-json\/wp\/v2\/product"}],"about":[{"href":"https:\/\/www.momengames.com\/index.php\/wp-json\/wp\/v2\/types\/product"}],"replies":[{"embeddable":true,"href":"https:\/\/www.momengames.com\/index.php\/wp-json\/wp\/v2\/comments?post=35459"}],"wp:featuredmedia":[{"embeddable":true,"href":"https:\/\/www.momengames.com\/index.php\/wp-json\/wp\/v2\/media\/35400"}],"wp:attachment":[{"href":"https:\/\/www.momengames.com\/index.php\/wp-json\/wp\/v2\/media?parent=35459"}],"wp:term":[{"taxonomy":"product_brand","embeddable":true,"href":"https:\/\/www.momengames.com\/index.php\/wp-json\/wp\/v2\/product_brand?post=35459"},{"taxonomy":"product_cat","embeddable":true,"href":"https:\/\/www.momengames.com\/index.php\/wp-json\/wp\/v2\/product_cat?post=35459"},{"taxonomy":"product_tag","embeddable":true,"href":"https:\/\/www.momengames.com\/index.php\/wp-json\/wp\/v2\/product_tag?post=35459"}],"curies":[{"name":"wp","href":"https:\/\/api.w.org\/{rel}","templated":true}]}}