{"id":35458,"date":"2025-10-15T13:31:04","date_gmt":"2025-10-15T13:31:04","guid":{"rendered":"https:\/\/www.momengames.com\/index.php\/product\/steelseries-arctis-3-casque-gaming-multiplateforme-pour-pc-playstation-5-xbox-one-nintendo-switch-noir\/"},"modified":"2025-10-15T13:31:04","modified_gmt":"2025-10-15T13:31:04","slug":"steelseries-arctis-3-casque-gaming-multiplateforme-pour-pc-playstation-5-xbox-one-nintendo-switch-noir","status":"publish","type":"product","link":"https:\/\/www.momengames.com\/index.php\/product\/steelseries-arctis-3-casque-gaming-multiplateforme-pour-pc-playstation-5-xbox-one-nintendo-switch-noir\/?lang=fr","title":{"rendered":"SteelSeries Arctis 3 &#8211; Casque gaming multiplateforme &#8211; pour PC, PlayStation 5, Xbox One, Nintendo Switch &#8211; Noir"},"content":{"rendered":"<p>Arctic remet en question toutes vos connaissances en mati\u00e8re de casques gaming avec un son enti\u00e8rement repens\u00e9, un nouveau design de micro offrant une clart\u00e9 in\u00e9gal\u00e9e et un confort am\u00e9lior\u00e9 gr\u00e2ce \u00e0 des mat\u00e9riaux inspir\u00e9s des v\u00eatements de sport. L&#8217;Arctic 3 offre des performances et un style purs, sans compromis.<\/p>\n<p>Pour une compatibilit\u00e9 optimale avec la PS5, il suffit de modifier les param\u00e8tres de la Sony PS5\u00a0: d\u00e9sactivez l&#8217;audio 3D Sony, puis augmentez le volume par d\u00e9faut \u00e0 100\u00a0%.<\/p>\n<p>Con\u00e7u pour jouer partout, avec un son, un confort et un style sup\u00e9rieurs sur toutes les plateformes de jeu, y compris PC, PlayStation, Xbox One et Nintendo Switch, gr\u00e2ce \u00e0 des c\u00e2bles d\u00e9tachables de 3,5\u00a0mm.<\/p>\n<p>Largement reconnu comme le meilleur micro gaming, le microphone Clear Cast certifi\u00e9 Discord offre une clart\u00e9 vocale de qualit\u00e9 studio et une suppression du bruit de fond.<\/p>\n<p>Le son est votre avantage concurrentiel gr\u00e2ce aux haut-parleurs S1, con\u00e7us pour produire un son \u00e0 tr\u00e8s faible distorsion afin que vous entendiez chaque d\u00e9tail.<\/p>\n<p>Jouez toute la journ\u00e9e avec des coussinets d&#8217;oreille en tissu Air Weave haute performance, inspir\u00e9s des v\u00eatements de sport, qui gardent vos oreilles au frais et au sec.<\/p>\n<p>Windows Sonic Spatial Audio enti\u00e8rement compatible avec le son surround natif int\u00e9gr\u00e9 aux PC Windows 10 et aux consoles Xbox One\u00a0; Sensibilit\u00e9 du casque : 98 dB.<\/p>\n","protected":false},"excerpt":{"rendered":"<p>Arctic remet en question toutes vos connaissances en mati\u00e8re de casques gaming avec un son enti\u00e8rement repens\u00e9, un nouveau design de micro offrant une clart\u00e9 in\u00e9gal\u00e9e et un confort am\u00e9lior\u00e9 gr\u00e2ce \u00e0 des mat\u00e9riaux inspir\u00e9s des v\u00eatements de sport. L&#8217;Arctic 3 offre des performances et un style purs, sans compromis.<\/p>\n<p>Pour une compatibilit\u00e9 optimale avec la PS5, il suffit de modifier les param\u00e8tres de la Sony PS5\u00a0: d\u00e9sactivez l&#8217;audio 3D Sony, puis augmentez le volume par d\u00e9faut \u00e0 100\u00a0%.<\/p>\n<p>Con\u00e7u pour jouer partout, avec un son, un confort et un style sup\u00e9rieurs sur toutes les plateformes de jeu, y compris PC, PlayStation, Xbox One et Nintendo Switch, gr\u00e2ce \u00e0 des c\u00e2bles d\u00e9tachables de 3,5\u00a0mm.<\/p>\n<p>Largement reconnu comme le meilleur micro gaming, le microphone Clear Cast certifi\u00e9 Discord offre une clart\u00e9 vocale de qualit\u00e9 studio et une suppression du bruit de fond.<\/p>\n<p>Le son est votre avantage concurrentiel gr\u00e2ce aux haut-parleurs S1, con\u00e7us pour produire un son \u00e0 tr\u00e8s faible distorsion afin que vous entendiez chaque d\u00e9tail.<\/p>\n<p>Jouez toute la journ\u00e9e avec des coussinets d&#8217;oreille en tissu Air Weave haute performance, inspir\u00e9s des v\u00eatements de sport, qui gardent vos oreilles au frais et au sec.<\/p>\n<p>Windows Sonic Spatial Audio enti\u00e8rement compatible avec le son surround natif int\u00e9gr\u00e9 aux PC Windows 10 et aux consoles Xbox One\u00a0; Sensibilit\u00e9 du casque : 98 dB.<\/p>\n","protected":false},"featured_media":35404,"comment_status":"open","ping_status":"closed","template":"","meta":{"iawp_total_views":0},"product_brand":[58],"product_cat":[15],"product_tag":[],"class_list":{"0":"post-35458","1":"product","2":"type-product","3":"status-publish","4":"has-post-thumbnail","6":"product_brand-steelseries","7":"product_cat-electronics-accessories","9":"first","10":"instock","11":"taxable","12":"shipping-taxable","13":"purchasable","14":"product-type-simple"},"jetpack_sharing_enabled":true,"_links":{"self":[{"href":"https:\/\/www.momengames.com\/index.php\/wp-json\/wp\/v2\/product\/35458","targetHints":{"allow":["GET"]}}],"collection":[{"href":"https:\/\/www.momengames.com\/index.php\/wp-json\/wp\/v2\/product"}],"about":[{"href":"https:\/\/www.momengames.com\/index.php\/wp-json\/wp\/v2\/types\/product"}],"replies":[{"embeddable":true,"href":"https:\/\/www.momengames.com\/index.php\/wp-json\/wp\/v2\/comments?post=35458"}],"wp:featuredmedia":[{"embeddable":true,"href":"https:\/\/www.momengames.com\/index.php\/wp-json\/wp\/v2\/media\/35404"}],"wp:attachment":[{"href":"https:\/\/www.momengames.com\/index.php\/wp-json\/wp\/v2\/media?parent=35458"}],"wp:term":[{"taxonomy":"product_brand","embeddable":true,"href":"https:\/\/www.momengames.com\/index.php\/wp-json\/wp\/v2\/product_brand?post=35458"},{"taxonomy":"product_cat","embeddable":true,"href":"https:\/\/www.momengames.com\/index.php\/wp-json\/wp\/v2\/product_cat?post=35458"},{"taxonomy":"product_tag","embeddable":true,"href":"https:\/\/www.momengames.com\/index.php\/wp-json\/wp\/v2\/product_tag?post=35458"}],"curies":[{"name":"wp","href":"https:\/\/api.w.org\/{rel}","templated":true}]}}