{"id":35457,"date":"2025-10-15T13:38:34","date_gmt":"2025-10-15T13:38:34","guid":{"rendered":"https:\/\/www.momengames.com\/index.php\/product\/casque-de-jeu-multiplateforme-sans-fil-steelseries-arctis-nova-7-transducteurs-magnetiques-en-neodyme-bluetooth-24-ghz-et-mixte-batterie-usb-c-38-h-micro-clear\/"},"modified":"2025-10-15T13:38:34","modified_gmt":"2025-10-15T13:38:34","slug":"casque-de-jeu-multiplateforme-sans-fil-steelseries-arctis-nova-7-transducteurs-magnetiques-en-neodyme-bluetooth-24-ghz-et-mixte-batterie-usb-c-38-h-micro-clear","status":"publish","type":"product","link":"https:\/\/www.momengames.com\/index.php\/product\/casque-de-jeu-multiplateforme-sans-fil-steelseries-arctis-nova-7-transducteurs-magnetiques-en-neodyme-bluetooth-24-ghz-et-mixte-batterie-usb-c-38-h-micro-clear\/?lang=fr","title":{"rendered":"Casque de jeu multiplateforme sans fil SteelSeries Arctis Nova 7 \u2014 Transducteurs magn\u00e9tiques en n\u00e9odyme \u2014 Bluetooth 2,4 GHz et mixte \u2014 Batterie USB-C 38 h \u2014 Micro ClearCast Gen2 AI \u2014 PC, PS5, Switch, VR, mobile"},"content":{"rendered":"<p>Aventurez-vous au-del\u00e0 du banal avec Almighty Audio, une combinaison sup\u00e9rieure de mat\u00e9riel et de logiciel. Le syst\u00e8me acoustique Nova comprend des pilotes audio personnalis\u00e9s, un son spatial \u00e0 360\u00b0 et un \u00e9galiseur param\u00e9trique 10 bandes de Sonar Software. \u00c9coutez deux flux audio simultan\u00e9ment gr\u00e2ce \u00e0 la fr\u00e9quence 2,4 GHz et au Bluetooth, et passez facilement d&#8217;un PC \u00e0 un Mac, d&#8217;une PlayStation \u00e0 une Switch gr\u00e2ce \u00e0 l&#8217;USB-C.<\/p>\n<p>TRANSDUCTEURS MAGN\u00c9TIQUES EN N\u00c9ODYME \u2014 Ces transducteurs cr\u00e9ent un paysage sonore ultra-d\u00e9taill\u00e9, compos\u00e9 d&#8217;aigus cristallins, de m\u00e9diums pr\u00e9cis et de basses profondes pour votre voyage spatial.<br \/>\nDOUBLE FLUX AUDIO \u2014 Connectez directement votre appareil mobile pour un son en d\u00e9placement ou mixez vos appels ou votre musique avec le son de votre jeu \u00e0 la maison.<br \/>\nCONNEXION SANS FIL MULTIPLATEFORME \u2014 Connexion sans fil instantan\u00e9e et sans perte sur votre PC, PlayStation, Switch ou tablette gr\u00e2ce \u00e0 une cl\u00e9 USB-C portable (c\u00e2ble USB-C vers USB-A \u00e9galement inclus).<br \/>\nAUTONOMIE DE 38 H \u2014 Reprenez rapidement le jeu gr\u00e2ce \u00e0 la charge rapide USB-C, offrant 6 heures d&#8217;autonomie apr\u00e8s 15 minutes de charge.<br \/>\nAUDIO SPATIAL 360\u00b0 \u2014 Entendez tout, de toutes les directions, pour une immersion totale et une perception optimale de la situation\u00a0; compatible avec Tempest 3D Audio.<br \/>\nAUDIO \u00c0 RAYONS X \u2014 Amplifiez les bruits de pas, les rechargements ou tout ce qui vous aide \u00e0 gagner avec plus de 100 pr\u00e9r\u00e9glages de jeu. Optimis\u00e9 par le logiciel Sonar.<br \/>\nR\u00c9DUCTION DU BRUIT PAR IA \u2014 Supprime tous les bruits autres que votre voix, pour une audition claire et nette.<\/p>\n","protected":false},"excerpt":{"rendered":"<p>Aventurez-vous au-del\u00e0 du banal avec Almighty Audio, une combinaison sup\u00e9rieure de mat\u00e9riel et de logiciel. Le syst\u00e8me acoustique Nova comprend des pilotes audio personnalis\u00e9s, un son spatial \u00e0 360\u00b0 et un \u00e9galiseur param\u00e9trique 10 bandes de Sonar Software. \u00c9coutez deux flux audio simultan\u00e9ment gr\u00e2ce \u00e0 la fr\u00e9quence 2,4 GHz et au Bluetooth, et passez facilement d&#8217;un PC \u00e0 un Mac, d&#8217;une PlayStation \u00e0 une Switch gr\u00e2ce \u00e0 l&#8217;USB-C.<\/p>\n<p>TRANSDUCTEURS MAGN\u00c9TIQUES EN N\u00c9ODYME \u2014 Ces transducteurs cr\u00e9ent un paysage sonore ultra-d\u00e9taill\u00e9, compos\u00e9 d&#8217;aigus cristallins, de m\u00e9diums pr\u00e9cis et de basses profondes pour votre voyage spatial.<br \/>\nDOUBLE FLUX AUDIO \u2014 Connectez directement votre appareil mobile pour un son en d\u00e9placement ou mixez vos appels ou votre musique avec le son de votre jeu \u00e0 la maison.<br \/>\nCONNEXION SANS FIL MULTIPLATEFORME \u2014 Connexion sans fil instantan\u00e9e et sans perte sur votre PC, PlayStation, Switch ou tablette gr\u00e2ce \u00e0 une cl\u00e9 USB-C portable (c\u00e2ble USB-C vers USB-A \u00e9galement inclus).<br \/>\nAUTONOMIE DE 38 H \u2014 Reprenez rapidement le jeu gr\u00e2ce \u00e0 la charge rapide USB-C, offrant 6 heures d&#8217;autonomie apr\u00e8s 15 minutes de charge.<br \/>\nAUDIO SPATIAL 360\u00b0 \u2014 Entendez tout, de toutes les directions, pour une immersion totale et une perception optimale de la situation\u00a0; compatible avec Tempest 3D Audio.<br \/>\nAUDIO \u00c0 RAYONS X \u2014 Amplifiez les bruits de pas, les rechargements ou tout ce qui vous aide \u00e0 gagner avec plus de 100 pr\u00e9r\u00e9glages de jeu. Optimis\u00e9 par le logiciel Sonar.<br \/>\nR\u00c9DUCTION DU BRUIT PAR IA \u2014 Supprime tous les bruits autres que votre voix, pour une audition claire et nette.<\/p>\n","protected":false},"featured_media":35409,"comment_status":"open","ping_status":"closed","template":"","meta":{"iawp_total_views":0},"product_brand":[58],"product_cat":[15],"product_tag":[],"class_list":{"0":"post-35457","1":"product","2":"type-product","3":"status-publish","4":"has-post-thumbnail","6":"product_brand-steelseries","7":"product_cat-electronics-accessories","9":"first","10":"instock","11":"sale","12":"taxable","13":"shipping-taxable","14":"purchasable","15":"product-type-simple"},"jetpack_sharing_enabled":true,"_links":{"self":[{"href":"https:\/\/www.momengames.com\/index.php\/wp-json\/wp\/v2\/product\/35457","targetHints":{"allow":["GET"]}}],"collection":[{"href":"https:\/\/www.momengames.com\/index.php\/wp-json\/wp\/v2\/product"}],"about":[{"href":"https:\/\/www.momengames.com\/index.php\/wp-json\/wp\/v2\/types\/product"}],"replies":[{"embeddable":true,"href":"https:\/\/www.momengames.com\/index.php\/wp-json\/wp\/v2\/comments?post=35457"}],"wp:featuredmedia":[{"embeddable":true,"href":"https:\/\/www.momengames.com\/index.php\/wp-json\/wp\/v2\/media\/35409"}],"wp:attachment":[{"href":"https:\/\/www.momengames.com\/index.php\/wp-json\/wp\/v2\/media?parent=35457"}],"wp:term":[{"taxonomy":"product_brand","embeddable":true,"href":"https:\/\/www.momengames.com\/index.php\/wp-json\/wp\/v2\/product_brand?post=35457"},{"taxonomy":"product_cat","embeddable":true,"href":"https:\/\/www.momengames.com\/index.php\/wp-json\/wp\/v2\/product_cat?post=35457"},{"taxonomy":"product_tag","embeddable":true,"href":"https:\/\/www.momengames.com\/index.php\/wp-json\/wp\/v2\/product_tag?post=35457"}],"curies":[{"name":"wp","href":"https:\/\/api.w.org\/{rel}","templated":true}]}}