{"id":35456,"date":"2025-10-15T13:55:40","date_gmt":"2025-10-15T13:55:40","guid":{"rendered":"https:\/\/www.momengames.com\/index.php\/product\/nouveau-casque-gaming-multiplateforme-steelseries-arctis-nova-3-son-signature-arctis-micro-clearcast-gen-2-pc-ps5-ps4-xbox-series-xs-switch-mobile-noir\/"},"modified":"2025-10-15T13:55:40","modified_gmt":"2025-10-15T13:55:40","slug":"nouveau-casque-gaming-multiplateforme-steelseries-arctis-nova-3-son-signature-arctis-micro-clearcast-gen-2-pc-ps5-ps4-xbox-series-xs-switch-mobile-noir","status":"publish","type":"product","link":"https:\/\/www.momengames.com\/index.php\/product\/nouveau-casque-gaming-multiplateforme-steelseries-arctis-nova-3-son-signature-arctis-micro-clearcast-gen-2-pc-ps5-ps4-xbox-series-xs-switch-mobile-noir\/?lang=fr","title":{"rendered":"Nouveau casque gaming multiplateforme SteelSeries Arctis Nova 3 &#8211; Son Signature Arctis &#8211; Micro ClearCast Gen 2 &#8211; PC, PS5\/PS4, Xbox Series X|S, Switch, Mobile, Noir"},"content":{"rendered":"<p>L&#8217;audio puissant n&#8217;a jamais \u00e9t\u00e9 aussi accessible. L&#8217;Arctis Nova 3 allie mat\u00e9riel et logiciel pour une qualit\u00e9 sonore sup\u00e9rieure gr\u00e2ce \u00e0 ses transducteurs haute fid\u00e9lit\u00e9, son spatial \u00e0 360\u00b0 et son \u00e9galiseur param\u00e9trique 10 bandes. Des algorithmes d&#8217;IA guident le micro antibruit pour \u00e9liminer les bruits de fond. PrismSync RGB sublime votre style avec 16,8 millions de couleurs, tout en utilisant un casque l\u00e9ger, confortable et r\u00e9glable avec port USB-C.<\/p>\n<p>\u00c9clairage RGB dynamique \u2014 \u00c9blouissez-vous avec 16,8 millions de couleurs personnalisables et dynamiques qui r\u00e9agissent aux \u00e9v\u00e9nements du jeu et se synchronisent avec d&#8217;autres appareils. Affichez votre style sur PC et console.<\/p>\n<p>Audio puissant \u2014 Le syst\u00e8me acoustique Nova, con\u00e7u sur mesure, offre un son de pointe pour le jeu gr\u00e2ce \u00e0 ses transducteurs haute fid\u00e9lit\u00e9. Personnalisez votre exp\u00e9rience sonore id\u00e9ale gr\u00e2ce \u00e0 un \u00e9galiseur param\u00e9trique professionnel de pointe. Utilisation sp\u00e9cifique du produit\u00a0: Gaming.<br \/>\nMicro antibruit optimis\u00e9 par l&#8217;IA \u2014 Le micro ClearCast Gen 2 neutralise les bruits de fond pour des communications d&#8217;une clart\u00e9 exceptionnelle, gr\u00e2ce aux puissants algorithmes d&#8217;IA de Sonar Software. R\u00e9tractez compl\u00e8tement le micro dans l&#8217;\u00e9couteur pour un look plus \u00e9l\u00e9gant.<\/p>\n<p>Compatibilit\u00e9 multiplateforme \u2014 Connectez-vous facilement aux plateformes compatibles via un port USB-C, comme PC, PlayStation ou Switch. Fonctionne \u00e9galement parfaitement avec les appareils mobiles.<\/p>\n<p>Ajustable pour un ajustement parfait \u2014 Le syst\u00e8me ComfortMAX comprend des \u00e9couteurs rotatifs r\u00e9glables en hauteur avec des coussinets en mousse \u00e0 m\u00e9moire de forme AirWeave et un bandeau extensible. La l\u00e9g\u00e8ret\u00e9 du casque vous assure un confort optimal, quelle que soit la dur\u00e9e de vos parties.<\/p>\n<p>Audio spatial \u00e0 360 degr\u00e9s \u2014 Le son surround immersif vous transporte dans l&#8217;univers du jeu vid\u00e9o, vous permettant d&#8217;entendre chaque pas, rechargement ou indication vocale pour un avantage d\u00e9cisif. *Enti\u00e8rement compatible avec Tempest 3D Audio pour PS5 \/ Microsoft Spatial Sound.<\/p>\n","protected":false},"excerpt":{"rendered":"<p>L&#8217;audio puissant n&#8217;a jamais \u00e9t\u00e9 aussi accessible. L&#8217;Arctis Nova 3 allie mat\u00e9riel et logiciel pour une qualit\u00e9 sonore sup\u00e9rieure gr\u00e2ce \u00e0 ses transducteurs haute fid\u00e9lit\u00e9, son spatial \u00e0 360\u00b0 et son \u00e9galiseur param\u00e9trique 10 bandes. Des algorithmes d&#8217;IA guident le micro antibruit pour \u00e9liminer les bruits de fond. PrismSync RGB sublime votre style avec 16,8 millions de couleurs, tout en utilisant un casque l\u00e9ger, confortable et r\u00e9glable avec port USB-C.<\/p>\n<p>\u00c9clairage RGB dynamique \u2014 \u00c9blouissez-vous avec 16,8 millions de couleurs personnalisables et dynamiques qui r\u00e9agissent aux \u00e9v\u00e9nements du jeu et se synchronisent avec d&#8217;autres appareils. Affichez votre style sur PC et console.<\/p>\n<p>Audio puissant \u2014 Le syst\u00e8me acoustique Nova, con\u00e7u sur mesure, offre un son de pointe pour le jeu gr\u00e2ce \u00e0 ses transducteurs haute fid\u00e9lit\u00e9. Personnalisez votre exp\u00e9rience sonore id\u00e9ale gr\u00e2ce \u00e0 un \u00e9galiseur param\u00e9trique professionnel de pointe. Utilisation sp\u00e9cifique du produit\u00a0: Gaming.<br \/>\nMicro antibruit optimis\u00e9 par l&#8217;IA \u2014 Le micro ClearCast Gen 2 neutralise les bruits de fond pour des communications d&#8217;une clart\u00e9 exceptionnelle, gr\u00e2ce aux puissants algorithmes d&#8217;IA de Sonar Software. R\u00e9tractez compl\u00e8tement le micro dans l&#8217;\u00e9couteur pour un look plus \u00e9l\u00e9gant.<\/p>\n<p>Compatibilit\u00e9 multiplateforme \u2014 Connectez-vous facilement aux plateformes compatibles via un port USB-C, comme PC, PlayStation ou Switch. Fonctionne \u00e9galement parfaitement avec les appareils mobiles.<\/p>\n<p>Ajustable pour un ajustement parfait \u2014 Le syst\u00e8me ComfortMAX comprend des \u00e9couteurs rotatifs r\u00e9glables en hauteur avec des coussinets en mousse \u00e0 m\u00e9moire de forme AirWeave et un bandeau extensible. La l\u00e9g\u00e8ret\u00e9 du casque vous assure un confort optimal, quelle que soit la dur\u00e9e de vos parties.<\/p>\n<p>Audio spatial \u00e0 360 degr\u00e9s \u2014 Le son surround immersif vous transporte dans l&#8217;univers du jeu vid\u00e9o, vous permettant d&#8217;entendre chaque pas, rechargement ou indication vocale pour un avantage d\u00e9cisif. *Enti\u00e8rement compatible avec Tempest 3D Audio pour PS5 \/ Microsoft Spatial Sound.<\/p>\n","protected":false},"featured_media":35416,"comment_status":"open","ping_status":"closed","template":"","meta":{"iawp_total_views":1},"product_brand":[58],"product_cat":[15],"product_tag":[],"class_list":{"0":"post-35456","1":"product","2":"type-product","3":"status-publish","4":"has-post-thumbnail","6":"product_brand-steelseries","7":"product_cat-electronics-accessories","9":"first","10":"instock","11":"sale","12":"taxable","13":"shipping-taxable","14":"purchasable","15":"product-type-simple"},"jetpack_sharing_enabled":true,"_links":{"self":[{"href":"https:\/\/www.momengames.com\/index.php\/wp-json\/wp\/v2\/product\/35456","targetHints":{"allow":["GET"]}}],"collection":[{"href":"https:\/\/www.momengames.com\/index.php\/wp-json\/wp\/v2\/product"}],"about":[{"href":"https:\/\/www.momengames.com\/index.php\/wp-json\/wp\/v2\/types\/product"}],"replies":[{"embeddable":true,"href":"https:\/\/www.momengames.com\/index.php\/wp-json\/wp\/v2\/comments?post=35456"}],"wp:featuredmedia":[{"embeddable":true,"href":"https:\/\/www.momengames.com\/index.php\/wp-json\/wp\/v2\/media\/35416"}],"wp:attachment":[{"href":"https:\/\/www.momengames.com\/index.php\/wp-json\/wp\/v2\/media?parent=35456"}],"wp:term":[{"taxonomy":"product_brand","embeddable":true,"href":"https:\/\/www.momengames.com\/index.php\/wp-json\/wp\/v2\/product_brand?post=35456"},{"taxonomy":"product_cat","embeddable":true,"href":"https:\/\/www.momengames.com\/index.php\/wp-json\/wp\/v2\/product_cat?post=35456"},{"taxonomy":"product_tag","embeddable":true,"href":"https:\/\/www.momengames.com\/index.php\/wp-json\/wp\/v2\/product_tag?post=35456"}],"curies":[{"name":"wp","href":"https:\/\/api.w.org\/{rel}","templated":true}]}}