{"id":35455,"date":"2025-10-15T14:08:15","date_gmt":"2025-10-15T14:08:15","guid":{"rendered":"https:\/\/www.momengames.com\/index.php\/product\/steelseries-arctis-gamebuds-pour-xbox-pc-ps5-switch-mobile-quick-switch-24-ghz-bluetooth-5-3-reduction-active-du-bruit-application-mobile-etanche-ip55\/"},"modified":"2025-10-15T14:08:15","modified_gmt":"2025-10-15T14:08:15","slug":"steelseries-arctis-gamebuds-pour-xbox-pc-ps5-switch-mobile-quick-switch-24-ghz-bluetooth-5-3-reduction-active-du-bruit-application-mobile-etanche-ip55","status":"publish","type":"product","link":"https:\/\/www.momengames.com\/index.php\/product\/steelseries-arctis-gamebuds-pour-xbox-pc-ps5-switch-mobile-quick-switch-24-ghz-bluetooth-5-3-reduction-active-du-bruit-application-mobile-etanche-ip55\/?lang=fr","title":{"rendered":"SteelSeries Arctis GameBuds pour Xbox\/PC\/PS5\/Switch\/Mobile \u2014 Quick-Switch 2,4 GHz + Bluetooth 5.3 \u2014 R\u00e9duction active du bruit \u2014 Application mobile \u2014 \u00c9tanche IP55 \u2014 Batterie 40 h avec bo\u00eetier de charge Qi \u2014 Noir"},"content":{"rendered":"<p>Un v\u00e9ritable casque gaming se glisse facilement dans votre poche\u00a0; les Arctis GameBuds offrent une connexion sans fil 2,4\u00a0GHz de qualit\u00e9 gaming et la possibilit\u00e9 de passer rapidement au Bluetooth\u00a05.3. Un petit dongle en L vous connecte \u00e0 votre Xbox, PC, console portable, Steam Deck, Switch, VR, mobile et bien plus encore. Plongez au c\u0153ur de l&#8217;action gr\u00e2ce \u00e0 l&#8217;ANC (activable avec le mode transparence) et au son spatial \u00e0 360\u00b0. Retrouvez plus de 100 pr\u00e9r\u00e9glages audio optimis\u00e9s pour vos meilleurs jeux dans l&#8217;application Companion. Avec une autonomie de 10\u00a0heures, il vous accompagnera tout au long de votre session de jeu et jusqu&#8217;\u00e0 40\u00a0heures d&#8217;utilisation avec un total de 3\u00a0charges depuis votre bo\u00eetier de charge Qi. Utilisez 3\u00a0tailles d&#8217;embouts et des commandes auriculaires personnalisables pour les emporter partout avec vous gr\u00e2ce \u00e0 la r\u00e9sistance \u00e0 l&#8217;eau IP55.<\/p>\n<p>DOUBLE SANS FIL \u00c0 COMMUTATION RAPIDE \u2014 Sans fil 2,4\u00a0GHz haut d\u00e9bit sp\u00e9cialement con\u00e7u pour les jeux Xbox et consoles, ou passez au Bluetooth\u00a05.3 pour mobile.<br \/>\nR\u00c9DUCTION ACTIVE DU BRUIT \u2014 L&#8217;ANC hybride \u00e0 4 micros offre une v\u00e9ritable immersion dans le jeu\u00a0; possibilit\u00e9 de changer de mode de transparence pour une meilleure perception.<\/p>\n<p>Plus de 100 pr\u00e9r\u00e9glages audio \u2014 L&#8217;application compagnon SteelSeries Arctis, facile \u00e0 utiliser, contient plus de 100 pr\u00e9r\u00e9glages pour amplifier les sons critiques en jeu sur votre Xbox, PC et plus encore.<\/p>\n<p>SON SPATIAL \u00c0 360\u00b0 \u2014 Un son immersif vous plonge au c\u0153ur de l&#8217;action gr\u00e2ce \u00e0 une perception directionnelle optimis\u00e9e par des transducteurs magn\u00e9tiques en n\u00e9odyme personnalis\u00e9s.<\/p>\n<p>BATTERIE LONGUE DUR\u00c9E \u2014 Une batterie de 10 heures pour des sessions marathon, extensible avec un bo\u00eetier de charge Qi (3 charges suppl\u00e9mentaires) pour jusqu&#8217;\u00e0 40 heures d&#8217;utilisation.<\/p>\n","protected":false},"excerpt":{"rendered":"<p>Un v\u00e9ritable casque gaming se glisse facilement dans votre poche\u00a0; les Arctis GameBuds offrent une connexion sans fil 2,4\u00a0GHz de qualit\u00e9 gaming et la possibilit\u00e9 de passer rapidement au Bluetooth\u00a05.3. Un petit dongle en L vous connecte \u00e0 votre Xbox, PC, console portable, Steam Deck, Switch, VR, mobile et bien plus encore. Plongez au c\u0153ur de l&#8217;action gr\u00e2ce \u00e0 l&#8217;ANC (activable avec le mode transparence) et au son spatial \u00e0 360\u00b0. Retrouvez plus de 100 pr\u00e9r\u00e9glages audio optimis\u00e9s pour vos meilleurs jeux dans l&#8217;application Companion. Avec une autonomie de 10\u00a0heures, il vous accompagnera tout au long de votre session de jeu et jusqu&#8217;\u00e0 40\u00a0heures d&#8217;utilisation avec un total de 3\u00a0charges depuis votre bo\u00eetier de charge Qi. Utilisez 3\u00a0tailles d&#8217;embouts et des commandes auriculaires personnalisables pour les emporter partout avec vous gr\u00e2ce \u00e0 la r\u00e9sistance \u00e0 l&#8217;eau IP55.<\/p>\n<p>DOUBLE SANS FIL \u00c0 COMMUTATION RAPIDE \u2014 Sans fil 2,4\u00a0GHz haut d\u00e9bit sp\u00e9cialement con\u00e7u pour les jeux Xbox et consoles, ou passez au Bluetooth\u00a05.3 pour mobile.<br \/>\nR\u00c9DUCTION ACTIVE DU BRUIT \u2014 L&#8217;ANC hybride \u00e0 4 micros offre une v\u00e9ritable immersion dans le jeu\u00a0; possibilit\u00e9 de changer de mode de transparence pour une meilleure perception.<\/p>\n<p>Plus de 100 pr\u00e9r\u00e9glages audio \u2014 L&#8217;application compagnon SteelSeries Arctis, facile \u00e0 utiliser, contient plus de 100 pr\u00e9r\u00e9glages pour amplifier les sons critiques en jeu sur votre Xbox, PC et plus encore.<\/p>\n<p>SON SPATIAL \u00c0 360\u00b0 \u2014 Un son immersif vous plonge au c\u0153ur de l&#8217;action gr\u00e2ce \u00e0 une perception directionnelle optimis\u00e9e par des transducteurs magn\u00e9tiques en n\u00e9odyme personnalis\u00e9s.<\/p>\n<p>BATTERIE LONGUE DUR\u00c9E \u2014 Une batterie de 10 heures pour des sessions marathon, extensible avec un bo\u00eetier de charge Qi (3 charges suppl\u00e9mentaires) pour jusqu&#8217;\u00e0 40 heures d&#8217;utilisation.<\/p>\n","protected":false},"featured_media":35420,"comment_status":"open","ping_status":"closed","template":"","meta":{"iawp_total_views":3},"product_brand":[58],"product_cat":[15],"product_tag":[],"class_list":{"0":"post-35455","1":"product","2":"type-product","3":"status-publish","4":"has-post-thumbnail","6":"product_brand-steelseries","7":"product_cat-electronics-accessories","9":"first","10":"instock","11":"sale","12":"taxable","13":"shipping-taxable","14":"purchasable","15":"product-type-simple"},"jetpack_sharing_enabled":true,"_links":{"self":[{"href":"https:\/\/www.momengames.com\/index.php\/wp-json\/wp\/v2\/product\/35455","targetHints":{"allow":["GET"]}}],"collection":[{"href":"https:\/\/www.momengames.com\/index.php\/wp-json\/wp\/v2\/product"}],"about":[{"href":"https:\/\/www.momengames.com\/index.php\/wp-json\/wp\/v2\/types\/product"}],"replies":[{"embeddable":true,"href":"https:\/\/www.momengames.com\/index.php\/wp-json\/wp\/v2\/comments?post=35455"}],"wp:featuredmedia":[{"embeddable":true,"href":"https:\/\/www.momengames.com\/index.php\/wp-json\/wp\/v2\/media\/35420"}],"wp:attachment":[{"href":"https:\/\/www.momengames.com\/index.php\/wp-json\/wp\/v2\/media?parent=35455"}],"wp:term":[{"taxonomy":"product_brand","embeddable":true,"href":"https:\/\/www.momengames.com\/index.php\/wp-json\/wp\/v2\/product_brand?post=35455"},{"taxonomy":"product_cat","embeddable":true,"href":"https:\/\/www.momengames.com\/index.php\/wp-json\/wp\/v2\/product_cat?post=35455"},{"taxonomy":"product_tag","embeddable":true,"href":"https:\/\/www.momengames.com\/index.php\/wp-json\/wp\/v2\/product_tag?post=35455"}],"curies":[{"name":"wp","href":"https:\/\/api.w.org\/{rel}","templated":true}]}}