{"id":35454,"date":"2025-10-15T14:39:38","date_gmt":"2025-10-15T14:39:38","guid":{"rendered":"https:\/\/www.momengames.com\/index.php\/product\/souris-de-jeu-sans-fil-steelseries-rival-650-quantum-charge-rapide-double-capteur-12-000-cpi-256-configurations-de-poids-eclairage-rvb-8-zones\/"},"modified":"2025-10-15T14:39:38","modified_gmt":"2025-10-15T14:39:38","slug":"souris-de-jeu-sans-fil-steelseries-rival-650-quantum-charge-rapide-double-capteur-12-000-cpi-256-configurations-de-poids-eclairage-rvb-8-zones","status":"publish","type":"product","link":"https:\/\/www.momengames.com\/index.php\/product\/souris-de-jeu-sans-fil-steelseries-rival-650-quantum-charge-rapide-double-capteur-12-000-cpi-256-configurations-de-poids-eclairage-rvb-8-zones\/?lang=fr","title":{"rendered":"Souris de jeu sans fil SteelSeries Rival 650 Quantum\u00a0: charge rapide, double capteur 12\u00a0000\u00a0cpi, 256\u00a0configurations de poids, \u00e9clairage RVB 8\u00a0zones"},"content":{"rendered":"<p>La souris gaming sans fil Rival 650 int\u00e8gre la technologie Quantum Wireless, sans latence, associ\u00e9e au syst\u00e8me \u00e0 double capteur TrueMove3+, le plus avanc\u00e9 au monde, pour une libert\u00e9 sans compromis. Avec plus de 24 heures d&#8217;autonomie, une charge rapide et un r\u00e9glage personnalis\u00e9 du centre de gravit\u00e9 avec 256 configurations de poids, la Rival 650 Wireless est un incontournable pour les jeux de comp\u00e9tition. Con\u00e7ue pour les athl\u00e8tes professionnels d&#8217;e-sport, elle est un incontournable pour les jeux de comp\u00e9tition. Compatibilit\u00e9\u00a0: Windows, Mac et Linux. Port USB requis.<\/p>\n<p>La technologie Quantum Wireless offre des performances pr\u00e9cises et fiables, sans latence, comparables aux souris filaires haut de gamme de SteelSeries, tout en vous permettant de rester autonome.<\/p>\n<p>Autonomie de plus de 24 heures avec une charge compl\u00e8te ou 10 heures avec une charge rapide de 15 minutes.<\/p>\n<p>Le capteur optique le plus avanc\u00e9 de SteelSeries, TrueMove3+, offre un suivi pr\u00e9cis et pr\u00e9cis, tandis qu&#8217;un capteur de profondeur secondaire ajuste la distance de d\u00e9collage pour un contr\u00f4le des mouvements avec une pr\u00e9cision digne des jeux d&#8217;e-sport. Personnalisez votre souris gr\u00e2ce \u00e0 256 configurations uniques de r\u00e9glage du centre de gravit\u00e9 selon vos pr\u00e9f\u00e9rences.<br \/>\nCommutateurs gaming ultra-r\u00e9sistants garantis 60 millions de clics. Distance de d\u00e9collage personnalisable de 0,5 \u00e0 2 millim\u00e8tres.<\/p>\n","protected":false},"excerpt":{"rendered":"<p>La souris gaming sans fil Rival 650 int\u00e8gre la technologie Quantum Wireless, sans latence, associ\u00e9e au syst\u00e8me \u00e0 double capteur TrueMove3+, le plus avanc\u00e9 au monde, pour une libert\u00e9 sans compromis. Avec plus de 24 heures d&#8217;autonomie, une charge rapide et un r\u00e9glage personnalis\u00e9 du centre de gravit\u00e9 avec 256 configurations de poids, la Rival 650 Wireless est un incontournable pour les jeux de comp\u00e9tition. Con\u00e7ue pour les athl\u00e8tes professionnels d&#8217;e-sport, elle est un incontournable pour les jeux de comp\u00e9tition. Compatibilit\u00e9\u00a0: Windows, Mac et Linux. Port USB requis.<\/p>\n<p>La technologie Quantum Wireless offre des performances pr\u00e9cises et fiables, sans latence, comparables aux souris filaires haut de gamme de SteelSeries, tout en vous permettant de rester autonome.<\/p>\n<p>Autonomie de plus de 24 heures avec une charge compl\u00e8te ou 10 heures avec une charge rapide de 15 minutes.<\/p>\n<p>Le capteur optique le plus avanc\u00e9 de SteelSeries, TrueMove3+, offre un suivi pr\u00e9cis et pr\u00e9cis, tandis qu&#8217;un capteur de profondeur secondaire ajuste la distance de d\u00e9collage pour un contr\u00f4le des mouvements avec une pr\u00e9cision digne des jeux d&#8217;e-sport. Personnalisez votre souris gr\u00e2ce \u00e0 256 configurations uniques de r\u00e9glage du centre de gravit\u00e9 selon vos pr\u00e9f\u00e9rences.<br \/>\nCommutateurs gaming ultra-r\u00e9sistants garantis 60 millions de clics. Distance de d\u00e9collage personnalisable de 0,5 \u00e0 2 millim\u00e8tres.<\/p>\n","protected":false},"featured_media":35433,"comment_status":"open","ping_status":"closed","template":"","meta":{"iawp_total_views":2},"product_brand":[58],"product_cat":[40],"product_tag":[],"class_list":{"0":"post-35454","1":"product","2":"type-product","3":"status-publish","4":"has-post-thumbnail","6":"product_brand-steelseries","7":"product_cat-pc-gamepads-standard-controllers-fr","9":"first","10":"instock","11":"sale","12":"taxable","13":"shipping-taxable","14":"purchasable","15":"product-type-simple"},"jetpack_sharing_enabled":true,"_links":{"self":[{"href":"https:\/\/www.momengames.com\/index.php\/wp-json\/wp\/v2\/product\/35454","targetHints":{"allow":["GET"]}}],"collection":[{"href":"https:\/\/www.momengames.com\/index.php\/wp-json\/wp\/v2\/product"}],"about":[{"href":"https:\/\/www.momengames.com\/index.php\/wp-json\/wp\/v2\/types\/product"}],"replies":[{"embeddable":true,"href":"https:\/\/www.momengames.com\/index.php\/wp-json\/wp\/v2\/comments?post=35454"}],"wp:featuredmedia":[{"embeddable":true,"href":"https:\/\/www.momengames.com\/index.php\/wp-json\/wp\/v2\/media\/35433"}],"wp:attachment":[{"href":"https:\/\/www.momengames.com\/index.php\/wp-json\/wp\/v2\/media?parent=35454"}],"wp:term":[{"taxonomy":"product_brand","embeddable":true,"href":"https:\/\/www.momengames.com\/index.php\/wp-json\/wp\/v2\/product_brand?post=35454"},{"taxonomy":"product_cat","embeddable":true,"href":"https:\/\/www.momengames.com\/index.php\/wp-json\/wp\/v2\/product_cat?post=35454"},{"taxonomy":"product_tag","embeddable":true,"href":"https:\/\/www.momengames.com\/index.php\/wp-json\/wp\/v2\/product_tag?post=35454"}],"curies":[{"name":"wp","href":"https:\/\/api.w.org\/{rel}","templated":true}]}}