{"id":35453,"date":"2025-10-15T14:41:57","date_gmt":"2025-10-15T14:41:57","guid":{"rendered":"https:\/\/www.momengames.com\/index.php\/product\/steelseries-aerox-9-wireless-souris-gaming-rgb-trouee-design-ultra-leger-et-resistant-a-leau-18-boutons-bluetooth-24-ghz-capteur-optique-truemove-air-18-000-dpi\/"},"modified":"2025-10-15T14:41:57","modified_gmt":"2025-10-15T14:41:57","slug":"steelseries-aerox-9-wireless-souris-gaming-rgb-trouee-design-ultra-leger-et-resistant-a-leau-18-boutons-bluetooth-24-ghz-capteur-optique-truemove-air-18-000-dpi","status":"publish","type":"product","link":"https:\/\/www.momengames.com\/index.php\/product\/steelseries-aerox-9-wireless-souris-gaming-rgb-trouee-design-ultra-leger-et-resistant-a-leau-18-boutons-bluetooth-24-ghz-capteur-optique-truemove-air-18-000-dpi\/?lang=fr","title":{"rendered":"SteelSeries Aerox 9 Wireless &#8211; Souris gaming RGB trou\u00e9e &#8211; Design ultra-l\u00e9ger et r\u00e9sistant \u00e0 l&#8217;eau &#8211; 18 boutons &#8211; Bluetooth\/2,4 GHz &#8211; Capteur optique TrueMove Air 18\u00a0000 DPI"},"content":{"rendered":"<p>L&#8217;Aerox 9 Wireless allie un RVB \u00e9clatant \u00e0 un design de pointe, avec un poids plume de 89 g pour un confort et une vitesse exceptionnels. Prot\u00e9g\u00e9e de la poussi\u00e8re, de la salet\u00e9 et des \u00e9claboussures gr\u00e2ce \u00e0 la protection AquaBarrier\u2122, l&#8217;Aerox dispose de 18 boutons personnalisables pour exceller dans les jeux MMO et MOBA. Surpassez la concurrence gr\u00e2ce \u00e0 une autonomie exceptionnelle de 180 heures en 2,4 GHz ou en Bluetooth 5.0.<\/p>\n<p>RVB \u00c9POUSTOUFLANT \u2014 Le PrismSync RVB \u00e0 3 zones rayonne avec 16,8 millions de couleurs configurables.<\/p>\n<p>ULTRA L\u00c9GER \u2014 Sa coque perfor\u00e9e sp\u00e9cialement con\u00e7ue r\u00e9duit le poids \u00e0 89 g pour un gameplay fluide et rapide.<\/p>\n<p>AQUABARRIER \u2014 L&#8217;int\u00e9rieur de la souris est prot\u00e9g\u00e9 des \u00e9claboussures d&#8217;eau, de la poussi\u00e8re et de la salet\u00e9, technologie certifi\u00e9e IP54.<\/p>\n<p>18 BOUTONS PROGRAMMABLES \u2014 Ex\u00e9cutez les rotations les plus difficiles et acc\u00e9dez instantan\u00e9ment \u00e0 de nombreux raccourcis gr\u00e2ce au panneau lat\u00e9ral \u00e0 12 boutons.<br \/>\nDES PERFORMANCES \u00c0 LA DUR\u00c9E DE VIE \u2014 Autonomie de 180 heures gr\u00e2ce \u00e0 la technologie sans fil Quantum 2.0 sans latence (2,4 GHz pour le jeu) et au Bluetooth 5.0.<br \/>\nSWITCHES NOUVELLE G\u00c9N\u00c9RATION \u2014 Les switchs Golden Micro IP54 durent plus longtemps que la normale pour des clics nets, avec une r\u00e9sistance accrue \u00e0 la poussi\u00e8re et \u00e0 l&#8217;eau.<br \/>\nPR\u00c9CISION PARFAITE AU PIXEL \u2014 Capteur optique de jeu TrueMove Air d\u00e9velopp\u00e9 conjointement avec PixArt.<\/p>\n","protected":false},"excerpt":{"rendered":"<p>L&#8217;Aerox 9 Wireless allie un RVB \u00e9clatant \u00e0 un design de pointe, avec un poids plume de 89 g pour un confort et une vitesse exceptionnels. Prot\u00e9g\u00e9e de la poussi\u00e8re, de la salet\u00e9 et des \u00e9claboussures gr\u00e2ce \u00e0 la protection AquaBarrier\u2122, l&#8217;Aerox dispose de 18 boutons personnalisables pour exceller dans les jeux MMO et MOBA. Surpassez la concurrence gr\u00e2ce \u00e0 une autonomie exceptionnelle de 180 heures en 2,4 GHz ou en Bluetooth 5.0.<\/p>\n<p>RVB \u00c9POUSTOUFLANT \u2014 Le PrismSync RVB \u00e0 3 zones rayonne avec 16,8 millions de couleurs configurables.<\/p>\n<p>ULTRA L\u00c9GER \u2014 Sa coque perfor\u00e9e sp\u00e9cialement con\u00e7ue r\u00e9duit le poids \u00e0 89 g pour un gameplay fluide et rapide.<\/p>\n<p>AQUABARRIER \u2014 L&#8217;int\u00e9rieur de la souris est prot\u00e9g\u00e9 des \u00e9claboussures d&#8217;eau, de la poussi\u00e8re et de la salet\u00e9, technologie certifi\u00e9e IP54.<\/p>\n<p>18 BOUTONS PROGRAMMABLES \u2014 Ex\u00e9cutez les rotations les plus difficiles et acc\u00e9dez instantan\u00e9ment \u00e0 de nombreux raccourcis gr\u00e2ce au panneau lat\u00e9ral \u00e0 12 boutons.<br \/>\nDES PERFORMANCES \u00c0 LA DUR\u00c9E DE VIE \u2014 Autonomie de 180 heures gr\u00e2ce \u00e0 la technologie sans fil Quantum 2.0 sans latence (2,4 GHz pour le jeu) et au Bluetooth 5.0.<br \/>\nSWITCHES NOUVELLE G\u00c9N\u00c9RATION \u2014 Les switchs Golden Micro IP54 durent plus longtemps que la normale pour des clics nets, avec une r\u00e9sistance accrue \u00e0 la poussi\u00e8re et \u00e0 l&#8217;eau.<br \/>\nPR\u00c9CISION PARFAITE AU PIXEL \u2014 Capteur optique de jeu TrueMove Air d\u00e9velopp\u00e9 conjointement avec PixArt.<\/p>\n","protected":false},"featured_media":35430,"comment_status":"open","ping_status":"closed","template":"","meta":{"iawp_total_views":2},"product_brand":[58],"product_cat":[40],"product_tag":[],"class_list":{"0":"post-35453","1":"product","2":"type-product","3":"status-publish","4":"has-post-thumbnail","6":"product_brand-steelseries","7":"product_cat-pc-gamepads-standard-controllers-fr","9":"first","10":"instock","11":"sale","12":"taxable","13":"shipping-taxable","14":"purchasable","15":"product-type-simple"},"jetpack_sharing_enabled":true,"_links":{"self":[{"href":"https:\/\/www.momengames.com\/index.php\/wp-json\/wp\/v2\/product\/35453","targetHints":{"allow":["GET"]}}],"collection":[{"href":"https:\/\/www.momengames.com\/index.php\/wp-json\/wp\/v2\/product"}],"about":[{"href":"https:\/\/www.momengames.com\/index.php\/wp-json\/wp\/v2\/types\/product"}],"replies":[{"embeddable":true,"href":"https:\/\/www.momengames.com\/index.php\/wp-json\/wp\/v2\/comments?post=35453"}],"wp:featuredmedia":[{"embeddable":true,"href":"https:\/\/www.momengames.com\/index.php\/wp-json\/wp\/v2\/media\/35430"}],"wp:attachment":[{"href":"https:\/\/www.momengames.com\/index.php\/wp-json\/wp\/v2\/media?parent=35453"}],"wp:term":[{"taxonomy":"product_brand","embeddable":true,"href":"https:\/\/www.momengames.com\/index.php\/wp-json\/wp\/v2\/product_brand?post=35453"},{"taxonomy":"product_cat","embeddable":true,"href":"https:\/\/www.momengames.com\/index.php\/wp-json\/wp\/v2\/product_cat?post=35453"},{"taxonomy":"product_tag","embeddable":true,"href":"https:\/\/www.momengames.com\/index.php\/wp-json\/wp\/v2\/product_tag?post=35453"}],"curies":[{"name":"wp","href":"https:\/\/api.w.org\/{rel}","templated":true}]}}