{"id":35452,"date":"2025-10-15T14:43:45","date_gmt":"2025-10-15T14:43:45","guid":{"rendered":"https:\/\/www.momengames.com\/index.php\/product\/clavier-gaming-hypermagnetique-sans-fil-steelseries-apex-pro-tkl-clavier-e-sport-sans-pave-numerique-ecran-oled-actionnement-reglable-touches-pbt-blue\/"},"modified":"2025-10-15T14:43:45","modified_gmt":"2025-10-15T14:43:45","slug":"clavier-gaming-hypermagnetique-sans-fil-steelseries-apex-pro-tkl-clavier-e-sport-sans-pave-numerique-ecran-oled-actionnement-reglable-touches-pbt-blue","status":"publish","type":"product","link":"https:\/\/www.momengames.com\/index.php\/product\/clavier-gaming-hypermagnetique-sans-fil-steelseries-apex-pro-tkl-clavier-e-sport-sans-pave-numerique-ecran-oled-actionnement-reglable-touches-pbt-blue\/?lang=fr","title":{"rendered":"Clavier gaming hypermagn\u00e9tique sans fil SteelSeries Apex Pro TKL \u2014 Clavier e-sport sans pav\u00e9 num\u00e9rique \u2014 \u00c9cran OLED \u2014 Actionnement r\u00e9glable \u2014 Touches PBT \u2014 Bluetooth \u2014 2,4 GHz \u2014 USB-C"},"content":{"rendered":"<p>L&#8217;Apex Pro TKL Wireless est le premier clavier gaming au monde \u00e0 switchs magn\u00e9tiques \u00e0 effet Hall. Il est \u00e9quip\u00e9 de switchs hypermagn\u00e9tiques r\u00e9glables OmniPoint 2.0 avec d\u00e9clenchement rapide, d&#8217;un r\u00e9glage total des points d&#8217;activation et de touches Acton 2-en-1 pour une activation 20 fois plus rapide et une r\u00e9activit\u00e9 11 fois plus rapide, le tout sur un format TKL optimis\u00e9 pour l&#8217;e-sport.<\/p>\n<p>VITESSE AUTONOME ET PERSONNALISABLE \u00e0 l&#8217;infini gr\u00e2ce aux switchs hypermagn\u00e9tiques r\u00e9glables OmniPoint 2.0.<br \/>\nD\u00c9CLENCHEMENT RAPIDE \u2014 Supprimez la latence li\u00e9e au mouvement physique du switch gr\u00e2ce \u00e0 l&#8217;activation et la d\u00e9sactivation dynamiques des touches en fonction de la distance de d\u00e9placement plut\u00f4t que d&#8217;un point fixe.<br \/>\nCONTR\u00d4LE ULTIME \u2014 40 niveaux d&#8217;activation par touche (0,1 \u00e0 4 mm) \u2014 r\u00e9glez WASD pour des mouvements l\u00e9gers et ultra-rapides et r\u00e9glez les touches de comp\u00e9tence sur des appuis profonds pour \u00e9viter les d\u00e9clenchements accidentels de touches sp\u00e9ciales.<br \/>\nTOUCHES D&#8217;ACTION 2 EN 1 \u2014 Programmez deux actions diff\u00e9rentes sur la m\u00eame touche, comme marcher d&#8217;un appui l\u00e9ger ou sprinter d&#8217;un appui profond.<br \/>\nActionnement 20 fois plus rapide et r\u00e9ponse 11 fois plus rapide que les claviers m\u00e9caniques traditionnels.<br \/>\nTechnologie sans fil Quantum 2.0 Dual sans latence avec connexion 2,4 GHz et Bluetooth 5.0.<br \/>\nFormat TKL adapt\u00e9 \u00e0 l&#8217;e-sport. Fonctionnalit\u00e9s compl\u00e8tes. Plaque sup\u00e9rieure en aluminium haut de gamme. USB-C d\u00e9tachable.<\/p>\n","protected":false},"excerpt":{"rendered":"<p>L&#8217;Apex Pro TKL Wireless est le premier clavier gaming au monde \u00e0 switchs magn\u00e9tiques \u00e0 effet Hall. Il est \u00e9quip\u00e9 de switchs hypermagn\u00e9tiques r\u00e9glables OmniPoint 2.0 avec d\u00e9clenchement rapide, d&#8217;un r\u00e9glage total des points d&#8217;activation et de touches Acton 2-en-1 pour une activation 20 fois plus rapide et une r\u00e9activit\u00e9 11 fois plus rapide, le tout sur un format TKL optimis\u00e9 pour l&#8217;e-sport.<\/p>\n<p>VITESSE AUTONOME ET PERSONNALISABLE \u00e0 l&#8217;infini gr\u00e2ce aux switchs hypermagn\u00e9tiques r\u00e9glables OmniPoint 2.0.<br \/>\nD\u00c9CLENCHEMENT RAPIDE \u2014 Supprimez la latence li\u00e9e au mouvement physique du switch gr\u00e2ce \u00e0 l&#8217;activation et la d\u00e9sactivation dynamiques des touches en fonction de la distance de d\u00e9placement plut\u00f4t que d&#8217;un point fixe.<br \/>\nCONTR\u00d4LE ULTIME \u2014 40 niveaux d&#8217;activation par touche (0,1 \u00e0 4 mm) \u2014 r\u00e9glez WASD pour des mouvements l\u00e9gers et ultra-rapides et r\u00e9glez les touches de comp\u00e9tence sur des appuis profonds pour \u00e9viter les d\u00e9clenchements accidentels de touches sp\u00e9ciales.<br \/>\nTOUCHES D&#8217;ACTION 2 EN 1 \u2014 Programmez deux actions diff\u00e9rentes sur la m\u00eame touche, comme marcher d&#8217;un appui l\u00e9ger ou sprinter d&#8217;un appui profond.<br \/>\nActionnement 20 fois plus rapide et r\u00e9ponse 11 fois plus rapide que les claviers m\u00e9caniques traditionnels.<br \/>\nTechnologie sans fil Quantum 2.0 Dual sans latence avec connexion 2,4 GHz et Bluetooth 5.0.<br \/>\nFormat TKL adapt\u00e9 \u00e0 l&#8217;e-sport. Fonctionnalit\u00e9s compl\u00e8tes. Plaque sup\u00e9rieure en aluminium haut de gamme. USB-C d\u00e9tachable.<\/p>\n","protected":false},"featured_media":35427,"comment_status":"open","ping_status":"closed","template":"","meta":{"iawp_total_views":1},"product_brand":[58],"product_cat":[40],"product_tag":[],"class_list":{"0":"post-35452","1":"product","2":"type-product","3":"status-publish","4":"has-post-thumbnail","6":"product_brand-steelseries","7":"product_cat-pc-gamepads-standard-controllers-fr","9":"first","10":"instock","11":"sale","12":"taxable","13":"shipping-taxable","14":"purchasable","15":"product-type-simple"},"jetpack_sharing_enabled":true,"_links":{"self":[{"href":"https:\/\/www.momengames.com\/index.php\/wp-json\/wp\/v2\/product\/35452","targetHints":{"allow":["GET"]}}],"collection":[{"href":"https:\/\/www.momengames.com\/index.php\/wp-json\/wp\/v2\/product"}],"about":[{"href":"https:\/\/www.momengames.com\/index.php\/wp-json\/wp\/v2\/types\/product"}],"replies":[{"embeddable":true,"href":"https:\/\/www.momengames.com\/index.php\/wp-json\/wp\/v2\/comments?post=35452"}],"wp:featuredmedia":[{"embeddable":true,"href":"https:\/\/www.momengames.com\/index.php\/wp-json\/wp\/v2\/media\/35427"}],"wp:attachment":[{"href":"https:\/\/www.momengames.com\/index.php\/wp-json\/wp\/v2\/media?parent=35452"}],"wp:term":[{"taxonomy":"product_brand","embeddable":true,"href":"https:\/\/www.momengames.com\/index.php\/wp-json\/wp\/v2\/product_brand?post=35452"},{"taxonomy":"product_cat","embeddable":true,"href":"https:\/\/www.momengames.com\/index.php\/wp-json\/wp\/v2\/product_cat?post=35452"},{"taxonomy":"product_tag","embeddable":true,"href":"https:\/\/www.momengames.com\/index.php\/wp-json\/wp\/v2\/product_tag?post=35452"}],"curies":[{"name":"wp","href":"https:\/\/api.w.org\/{rel}","templated":true}]}}