{"id":35451,"date":"2025-10-15T14:45:50","date_gmt":"2025-10-15T14:45:50","guid":{"rendered":"https:\/\/www.momengames.com\/index.php\/product\/souris-gaming-steelseries-rival-5-avec-eclairage-rvb-prismsync-et-9-boutons-programmables-fps-moba-mmo-battle-royale-capteur-optique-truemove-air-18-000-cpi-noir\/"},"modified":"2025-10-15T14:45:50","modified_gmt":"2025-10-15T14:45:50","slug":"souris-gaming-steelseries-rival-5-avec-eclairage-rvb-prismsync-et-9-boutons-programmables-fps-moba-mmo-battle-royale-capteur-optique-truemove-air-18-000-cpi-noir","status":"publish","type":"product","link":"https:\/\/www.momengames.com\/index.php\/product\/souris-gaming-steelseries-rival-5-avec-eclairage-rvb-prismsync-et-9-boutons-programmables-fps-moba-mmo-battle-royale-capteur-optique-truemove-air-18-000-cpi-noir\/?lang=fr","title":{"rendered":"Souris gaming SteelSeries Rival 5 avec \u00e9clairage RVB PrismSync et 9 boutons programmables \u2013 FPS, MOBA, MMO, Battle Royale \u2013 Capteur optique TrueMove Air 18\u00a0000 CPI \u2013 Noir"},"content":{"rendered":"<p>Souris ergonomique \u00e0 9 boutons avec 5 boutons lat\u00e9raux \u00e0 action rapide, con\u00e7ue pour une vitesse et une utilit\u00e9 optimales dans les jeux Battle Royale effr\u00e9n\u00e9s et bien plus encore. Elle est \u00e9quip\u00e9e d&#8217;un capteur optique TrueMove Air pour une pr\u00e9cision extr\u00eame, d&#8217;un c\u00e2ble Super Mesh et d&#8217;un \u00e9clairage PrismSync \u00e9clatant.<\/p>\n<p>Parfaite pour tous les jeux Battle Royale, FPS, MOBA, MMO et autres jeux rapides.<br \/>\nCapteur optique de pr\u00e9cision TrueMove Air avec suivi 1:1.<br \/>\nConfiguration ergonomique programmable \u00e0 9 boutons avec 5 boutons lat\u00e9raux \u00e0 action rapide.<br \/>\n85 g, l\u00e9g\u00e8re et ultra-r\u00e9sistante.<br \/>\nInterrupteurs Golden Micro IP54 nouvelle g\u00e9n\u00e9ration.<\/p>\n","protected":false},"excerpt":{"rendered":"<p>Souris ergonomique \u00e0 9 boutons avec 5 boutons lat\u00e9raux \u00e0 action rapide, con\u00e7ue pour une vitesse et une utilit\u00e9 optimales dans les jeux Battle Royale effr\u00e9n\u00e9s et bien plus encore. Elle est \u00e9quip\u00e9e d&#8217;un capteur optique TrueMove Air pour une pr\u00e9cision extr\u00eame, d&#8217;un c\u00e2ble Super Mesh et d&#8217;un \u00e9clairage PrismSync \u00e9clatant.<\/p>\n<p>Parfaite pour tous les jeux Battle Royale, FPS, MOBA, MMO et autres jeux rapides.<br \/>\nCapteur optique de pr\u00e9cision TrueMove Air avec suivi 1:1.<br \/>\nConfiguration ergonomique programmable \u00e0 9 boutons avec 5 boutons lat\u00e9raux \u00e0 action rapide.<br \/>\n85 g, l\u00e9g\u00e8re et ultra-r\u00e9sistante.<br \/>\nInterrupteurs Golden Micro IP54 nouvelle g\u00e9n\u00e9ration.<\/p>\n","protected":false},"featured_media":35424,"comment_status":"open","ping_status":"closed","template":"","meta":{"iawp_total_views":0},"product_brand":[58],"product_cat":[40],"product_tag":[],"class_list":{"0":"post-35451","1":"product","2":"type-product","3":"status-publish","4":"has-post-thumbnail","6":"product_brand-steelseries","7":"product_cat-pc-gamepads-standard-controllers-fr","9":"first","10":"instock","11":"sale","12":"taxable","13":"shipping-taxable","14":"purchasable","15":"product-type-simple"},"jetpack_sharing_enabled":true,"_links":{"self":[{"href":"https:\/\/www.momengames.com\/index.php\/wp-json\/wp\/v2\/product\/35451","targetHints":{"allow":["GET"]}}],"collection":[{"href":"https:\/\/www.momengames.com\/index.php\/wp-json\/wp\/v2\/product"}],"about":[{"href":"https:\/\/www.momengames.com\/index.php\/wp-json\/wp\/v2\/types\/product"}],"replies":[{"embeddable":true,"href":"https:\/\/www.momengames.com\/index.php\/wp-json\/wp\/v2\/comments?post=35451"}],"wp:featuredmedia":[{"embeddable":true,"href":"https:\/\/www.momengames.com\/index.php\/wp-json\/wp\/v2\/media\/35424"}],"wp:attachment":[{"href":"https:\/\/www.momengames.com\/index.php\/wp-json\/wp\/v2\/media?parent=35451"}],"wp:term":[{"taxonomy":"product_brand","embeddable":true,"href":"https:\/\/www.momengames.com\/index.php\/wp-json\/wp\/v2\/product_brand?post=35451"},{"taxonomy":"product_cat","embeddable":true,"href":"https:\/\/www.momengames.com\/index.php\/wp-json\/wp\/v2\/product_cat?post=35451"},{"taxonomy":"product_tag","embeddable":true,"href":"https:\/\/www.momengames.com\/index.php\/wp-json\/wp\/v2\/product_tag?post=35451"}],"curies":[{"name":"wp","href":"https:\/\/api.w.org\/{rel}","templated":true}]}}