{"id":35450,"date":"2025-10-15T14:39:38","date_gmt":"2025-10-15T14:39:38","guid":{"rendered":"https:\/\/www.momengames.com\/index.php\/product\/steelseries-rival-650-quantum-kabellose-gaming-maus-schnellladung-12-000-cpi-dual-sensor-256-gewichtskonfigurationen-8-zonen-rgb-beleuchtung\/"},"modified":"2025-10-15T14:39:38","modified_gmt":"2025-10-15T14:39:38","slug":"steelseries-rival-650-quantum-kabellose-gaming-maus-schnellladung-12-000-cpi-dual-sensor-256-gewichtskonfigurationen-8-zonen-rgb-beleuchtung","status":"publish","type":"product","link":"https:\/\/www.momengames.com\/index.php\/product\/steelseries-rival-650-quantum-kabellose-gaming-maus-schnellladung-12-000-cpi-dual-sensor-256-gewichtskonfigurationen-8-zonen-rgb-beleuchtung\/?lang=de","title":{"rendered":"SteelSeries Rival 650 Quantum Kabellose Gaming-Maus \u2013 Schnellladung, 12.000 Cpi Dual-Sensor, 256 Gewichtskonfigurationen, 8-Zonen-RGB-Beleuchtung"},"content":{"rendered":"<p>Die Rival 650 Wireless Gaming-Maus bietet verz\u00f6gerungsfreie Quantum Wireless-Leistung gepaart mit dem weltweit fortschrittlichsten Dual-Sensor-System TrueMove3+ f\u00fcr kompromisslose Freiheit. Mit \u00fcber 24 Stunden Akkulaufzeit, Schnellladefunktion und individueller Schwerpunktabstimmung mit 256 Gewichtskonfigurationen ist die Rival 650 Wireless ein Muss f\u00fcr kompetitives Gaming. Die Rival 650 Wireless wurde f\u00fcr professionelle E-Sportler entwickelt und ist ein Muss f\u00fcr kompetitives Gaming. Kompatible Betriebssysteme: Windows, Mac und Linux. USB-Anschluss erforderlich.<\/p>\n<p>Die Quantum Wireless-Technologie erm\u00f6glicht pr\u00e4zise, \u200b\u200bzuverl\u00e4ssige und verz\u00f6gerungsfreie Leistung auf dem Niveau der kabelgebundenen Spitzenm\u00e4use von SteelSeries, ohne dass Sie an eine Verbindung gebunden sind.<\/p>\n<p>\u00dcber 24 Stunden Akkulaufzeit bei voller Ladung oder 10 Stunden bei 15-min\u00fctiger Schnellladung.<\/p>\n<p>Der fortschrittlichste optische Sensor von SteelSeries, TrueMove3 plus, bietet echtes 1:1-Tracking, w\u00e4hrend ein sekund\u00e4rer Tiefensensor die Lift-Off-Distanz anpasst, um Bewegungen mit E-Sport-Pr\u00e4zision und Genauigkeit zu steuern.<br \/>\nPassen Sie die Tasten mit 256 einzigartigen Schwerpunkt-Tuning-Konfigurationen Ihren W\u00fcnschen an.<\/p>\n<p>Extrem langlebige Gaming-Schalter mit garantiert 60 Millionen Klicks. Abhebedistanz von 0,5 bis 2 Millimetern anpassbar.<\/p>\n","protected":false},"excerpt":{"rendered":"<p>Die Rival 650 Wireless Gaming-Maus bietet verz\u00f6gerungsfreie Quantum Wireless-Leistung gepaart mit dem weltweit fortschrittlichsten Dual-Sensor-System TrueMove3+ f\u00fcr kompromisslose Freiheit. Mit \u00fcber 24 Stunden Akkulaufzeit, Schnellladefunktion und individueller Schwerpunktabstimmung mit 256 Gewichtskonfigurationen ist die Rival 650 Wireless ein Muss f\u00fcr kompetitives Gaming. Die Rival 650 Wireless wurde f\u00fcr professionelle E-Sportler entwickelt und ist ein Muss f\u00fcr kompetitives Gaming. Kompatible Betriebssysteme: Windows, Mac und Linux. USB-Anschluss erforderlich.<\/p>\n<p>Die Quantum Wireless-Technologie erm\u00f6glicht pr\u00e4zise, \u200b\u200bzuverl\u00e4ssige und verz\u00f6gerungsfreie Leistung auf dem Niveau der kabelgebundenen Spitzenm\u00e4use von SteelSeries, ohne dass Sie an eine Verbindung gebunden sind.<\/p>\n<p>\u00dcber 24 Stunden Akkulaufzeit bei voller Ladung oder 10 Stunden bei 15-min\u00fctiger Schnellladung.<\/p>\n<p>Der fortschrittlichste optische Sensor von SteelSeries, TrueMove3 plus, bietet echtes 1:1-Tracking, w\u00e4hrend ein sekund\u00e4rer Tiefensensor die Lift-Off-Distanz anpasst, um Bewegungen mit E-Sport-Pr\u00e4zision und Genauigkeit zu steuern.<br \/>\nPassen Sie die Tasten mit 256 einzigartigen Schwerpunkt-Tuning-Konfigurationen Ihren W\u00fcnschen an.<\/p>\n<p>Extrem langlebige Gaming-Schalter mit garantiert 60 Millionen Klicks. Abhebedistanz von 0,5 bis 2 Millimetern anpassbar.<\/p>\n","protected":false},"featured_media":35434,"comment_status":"open","ping_status":"closed","template":"","meta":{"iawp_total_views":157},"product_brand":[58],"product_cat":[25],"product_tag":[],"class_list":{"0":"post-35450","1":"product","2":"type-product","3":"status-publish","4":"has-post-thumbnail","6":"product_brand-steelseries","7":"product_cat-pc-gamepads-standard-controllers-de","9":"first","10":"instock","11":"sale","12":"taxable","13":"shipping-taxable","14":"purchasable","15":"product-type-simple"},"jetpack_sharing_enabled":true,"_links":{"self":[{"href":"https:\/\/www.momengames.com\/index.php\/wp-json\/wp\/v2\/product\/35450","targetHints":{"allow":["GET"]}}],"collection":[{"href":"https:\/\/www.momengames.com\/index.php\/wp-json\/wp\/v2\/product"}],"about":[{"href":"https:\/\/www.momengames.com\/index.php\/wp-json\/wp\/v2\/types\/product"}],"replies":[{"embeddable":true,"href":"https:\/\/www.momengames.com\/index.php\/wp-json\/wp\/v2\/comments?post=35450"}],"wp:featuredmedia":[{"embeddable":true,"href":"https:\/\/www.momengames.com\/index.php\/wp-json\/wp\/v2\/media\/35434"}],"wp:attachment":[{"href":"https:\/\/www.momengames.com\/index.php\/wp-json\/wp\/v2\/media?parent=35450"}],"wp:term":[{"taxonomy":"product_brand","embeddable":true,"href":"https:\/\/www.momengames.com\/index.php\/wp-json\/wp\/v2\/product_brand?post=35450"},{"taxonomy":"product_cat","embeddable":true,"href":"https:\/\/www.momengames.com\/index.php\/wp-json\/wp\/v2\/product_cat?post=35450"},{"taxonomy":"product_tag","embeddable":true,"href":"https:\/\/www.momengames.com\/index.php\/wp-json\/wp\/v2\/product_tag?post=35450"}],"curies":[{"name":"wp","href":"https:\/\/api.w.org\/{rel}","templated":true}]}}