{"id":35449,"date":"2025-10-15T14:41:57","date_gmt":"2025-10-15T14:41:57","guid":{"rendered":"https:\/\/www.momengames.com\/index.php\/product\/steelseries-aerox-9-wireless-holey-rgb-gaming-maus-ultraleichtes-wasserfestes-design-18-tasten-bluetooth-24-ghz-18k-dpi-truemove-air-optischer-senso\/"},"modified":"2025-10-15T14:41:57","modified_gmt":"2025-10-15T14:41:57","slug":"steelseries-aerox-9-wireless-holey-rgb-gaming-maus-ultraleichtes-wasserfestes-design-18-tasten-bluetooth-24-ghz-18k-dpi-truemove-air-optischer-senso","status":"publish","type":"product","link":"https:\/\/www.momengames.com\/index.php\/product\/steelseries-aerox-9-wireless-holey-rgb-gaming-maus-ultraleichtes-wasserfestes-design-18-tasten-bluetooth-24-ghz-18k-dpi-truemove-air-optischer-senso\/?lang=de","title":{"rendered":"SteelSeries Aerox 9 Wireless \u2013 Holey RGB-Gaming-Maus \u2013 Ultraleichtes, wasserfestes Design \u2013 18 Tasten \u2013 Bluetooth\/2,4 GHz \u2013 18K DPI TrueMove Air optischer Sensor"},"content":{"rendered":"<p>Die Aerox 9 Wireless kombiniert brillantes RGB mit branchenf\u00fchrendem Design und bietet mit ihrem schlanken 89-g-Geh\u00e4use Komfort und Geschwindigkeit. Die Aerox ist dank AquaBarrier\u2122-Schutz vor Staub, Schmutz und Spritzwasser gesch\u00fctzt und verf\u00fcgt \u00fcber 18 anpassbare Tasten f\u00fcr herausragende Leistungen in MMO- und MOBA-Spielen. \u00dcberlebe die Konkurrenz mit einer hervorragenden Akkulaufzeit von 180 Stunden im 2,4-GHz- oder Bluetooth 5.0-Modus.<\/p>\n<p>UMWERFENDE RGB-Beleuchtung \u2013 Strahlendes 3-Zonen-PrismSync-RGB leuchtet in 16,8 Millionen konfigurierbaren Farben.<\/p>\n<p>ULTRALEICHT \u2013 Das speziell entwickelte, gelochte Geh\u00e4use reduziert das Gewicht auf 89 g f\u00fcr m\u00fcheloses, schnelles Gameplay.<\/p>\n<p>AQUABARRIER \u2013 Das Mausinnere ist dank IP54-Technologie vor Spritzwasser, Staub und Schmutz gesch\u00fctzt.<\/p>\n<p>18 PROGRAMMIERBARE TASTEN \u2013 F\u00fchre die anspruchsvollsten Rotationen aus und greife dank der 12-Tasten-Seitenleiste sofort auf zahlreiche Shortcuts zu.<br \/>\nLEISTUNG, DIE SIE \u00dcBERL\u00c4UFT \u2013 Lange Akkulaufzeit von 180 Stunden dank verz\u00f6gerungsfreier Quantum 2.0 Wireless-Technologie mit 2,4 GHz f\u00fcr Gaming und Bluetooth 5.0.<\/p>\n<p>SCHALTER DER N\u00c4CHSTEN GENERATION \u2013 Golden Micro IP54-Schalter halten l\u00e4nger als ein Leben lang und sorgen f\u00fcr knackige Klicks, au\u00dferdem sind sie staub- und wasserdicht.<\/p>\n<p>PIXELPERFEKTE GENAUIGKEIT \u2013 Der gro\u00dfartige optische TrueMove Air-Gaming-Sensor wurde gemeinsam mit PixArt entwickelt.<\/p>\n","protected":false},"excerpt":{"rendered":"<p>Die Aerox 9 Wireless kombiniert brillantes RGB mit branchenf\u00fchrendem Design und bietet mit ihrem schlanken 89-g-Geh\u00e4use Komfort und Geschwindigkeit. Die Aerox ist dank AquaBarrier\u2122-Schutz vor Staub, Schmutz und Spritzwasser gesch\u00fctzt und verf\u00fcgt \u00fcber 18 anpassbare Tasten f\u00fcr herausragende Leistungen in MMO- und MOBA-Spielen. \u00dcberlebe die Konkurrenz mit einer hervorragenden Akkulaufzeit von 180 Stunden im 2,4-GHz- oder Bluetooth 5.0-Modus.<\/p>\n<p>UMWERFENDE RGB-Beleuchtung \u2013 Strahlendes 3-Zonen-PrismSync-RGB leuchtet in 16,8 Millionen konfigurierbaren Farben.<\/p>\n<p>ULTRALEICHT \u2013 Das speziell entwickelte, gelochte Geh\u00e4use reduziert das Gewicht auf 89 g f\u00fcr m\u00fcheloses, schnelles Gameplay.<\/p>\n<p>AQUABARRIER \u2013 Das Mausinnere ist dank IP54-Technologie vor Spritzwasser, Staub und Schmutz gesch\u00fctzt.<\/p>\n<p>18 PROGRAMMIERBARE TASTEN \u2013 F\u00fchre die anspruchsvollsten Rotationen aus und greife dank der 12-Tasten-Seitenleiste sofort auf zahlreiche Shortcuts zu.<br \/>\nLEISTUNG, DIE SIE \u00dcBERL\u00c4UFT \u2013 Lange Akkulaufzeit von 180 Stunden dank verz\u00f6gerungsfreier Quantum 2.0 Wireless-Technologie mit 2,4 GHz f\u00fcr Gaming und Bluetooth 5.0.<\/p>\n<p>SCHALTER DER N\u00c4CHSTEN GENERATION \u2013 Golden Micro IP54-Schalter halten l\u00e4nger als ein Leben lang und sorgen f\u00fcr knackige Klicks, au\u00dferdem sind sie staub- und wasserdicht.<\/p>\n<p>PIXELPERFEKTE GENAUIGKEIT \u2013 Der gro\u00dfartige optische TrueMove Air-Gaming-Sensor wurde gemeinsam mit PixArt entwickelt.<\/p>\n","protected":false},"featured_media":35431,"comment_status":"open","ping_status":"closed","template":"","meta":{"iawp_total_views":2},"product_brand":[58],"product_cat":[25],"product_tag":[],"class_list":{"0":"post-35449","1":"product","2":"type-product","3":"status-publish","4":"has-post-thumbnail","6":"product_brand-steelseries","7":"product_cat-pc-gamepads-standard-controllers-de","9":"first","10":"instock","11":"sale","12":"taxable","13":"shipping-taxable","14":"purchasable","15":"product-type-simple"},"jetpack_sharing_enabled":true,"_links":{"self":[{"href":"https:\/\/www.momengames.com\/index.php\/wp-json\/wp\/v2\/product\/35449","targetHints":{"allow":["GET"]}}],"collection":[{"href":"https:\/\/www.momengames.com\/index.php\/wp-json\/wp\/v2\/product"}],"about":[{"href":"https:\/\/www.momengames.com\/index.php\/wp-json\/wp\/v2\/types\/product"}],"replies":[{"embeddable":true,"href":"https:\/\/www.momengames.com\/index.php\/wp-json\/wp\/v2\/comments?post=35449"}],"wp:featuredmedia":[{"embeddable":true,"href":"https:\/\/www.momengames.com\/index.php\/wp-json\/wp\/v2\/media\/35431"}],"wp:attachment":[{"href":"https:\/\/www.momengames.com\/index.php\/wp-json\/wp\/v2\/media?parent=35449"}],"wp:term":[{"taxonomy":"product_brand","embeddable":true,"href":"https:\/\/www.momengames.com\/index.php\/wp-json\/wp\/v2\/product_brand?post=35449"},{"taxonomy":"product_cat","embeddable":true,"href":"https:\/\/www.momengames.com\/index.php\/wp-json\/wp\/v2\/product_cat?post=35449"},{"taxonomy":"product_tag","embeddable":true,"href":"https:\/\/www.momengames.com\/index.php\/wp-json\/wp\/v2\/product_tag?post=35449"}],"curies":[{"name":"wp","href":"https:\/\/api.w.org\/{rel}","templated":true}]}}