{"id":35448,"date":"2025-10-15T14:43:45","date_gmt":"2025-10-15T14:43:45","guid":{"rendered":"https:\/\/www.momengames.com\/index.php\/product\/steelseries-apex-pro-tkl-kabellose-hypermagnetic-gaming-tastatur-esports-tenkeyless-oled-bildschirm-einstellbare-betaetigung-pbt-tastenkappen-bluetoot\/"},"modified":"2025-10-15T14:43:45","modified_gmt":"2025-10-15T14:43:45","slug":"steelseries-apex-pro-tkl-kabellose-hypermagnetic-gaming-tastatur-esports-tenkeyless-oled-bildschirm-einstellbare-betaetigung-pbt-tastenkappen-bluetoot","status":"publish","type":"product","link":"https:\/\/www.momengames.com\/index.php\/product\/steelseries-apex-pro-tkl-kabellose-hypermagnetic-gaming-tastatur-esports-tenkeyless-oled-bildschirm-einstellbare-betaetigung-pbt-tastenkappen-bluetoot\/?lang=de","title":{"rendered":"SteelSeries Apex Pro TKL Kabellose HyperMagnetic-Gaming-Tastatur \u2013 Esports Tenkeyless \u2013 OLED-Bildschirm \u2013 Einstellbare Bet\u00e4tigung \u2013 PBT-Tastenkappen \u2013 Bluetooth \u2013 2,4 GHz \u2013 USB-C"},"content":{"rendered":"<p>Die Apex Pro TKL Wireless ist die weltweit erste Gaming-Tastatur mit Hall-Effekt-Magnetschaltern. Sie verf\u00fcgt \u00fcber anpassbare OmniPoint 2.0 HyperMagnetic-Schalter mit Rapid Trigger, vollst\u00e4ndig anpassbare Ausl\u00f6sepunkte und 2-in-1-Aktionstasten f\u00fcr 20-mal schnellere Ausl\u00f6sung und 11-mal schnellere Reaktion \u2013 und das alles auf einem eSports-f\u00e4higen TKL-Formfaktor.<\/p>\n<p>UNENDLICH ANPASSBAR, UNBEGRENZTE GESCHWINDIGKEIT mit anpassbaren OmniPoint 2.0 HyperMagnetic-Schaltern.<\/p>\n<p>RAPID TRIGGER \u2013 Eliminieren Sie Latenzen, die durch die physische Bewegung des Schalters entstehen, durch dynamische Aktivierung und Deaktivierung der Tasten basierend auf der Wegstrecke statt einem festen Punkt im Tastenhub.<\/p>\n<p>ULTIMATIVE KONTROLLE \u2013 40 Ausl\u00f6sestufen pro Taste (0,1\u20134,0 mm) \u2013 stellen Sie WASD f\u00fcr leichte, ultraschnelle Bewegungen ein und legen Sie die Funktionstasten auf tiefes Dr\u00fccken fest, um das versehentliche Ausl\u00f6sen von Spezialaktionen zu vermeiden.<br \/>\n2-IN-1-AKTIONSTASTEN \u2013 Programmieren Sie zwei verschiedene Aktionen auf dieselbe Taste, z. B. Gehen durch leichtes Antippen oder Sprinten durch langes Dr\u00fccken.<br \/>\n20-mal schnellere Ausl\u00f6sung, 11-mal schnellere Reaktion als herk\u00f6mmliche mechanische Tastaturen.<br \/>\nVerz\u00f6gerungsfreie Quantum 2.0 Dual Wireless mit 2,4-GHz-Verbindung und Bluetooth 5.0.<br \/>\nE-Sport-tauglicher TKL-Formfaktor. Vollwertige Funktionalit\u00e4t. Hochwertige Aluminium-Oberplatte. Abnehmbarer USB-C-Anschluss.<\/p>\n","protected":false},"excerpt":{"rendered":"<p>Die Apex Pro TKL Wireless ist die weltweit erste Gaming-Tastatur mit Hall-Effekt-Magnetschaltern. Sie verf\u00fcgt \u00fcber anpassbare OmniPoint 2.0 HyperMagnetic-Schalter mit Rapid Trigger, vollst\u00e4ndig anpassbare Ausl\u00f6sepunkte und 2-in-1-Aktionstasten f\u00fcr 20-mal schnellere Ausl\u00f6sung und 11-mal schnellere Reaktion \u2013 und das alles auf einem eSports-f\u00e4higen TKL-Formfaktor.<\/p>\n<p>UNENDLICH ANPASSBAR, UNBEGRENZTE GESCHWINDIGKEIT mit anpassbaren OmniPoint 2.0 HyperMagnetic-Schaltern.<\/p>\n<p>RAPID TRIGGER \u2013 Eliminieren Sie Latenzen, die durch die physische Bewegung des Schalters entstehen, durch dynamische Aktivierung und Deaktivierung der Tasten basierend auf der Wegstrecke statt einem festen Punkt im Tastenhub.<\/p>\n<p>ULTIMATIVE KONTROLLE \u2013 40 Ausl\u00f6sestufen pro Taste (0,1\u20134,0 mm) \u2013 stellen Sie WASD f\u00fcr leichte, ultraschnelle Bewegungen ein und legen Sie die Funktionstasten auf tiefes Dr\u00fccken fest, um das versehentliche Ausl\u00f6sen von Spezialaktionen zu vermeiden.<br \/>\n2-IN-1-AKTIONSTASTEN \u2013 Programmieren Sie zwei verschiedene Aktionen auf dieselbe Taste, z. B. Gehen durch leichtes Antippen oder Sprinten durch langes Dr\u00fccken.<br \/>\n20-mal schnellere Ausl\u00f6sung, 11-mal schnellere Reaktion als herk\u00f6mmliche mechanische Tastaturen.<br \/>\nVerz\u00f6gerungsfreie Quantum 2.0 Dual Wireless mit 2,4-GHz-Verbindung und Bluetooth 5.0.<br \/>\nE-Sport-tauglicher TKL-Formfaktor. Vollwertige Funktionalit\u00e4t. Hochwertige Aluminium-Oberplatte. Abnehmbarer USB-C-Anschluss.<\/p>\n","protected":false},"featured_media":35428,"comment_status":"open","ping_status":"closed","template":"","meta":{"iawp_total_views":204},"product_brand":[58],"product_cat":[25],"product_tag":[],"class_list":{"0":"post-35448","1":"product","2":"type-product","3":"status-publish","4":"has-post-thumbnail","6":"product_brand-steelseries","7":"product_cat-pc-gamepads-standard-controllers-de","9":"first","10":"instock","11":"sale","12":"taxable","13":"shipping-taxable","14":"purchasable","15":"product-type-simple"},"jetpack_sharing_enabled":true,"_links":{"self":[{"href":"https:\/\/www.momengames.com\/index.php\/wp-json\/wp\/v2\/product\/35448","targetHints":{"allow":["GET"]}}],"collection":[{"href":"https:\/\/www.momengames.com\/index.php\/wp-json\/wp\/v2\/product"}],"about":[{"href":"https:\/\/www.momengames.com\/index.php\/wp-json\/wp\/v2\/types\/product"}],"replies":[{"embeddable":true,"href":"https:\/\/www.momengames.com\/index.php\/wp-json\/wp\/v2\/comments?post=35448"}],"wp:featuredmedia":[{"embeddable":true,"href":"https:\/\/www.momengames.com\/index.php\/wp-json\/wp\/v2\/media\/35428"}],"wp:attachment":[{"href":"https:\/\/www.momengames.com\/index.php\/wp-json\/wp\/v2\/media?parent=35448"}],"wp:term":[{"taxonomy":"product_brand","embeddable":true,"href":"https:\/\/www.momengames.com\/index.php\/wp-json\/wp\/v2\/product_brand?post=35448"},{"taxonomy":"product_cat","embeddable":true,"href":"https:\/\/www.momengames.com\/index.php\/wp-json\/wp\/v2\/product_cat?post=35448"},{"taxonomy":"product_tag","embeddable":true,"href":"https:\/\/www.momengames.com\/index.php\/wp-json\/wp\/v2\/product_tag?post=35448"}],"curies":[{"name":"wp","href":"https:\/\/api.w.org\/{rel}","templated":true}]}}