{"id":35447,"date":"2025-10-15T14:45:50","date_gmt":"2025-10-15T14:45:50","guid":{"rendered":"https:\/\/www.momengames.com\/index.php\/product\/steelseries-rival-5-gaming-maus-mit-prismsync-rgb-beleuchtung-und-9-programmierbaren-tasten-fps-moba-mmo-battle-royale-18-000-cpi-truemove-air-optischer-sensor-schwarz\/"},"modified":"2025-10-15T14:45:50","modified_gmt":"2025-10-15T14:45:50","slug":"steelseries-rival-5-gaming-maus-mit-prismsync-rgb-beleuchtung-und-9-programmierbaren-tasten-fps-moba-mmo-battle-royale-18-000-cpi-truemove-air-optischer-sensor-schwarz","status":"publish","type":"product","link":"https:\/\/www.momengames.com\/index.php\/product\/steelseries-rival-5-gaming-maus-mit-prismsync-rgb-beleuchtung-und-9-programmierbaren-tasten-fps-moba-mmo-battle-royale-18-000-cpi-truemove-air-optischer-sensor-schwarz\/?lang=de","title":{"rendered":"SteelSeries Rival 5 Gaming-Maus mit PrismSync RGB-Beleuchtung und 9 programmierbaren Tasten \u2013 FPS, MOBA, MMO, Battle Royale \u2013 18.000 CPI TrueMove Air optischer Sensor \u2013 Schwarz"},"content":{"rendered":"<p>Eine ergonomische 9-Tasten-Maus mit 5 seitlichen Schnelltasten f\u00fcr h\u00f6chste Geschwindigkeit und Funktionalit\u00e4t in rasanten Battle-Royale-Spielen und mehr. Sie verf\u00fcgt \u00fcber einen optischen TrueMove Air-Gaming-Sensor f\u00fcr h\u00f6chste Pr\u00e4zision, ein Super-Mesh-Kabel und brillante PrismSync-Beleuchtung.<\/p>\n<p>Perfekt f\u00fcr alle Battle-Royale-, FPS-, MOBA-, MMO- und andere rasante Spiele.<br \/>\nPr\u00e4ziser optischer TrueMove Air-Gaming-Sensor mit echtem 1:1-Tracking.<br \/>\nErgonomisches, programmierbares 9-Tasten-Layout mit 5 seitlichen Schnelltasten.<br \/>\n85 g, konkurrenzf\u00e4hig leicht und besonders robust.<br \/>\nGolden Micro IP54-Schalter der n\u00e4chsten Generation.<\/p>\n","protected":false},"excerpt":{"rendered":"<p>Eine ergonomische 9-Tasten-Maus mit 5 seitlichen Schnelltasten f\u00fcr h\u00f6chste Geschwindigkeit und Funktionalit\u00e4t in rasanten Battle-Royale-Spielen und mehr. Sie verf\u00fcgt \u00fcber einen optischen TrueMove Air-Gaming-Sensor f\u00fcr h\u00f6chste Pr\u00e4zision, ein Super-Mesh-Kabel und brillante PrismSync-Beleuchtung.<\/p>\n<p>Perfekt f\u00fcr alle Battle-Royale-, FPS-, MOBA-, MMO- und andere rasante Spiele.<br \/>\nPr\u00e4ziser optischer TrueMove Air-Gaming-Sensor mit echtem 1:1-Tracking.<br \/>\nErgonomisches, programmierbares 9-Tasten-Layout mit 5 seitlichen Schnelltasten.<br \/>\n85 g, konkurrenzf\u00e4hig leicht und besonders robust.<br \/>\nGolden Micro IP54-Schalter der n\u00e4chsten Generation.<\/p>\n","protected":false},"featured_media":35425,"comment_status":"open","ping_status":"closed","template":"","meta":{"iawp_total_views":20},"product_brand":[58],"product_cat":[25],"product_tag":[],"class_list":{"0":"post-35447","1":"product","2":"type-product","3":"status-publish","4":"has-post-thumbnail","6":"product_brand-steelseries","7":"product_cat-pc-gamepads-standard-controllers-de","9":"first","10":"instock","11":"sale","12":"taxable","13":"shipping-taxable","14":"purchasable","15":"product-type-simple"},"jetpack_sharing_enabled":true,"_links":{"self":[{"href":"https:\/\/www.momengames.com\/index.php\/wp-json\/wp\/v2\/product\/35447","targetHints":{"allow":["GET"]}}],"collection":[{"href":"https:\/\/www.momengames.com\/index.php\/wp-json\/wp\/v2\/product"}],"about":[{"href":"https:\/\/www.momengames.com\/index.php\/wp-json\/wp\/v2\/types\/product"}],"replies":[{"embeddable":true,"href":"https:\/\/www.momengames.com\/index.php\/wp-json\/wp\/v2\/comments?post=35447"}],"wp:featuredmedia":[{"embeddable":true,"href":"https:\/\/www.momengames.com\/index.php\/wp-json\/wp\/v2\/media\/35425"}],"wp:attachment":[{"href":"https:\/\/www.momengames.com\/index.php\/wp-json\/wp\/v2\/media?parent=35447"}],"wp:term":[{"taxonomy":"product_brand","embeddable":true,"href":"https:\/\/www.momengames.com\/index.php\/wp-json\/wp\/v2\/product_brand?post=35447"},{"taxonomy":"product_cat","embeddable":true,"href":"https:\/\/www.momengames.com\/index.php\/wp-json\/wp\/v2\/product_cat?post=35447"},{"taxonomy":"product_tag","embeddable":true,"href":"https:\/\/www.momengames.com\/index.php\/wp-json\/wp\/v2\/product_tag?post=35447"}],"curies":[{"name":"wp","href":"https:\/\/api.w.org\/{rel}","templated":true}]}}