{"id":35446,"date":"2025-10-15T14:08:15","date_gmt":"2025-10-15T14:08:15","guid":{"rendered":"https:\/\/www.momengames.com\/index.php\/product\/steelseries-arctis-gamebuds-fuer-xbox-pc-ps5-switch-mobil-quick-switch-24-ghz-bluetooth-5-3-aktive-geraeuschunterdrueckung-mobile-app-wasserfest-ip55\/"},"modified":"2025-10-15T14:08:15","modified_gmt":"2025-10-15T14:08:15","slug":"steelseries-arctis-gamebuds-fuer-xbox-pc-ps5-switch-mobil-quick-switch-24-ghz-bluetooth-5-3-aktive-geraeuschunterdrueckung-mobile-app-wasserfest-ip55","status":"publish","type":"product","link":"https:\/\/www.momengames.com\/index.php\/product\/steelseries-arctis-gamebuds-fuer-xbox-pc-ps5-switch-mobil-quick-switch-24-ghz-bluetooth-5-3-aktive-geraeuschunterdrueckung-mobile-app-wasserfest-ip55\/?lang=de","title":{"rendered":"SteelSeries Arctis GameBuds f\u00fcr Xbox\/PC\/PS5\/Switch\/Mobil \u2013 Quick-Switch 2,4 GHz + Bluetooth 5.3 \u2013 Aktive Ger\u00e4uschunterdr\u00fcckung \u2013 Mobile App \u2013 Wasserfest IP55 \u2013 40-Stunden-Akku mit Qi-Ladecase \u2013 Schwarz"},"content":{"rendered":"<p>Ein echtes Gaming-Headset passt in jede Tasche: Die Arctis GameBuds bieten 2,4-GHz-Funk in Gaming-Qualit\u00e4t und k\u00f6nnen per Quick-Switch auf Bluetooth 5.3 umgeschaltet werden. Ein kleiner L-f\u00f6rmiger Dongle verbindet Sie mit Xbox, PC, Handheld, Steam Deck, Switch, VR, Mobilger\u00e4ten und mehr. Tauchen Sie tiefer ein mit ANC (umschaltbar mit Transparenzmodus) und 360\u00b0 Spatial Sound. In der Companion App finden Sie \u00fcber 100 fein abgestimmte Audio-Voreinstellungen f\u00fcr Top-Games. Mit 10 Stunden Akkulaufzeit h\u00e4lt es Ihre Gaming-Session durch und bietet bis zu 40 Stunden Nutzungsdauer mit insgesamt 3 Ladungen \u00fcber Ihr Qi-Ladecase. Dank IP55-Wasserbest\u00e4ndigkeit k\u00f6nnen Sie die Ohrst\u00f6psel in 3 Gr\u00f6\u00dfen und mit anpassbaren Ohrsteuerungen \u00fcberallhin mitnehmen.<\/p>\n<p>QUICK-SWITCH DUAL WIRELESS \u2013 Hochgeschwindigkeits-2,4-GHz-Funk speziell f\u00fcr Xbox- und Konsolenspiele oder per Bluetooth 5.3 f\u00fcr Mobilger\u00e4te.<br \/>\nAKTIVE GER\u00c4USCHUNTERDR\u00dcCKUNG \u2013 Hybrid-ANC mit 4 Mikrofonen sorgt f\u00fcr echtes Gaming-Erlebnis; f\u00fcr mehr Aufmerksamkeit kann der Transparenzmodus umgeschaltet werden.<\/p>\n<p>\u00dcBER 100 GAME-AUDIO-VOREINSTELLUNGEN \u2013 Die benutzerfreundliche SteelSeries Arctis Companion App enth\u00e4lt \u00fcber 100 Voreinstellungen zur Verst\u00e4rkung wichtiger Ger\u00e4usche im Spiel auf Xbox, PC und anderen Ger\u00e4ten.<\/p>\n<p>360\u00b0-RAUM-AUDIO \u2013 Immersiver Sound versetzt Sie mitten ins Geschehen mit Richtungsbewusstsein, verst\u00e4rkt durch spezielle Neodym-Magnettreiber.<\/p>\n<p>LANGE AKKULAUFZEIT \u2013 10 Stunden Akkulaufzeit f\u00fcr Marathon-Sessions, erweiterbar mit einem Qi-Ladecase mit 3 zus\u00e4tzlichen Ladungen f\u00fcr bis zu 40 Stunden Nutzung.<\/p>\n","protected":false},"excerpt":{"rendered":"<p>Ein echtes Gaming-Headset passt in jede Tasche: Die Arctis GameBuds bieten 2,4-GHz-Funk in Gaming-Qualit\u00e4t und k\u00f6nnen per Quick-Switch auf Bluetooth 5.3 umgeschaltet werden. Ein kleiner L-f\u00f6rmiger Dongle verbindet Sie mit Xbox, PC, Handheld, Steam Deck, Switch, VR, Mobilger\u00e4ten und mehr. Tauchen Sie tiefer ein mit ANC (umschaltbar mit Transparenzmodus) und 360\u00b0 Spatial Sound. In der Companion App finden Sie \u00fcber 100 fein abgestimmte Audio-Voreinstellungen f\u00fcr Top-Games. Mit 10 Stunden Akkulaufzeit h\u00e4lt es Ihre Gaming-Session durch und bietet bis zu 40 Stunden Nutzungsdauer mit insgesamt 3 Ladungen \u00fcber Ihr Qi-Ladecase. Dank IP55-Wasserbest\u00e4ndigkeit k\u00f6nnen Sie die Ohrst\u00f6psel in 3 Gr\u00f6\u00dfen und mit anpassbaren Ohrsteuerungen \u00fcberallhin mitnehmen.<\/p>\n<p>QUICK-SWITCH DUAL WIRELESS \u2013 Hochgeschwindigkeits-2,4-GHz-Funk speziell f\u00fcr Xbox- und Konsolenspiele oder per Bluetooth 5.3 f\u00fcr Mobilger\u00e4te.<br \/>\nAKTIVE GER\u00c4USCHUNTERDR\u00dcCKUNG \u2013 Hybrid-ANC mit 4 Mikrofonen sorgt f\u00fcr echtes Gaming-Erlebnis; f\u00fcr mehr Aufmerksamkeit kann der Transparenzmodus umgeschaltet werden.<\/p>\n<p>\u00dcBER 100 GAME-AUDIO-VOREINSTELLUNGEN \u2013 Die benutzerfreundliche SteelSeries Arctis Companion App enth\u00e4lt \u00fcber 100 Voreinstellungen zur Verst\u00e4rkung wichtiger Ger\u00e4usche im Spiel auf Xbox, PC und anderen Ger\u00e4ten.<\/p>\n<p>360\u00b0-RAUM-AUDIO \u2013 Immersiver Sound versetzt Sie mitten ins Geschehen mit Richtungsbewusstsein, verst\u00e4rkt durch spezielle Neodym-Magnettreiber.<\/p>\n<p>LANGE AKKULAUFZEIT \u2013 10 Stunden Akkulaufzeit f\u00fcr Marathon-Sessions, erweiterbar mit einem Qi-Ladecase mit 3 zus\u00e4tzlichen Ladungen f\u00fcr bis zu 40 Stunden Nutzung.<\/p>\n","protected":false},"featured_media":35421,"comment_status":"open","ping_status":"closed","template":"","meta":{"iawp_total_views":6},"product_brand":[58],"product_cat":[15],"product_tag":[],"class_list":{"0":"post-35446","1":"product","2":"type-product","3":"status-publish","4":"has-post-thumbnail","6":"product_brand-steelseries","7":"product_cat-electronics-accessories","9":"first","10":"instock","11":"sale","12":"taxable","13":"shipping-taxable","14":"purchasable","15":"product-type-simple"},"jetpack_sharing_enabled":true,"_links":{"self":[{"href":"https:\/\/www.momengames.com\/index.php\/wp-json\/wp\/v2\/product\/35446","targetHints":{"allow":["GET"]}}],"collection":[{"href":"https:\/\/www.momengames.com\/index.php\/wp-json\/wp\/v2\/product"}],"about":[{"href":"https:\/\/www.momengames.com\/index.php\/wp-json\/wp\/v2\/types\/product"}],"replies":[{"embeddable":true,"href":"https:\/\/www.momengames.com\/index.php\/wp-json\/wp\/v2\/comments?post=35446"}],"wp:featuredmedia":[{"embeddable":true,"href":"https:\/\/www.momengames.com\/index.php\/wp-json\/wp\/v2\/media\/35421"}],"wp:attachment":[{"href":"https:\/\/www.momengames.com\/index.php\/wp-json\/wp\/v2\/media?parent=35446"}],"wp:term":[{"taxonomy":"product_brand","embeddable":true,"href":"https:\/\/www.momengames.com\/index.php\/wp-json\/wp\/v2\/product_brand?post=35446"},{"taxonomy":"product_cat","embeddable":true,"href":"https:\/\/www.momengames.com\/index.php\/wp-json\/wp\/v2\/product_cat?post=35446"},{"taxonomy":"product_tag","embeddable":true,"href":"https:\/\/www.momengames.com\/index.php\/wp-json\/wp\/v2\/product_tag?post=35446"}],"curies":[{"name":"wp","href":"https:\/\/api.w.org\/{rel}","templated":true}]}}