{"id":35445,"date":"2025-10-15T13:55:40","date_gmt":"2025-10-15T13:55:40","guid":{"rendered":"https:\/\/www.momengames.com\/index.php\/product\/steelseries-neues-arctis-nova-3-multiplattform-gaming-headset-signature-arctis-sound-clearcast-gen-2-mikrofon-pc-ps5-ps4-xbox-series-xs-switch-mobil-schwarz\/"},"modified":"2025-10-15T13:55:40","modified_gmt":"2025-10-15T13:55:40","slug":"steelseries-neues-arctis-nova-3-multiplattform-gaming-headset-signature-arctis-sound-clearcast-gen-2-mikrofon-pc-ps5-ps4-xbox-series-xs-switch-mobil-schwarz","status":"publish","type":"product","link":"https:\/\/www.momengames.com\/index.php\/product\/steelseries-neues-arctis-nova-3-multiplattform-gaming-headset-signature-arctis-sound-clearcast-gen-2-mikrofon-pc-ps5-ps4-xbox-series-xs-switch-mobil-schwarz\/?lang=de","title":{"rendered":"SteelSeries Neues Arctis Nova 3 Multiplattform-Gaming-Headset \u2013 Signature Arctis Sound \u2013 ClearCast Gen 2 Mikrofon \u2013 PC, PS5\/PS4, Xbox Series X|S, Switch, Mobil, Schwarz"},"content":{"rendered":"<p>\u00dcberragender Klang war noch nie so leicht: Das Arctis Nova 3 kombiniert Hardware und Software f\u00fcr \u00fcberragende Klangqualit\u00e4t mit Hi-Fi-Treibern, 360\u00b0-Raumklang und einem parametrischen 10-Band-EQ. KI-Algorithmen steuern das Mikrofon mit Ger\u00e4uschunterdr\u00fcckung, um Hintergrundger\u00e4usche zu reduzieren. PrismSync RGB bringt Ihren Style in 16,8 Millionen Farben zum Leuchten \u2013 und das alles mit einem komfortablen, verstellbaren und leichten Headset mit USB-C-Anschluss.<\/p>\n<p>Dynamische RGB-Beleuchtung \u2013 Begeistern Sie mit anpassbaren, dynamischen 16,8 Millionen Farboptionen, die auf In-Game-Ereignisse reagieren und sich mit anderen Ger\u00e4ten synchronisieren. Zeigen Sie Ihren individuellen Stil auf PC und Konsole.<\/p>\n<p>\u00dcberragender Klang \u2013 Das speziell entwickelte Nova Acoustic System bietet erstklassigen Gaming-Sound mit Hi-Fi-Treibern. Passen Sie Ihr ideales Klangerlebnis mit dem ersten professionellen parametrischen EQ f\u00fcr Gaming an. Spezifische Produktverwendung: Gaming. KI-gest\u00fctztes Mikrofon mit Ger\u00e4uschunterdr\u00fcckung \u2013 Das ClearCast Gen 2-Mikrofon unterdr\u00fcckt Hintergrundger\u00e4usche und sorgt dank der leistungsstarken KI-Algorithmen von Sonar Software f\u00fcr kristallklare Kommunikation. F\u00fcr ein eleganteres Design l\u00e4sst sich das Mikrofon vollst\u00e4ndig in die H\u00f6rmuschel einziehen.<\/p>\n<p>Multiplattform-Unterst\u00fctzung \u2013 Einfache Verbindung mit kompatiblen Plattformen wie PC, PlayStation oder Switch \u00fcber USB-C. Funktioniert auch hervorragend mit Mobilger\u00e4ten.<\/p>\n<p>Anpassbar f\u00fcr perfekten Sitz \u2013 Das ComfortMAX-System verf\u00fcgt \u00fcber h\u00f6henverstellbare, drehbare H\u00f6rmuscheln mit AirWeave Memory Foam-Polstern und einem elastischen B\u00fcgel. Das leichte Headset bietet Komfort, egal wie lange Sie spielen.<\/p>\n<p>360-Grad-Raumklang \u2013 Immersiver Surround-Sound versetzt Sie in die Gaming-Welt und l\u00e4sst Sie jeden wichtigen Schritt, jedes Nachladen und jedes Sprachsignal h\u00f6ren, um Ihnen einen Vorteil zu verschaffen. *Vollst\u00e4ndig kompatibel mit Tempest 3D Audio f\u00fcr PS5 \/ Microsoft Spatial Sound.<\/p>\n","protected":false},"excerpt":{"rendered":"<p>\u00dcberragender Klang war noch nie so leicht: Das Arctis Nova 3 kombiniert Hardware und Software f\u00fcr \u00fcberragende Klangqualit\u00e4t mit Hi-Fi-Treibern, 360\u00b0-Raumklang und einem parametrischen 10-Band-EQ. KI-Algorithmen steuern das Mikrofon mit Ger\u00e4uschunterdr\u00fcckung, um Hintergrundger\u00e4usche zu reduzieren. PrismSync RGB bringt Ihren Style in 16,8 Millionen Farben zum Leuchten \u2013 und das alles mit einem komfortablen, verstellbaren und leichten Headset mit USB-C-Anschluss.<\/p>\n<p>Dynamische RGB-Beleuchtung \u2013 Begeistern Sie mit anpassbaren, dynamischen 16,8 Millionen Farboptionen, die auf In-Game-Ereignisse reagieren und sich mit anderen Ger\u00e4ten synchronisieren. Zeigen Sie Ihren individuellen Stil auf PC und Konsole.<\/p>\n<p>\u00dcberragender Klang \u2013 Das speziell entwickelte Nova Acoustic System bietet erstklassigen Gaming-Sound mit Hi-Fi-Treibern. Passen Sie Ihr ideales Klangerlebnis mit dem ersten professionellen parametrischen EQ f\u00fcr Gaming an. Spezifische Produktverwendung: Gaming. KI-gest\u00fctztes Mikrofon mit Ger\u00e4uschunterdr\u00fcckung \u2013 Das ClearCast Gen 2-Mikrofon unterdr\u00fcckt Hintergrundger\u00e4usche und sorgt dank der leistungsstarken KI-Algorithmen von Sonar Software f\u00fcr kristallklare Kommunikation. F\u00fcr ein eleganteres Design l\u00e4sst sich das Mikrofon vollst\u00e4ndig in die H\u00f6rmuschel einziehen.<\/p>\n<p>Multiplattform-Unterst\u00fctzung \u2013 Einfache Verbindung mit kompatiblen Plattformen wie PC, PlayStation oder Switch \u00fcber USB-C. Funktioniert auch hervorragend mit Mobilger\u00e4ten.<\/p>\n<p>Anpassbar f\u00fcr perfekten Sitz \u2013 Das ComfortMAX-System verf\u00fcgt \u00fcber h\u00f6henverstellbare, drehbare H\u00f6rmuscheln mit AirWeave Memory Foam-Polstern und einem elastischen B\u00fcgel. Das leichte Headset bietet Komfort, egal wie lange Sie spielen.<\/p>\n<p>360-Grad-Raumklang \u2013 Immersiver Surround-Sound versetzt Sie in die Gaming-Welt und l\u00e4sst Sie jeden wichtigen Schritt, jedes Nachladen und jedes Sprachsignal h\u00f6ren, um Ihnen einen Vorteil zu verschaffen. *Vollst\u00e4ndig kompatibel mit Tempest 3D Audio f\u00fcr PS5 \/ Microsoft Spatial Sound.<\/p>\n","protected":false},"featured_media":35417,"comment_status":"open","ping_status":"closed","template":"","meta":{"iawp_total_views":22},"product_brand":[58],"product_cat":[15],"product_tag":[],"class_list":{"0":"post-35445","1":"product","2":"type-product","3":"status-publish","4":"has-post-thumbnail","6":"product_brand-steelseries","7":"product_cat-electronics-accessories","9":"first","10":"instock","11":"sale","12":"taxable","13":"shipping-taxable","14":"purchasable","15":"product-type-simple"},"jetpack_sharing_enabled":true,"_links":{"self":[{"href":"https:\/\/www.momengames.com\/index.php\/wp-json\/wp\/v2\/product\/35445","targetHints":{"allow":["GET"]}}],"collection":[{"href":"https:\/\/www.momengames.com\/index.php\/wp-json\/wp\/v2\/product"}],"about":[{"href":"https:\/\/www.momengames.com\/index.php\/wp-json\/wp\/v2\/types\/product"}],"replies":[{"embeddable":true,"href":"https:\/\/www.momengames.com\/index.php\/wp-json\/wp\/v2\/comments?post=35445"}],"wp:featuredmedia":[{"embeddable":true,"href":"https:\/\/www.momengames.com\/index.php\/wp-json\/wp\/v2\/media\/35417"}],"wp:attachment":[{"href":"https:\/\/www.momengames.com\/index.php\/wp-json\/wp\/v2\/media?parent=35445"}],"wp:term":[{"taxonomy":"product_brand","embeddable":true,"href":"https:\/\/www.momengames.com\/index.php\/wp-json\/wp\/v2\/product_brand?post=35445"},{"taxonomy":"product_cat","embeddable":true,"href":"https:\/\/www.momengames.com\/index.php\/wp-json\/wp\/v2\/product_cat?post=35445"},{"taxonomy":"product_tag","embeddable":true,"href":"https:\/\/www.momengames.com\/index.php\/wp-json\/wp\/v2\/product_tag?post=35445"}],"curies":[{"name":"wp","href":"https:\/\/api.w.org\/{rel}","templated":true}]}}