{"id":35444,"date":"2025-10-15T13:38:34","date_gmt":"2025-10-15T13:38:34","guid":{"rendered":"https:\/\/www.momengames.com\/index.php\/product\/steelseries-arctis-nova-7-kabelloses-multiplattform-gaming-headset-neodym-magnettreiber-24-ghz-mischbares-bluetooth-38-stunden-usb-c-akku-clearcast-gen2-ai-m\/"},"modified":"2025-10-15T13:38:34","modified_gmt":"2025-10-15T13:38:34","slug":"steelseries-arctis-nova-7-kabelloses-multiplattform-gaming-headset-neodym-magnettreiber-24-ghz-mischbares-bluetooth-38-stunden-usb-c-akku-clearcast-gen2-ai-m","status":"publish","type":"product","link":"https:\/\/www.momengames.com\/index.php\/product\/steelseries-arctis-nova-7-kabelloses-multiplattform-gaming-headset-neodym-magnettreiber-24-ghz-mischbares-bluetooth-38-stunden-usb-c-akku-clearcast-gen2-ai-m\/?lang=de","title":{"rendered":"SteelSeries Arctis Nova 7 Kabelloses Multiplattform-Gaming-Headset \u2013 Neodym-Magnettreiber \u2013 2,4 GHz + mischbares Bluetooth \u2013 38-Stunden-USB-C-Akku \u2013 ClearCast Gen2 AI-Mikrofon \u2013 PC, PS5, Switch, VR, Mobilger\u00e4te"},"content":{"rendered":"<p>\u00dcberwinden Sie das Allt\u00e4gliche und erleben Sie Almighty Audio, eine \u00fcberlegene Kombination aus Hardware und Software. Das Nova Acoustic System umfasst benutzerdefinierte Audiotreiber, 360\u00b0 Spatial Audio und einen parametrischen 10-Band-EQ von Sonar Software. H\u00f6ren Sie zwei Audiostreams gleichzeitig \u00fcber 2,4 GHz und Bluetooth und wechseln Sie dank USB-C ganz einfach zwischen PC, Mac, PlayStation und Switch.<\/p>\n<p>NEODYM-MAGNET-TREIBER \u2013 Diese Treiber erzeugen eine ultradetaillierte Klanglandschaft mit kristallklaren H\u00f6hen, pr\u00e4zisen Mitten und tiefen B\u00e4ssen f\u00fcr Ihre Weltraumreise.<\/p>\n<p>DUAL-AUDIO-STREAMS \u2013 Verbinden Sie Ihr Mobilger\u00e4t direkt f\u00fcr unterwegs oder mischen Sie Anrufe oder Musik mit Ihrem Spiele-Audio, wenn Sie zu Hause sind.<\/p>\n<p>PLATTFORM\u00dcBERGREIFENDES KABELLOSES SYSTEM \u2013 Sofortiges, verlustfreies kabelloses Spielen auf Ihrem PC, Ihrer PlayStation, Ihrer Switch oder Ihrem Tablet mit einem tragbaren USB-C-Dongle (USB-C-auf-USB-A-Kabel ebenfalls im Lieferumfang enthalten).<br \/>\n38 STUNDEN AKKULAUFZEIT \u2013 Mit USB-C-Schnellladefunktion schnell wieder einsatzbereit. Nach 15 Minuten Ladezeit sind 6 Stunden Spielzeit m\u00f6glich.<\/p>\n<p>360\u00b0-RAUM-AUDIO \u2013 H\u00f6ren Sie alles aus jeder Richtung f\u00fcr ein vollst\u00e4ndiges Eintauchen und optimales Situationsbewusstsein; kompatibel mit Tempest 3D Audio.<\/p>\n<p>R\u00f6ntgen-H\u00f6ren \u2013 Verst\u00e4rken Sie Schritte, Nachladen oder was auch immer Ihnen zum Sieg verhilft, mit \u00fcber 100 Spielvoreinstellungen. Unterst\u00fctzt durch Sonar Software.<\/p>\n<p>KI-Ger\u00e4uschunterdr\u00fcckung \u2013 Eliminiert alle Ger\u00e4usche, die nicht Ihre Stimme sind, damit Sie laut und deutlich geh\u00f6rt werden.<\/p>\n","protected":false},"excerpt":{"rendered":"<p>\u00dcberwinden Sie das Allt\u00e4gliche und erleben Sie Almighty Audio, eine \u00fcberlegene Kombination aus Hardware und Software. Das Nova Acoustic System umfasst benutzerdefinierte Audiotreiber, 360\u00b0 Spatial Audio und einen parametrischen 10-Band-EQ von Sonar Software. H\u00f6ren Sie zwei Audiostreams gleichzeitig \u00fcber 2,4 GHz und Bluetooth und wechseln Sie dank USB-C ganz einfach zwischen PC, Mac, PlayStation und Switch.<\/p>\n<p>NEODYM-MAGNET-TREIBER \u2013 Diese Treiber erzeugen eine ultradetaillierte Klanglandschaft mit kristallklaren H\u00f6hen, pr\u00e4zisen Mitten und tiefen B\u00e4ssen f\u00fcr Ihre Weltraumreise.<\/p>\n<p>DUAL-AUDIO-STREAMS \u2013 Verbinden Sie Ihr Mobilger\u00e4t direkt f\u00fcr unterwegs oder mischen Sie Anrufe oder Musik mit Ihrem Spiele-Audio, wenn Sie zu Hause sind.<\/p>\n<p>PLATTFORM\u00dcBERGREIFENDES KABELLOSES SYSTEM \u2013 Sofortiges, verlustfreies kabelloses Spielen auf Ihrem PC, Ihrer PlayStation, Ihrer Switch oder Ihrem Tablet mit einem tragbaren USB-C-Dongle (USB-C-auf-USB-A-Kabel ebenfalls im Lieferumfang enthalten).<br \/>\n38 STUNDEN AKKULAUFZEIT \u2013 Mit USB-C-Schnellladefunktion schnell wieder einsatzbereit. Nach 15 Minuten Ladezeit sind 6 Stunden Spielzeit m\u00f6glich.<\/p>\n<p>360\u00b0-RAUM-AUDIO \u2013 H\u00f6ren Sie alles aus jeder Richtung f\u00fcr ein vollst\u00e4ndiges Eintauchen und optimales Situationsbewusstsein; kompatibel mit Tempest 3D Audio.<\/p>\n<p>R\u00f6ntgen-H\u00f6ren \u2013 Verst\u00e4rken Sie Schritte, Nachladen oder was auch immer Ihnen zum Sieg verhilft, mit \u00fcber 100 Spielvoreinstellungen. Unterst\u00fctzt durch Sonar Software.<\/p>\n<p>KI-Ger\u00e4uschunterdr\u00fcckung \u2013 Eliminiert alle Ger\u00e4usche, die nicht Ihre Stimme sind, damit Sie laut und deutlich geh\u00f6rt werden.<\/p>\n","protected":false},"featured_media":35410,"comment_status":"open","ping_status":"closed","template":"","meta":{"iawp_total_views":10},"product_brand":[58],"product_cat":[15],"product_tag":[],"class_list":{"0":"post-35444","1":"product","2":"type-product","3":"status-publish","4":"has-post-thumbnail","6":"product_brand-steelseries","7":"product_cat-electronics-accessories","9":"first","10":"instock","11":"sale","12":"taxable","13":"shipping-taxable","14":"purchasable","15":"product-type-simple"},"jetpack_sharing_enabled":true,"_links":{"self":[{"href":"https:\/\/www.momengames.com\/index.php\/wp-json\/wp\/v2\/product\/35444","targetHints":{"allow":["GET"]}}],"collection":[{"href":"https:\/\/www.momengames.com\/index.php\/wp-json\/wp\/v2\/product"}],"about":[{"href":"https:\/\/www.momengames.com\/index.php\/wp-json\/wp\/v2\/types\/product"}],"replies":[{"embeddable":true,"href":"https:\/\/www.momengames.com\/index.php\/wp-json\/wp\/v2\/comments?post=35444"}],"wp:featuredmedia":[{"embeddable":true,"href":"https:\/\/www.momengames.com\/index.php\/wp-json\/wp\/v2\/media\/35410"}],"wp:attachment":[{"href":"https:\/\/www.momengames.com\/index.php\/wp-json\/wp\/v2\/media?parent=35444"}],"wp:term":[{"taxonomy":"product_brand","embeddable":true,"href":"https:\/\/www.momengames.com\/index.php\/wp-json\/wp\/v2\/product_brand?post=35444"},{"taxonomy":"product_cat","embeddable":true,"href":"https:\/\/www.momengames.com\/index.php\/wp-json\/wp\/v2\/product_cat?post=35444"},{"taxonomy":"product_tag","embeddable":true,"href":"https:\/\/www.momengames.com\/index.php\/wp-json\/wp\/v2\/product_tag?post=35444"}],"curies":[{"name":"wp","href":"https:\/\/api.w.org\/{rel}","templated":true}]}}