{"id":35443,"date":"2025-10-15T13:31:04","date_gmt":"2025-10-15T13:31:04","guid":{"rendered":"https:\/\/www.momengames.com\/index.php\/product\/steelseries-arctis-3-all-platform-gaming-headset-fuer-pc-playstation-5-xbox-one-nintendo-switch-schwarz\/"},"modified":"2025-10-15T13:31:04","modified_gmt":"2025-10-15T13:31:04","slug":"steelseries-arctis-3-all-platform-gaming-headset-fuer-pc-playstation-5-xbox-one-nintendo-switch-schwarz","status":"publish","type":"product","link":"https:\/\/www.momengames.com\/index.php\/product\/steelseries-arctis-3-all-platform-gaming-headset-fuer-pc-playstation-5-xbox-one-nintendo-switch-schwarz\/?lang=de","title":{"rendered":"SteelSeries Arctis 3 \u2013 All-Platform-Gaming-Headset \u2013 f\u00fcr PC, PlayStation 5, Xbox One, Nintendo Switch \u2013 Schwarz"},"content":{"rendered":"<p>Arctic stellt alles in den Schatten, was Sie \u00fcber Gaming-Headsets wissen: mit komplett \u00fcberarbeitetem Klang, einem neuen Mikrofondesign mit un\u00fcbertroffener Klarheit und verbessertem Komfort dank von Sportbekleidung inspirierter Materialien. Arctic 3 bietet pure Leistung und Style ohne Kompromisse.<\/p>\n<p>F\u00fcr optimale PS5-Kompatibilit\u00e4t m\u00fcssen die Einstellungen der Sony PS5 ge\u00e4ndert werden: Sony 3D Audio deaktivieren und die Standardlautst\u00e4rke auf 100 % erh\u00f6hen.<\/p>\n<p>Entwickelt f\u00fcr Gaming \u00fcberall: \u00dcberragender Klang, Komfort und Style auf allen Gaming-Plattformen, einschlie\u00dflich PC, PlayStation, Xbox One und Nintendo Switch \u00fcber abnehmbare 3,5-mm-Kabel.<\/p>\n<p>Das Discord-zertifizierte Clear Cast-Mikrofon gilt als das beste Gaming-Mikrofon und bietet Sprachverst\u00e4ndlichkeit in Studioqualit\u00e4t und Unterdr\u00fcckung von Hintergrundger\u00e4uschen.<\/p>\n<p>Mit den S1-Lautsprechertreibern, die f\u00fcr extrem verzerrungsarmen Klang entwickelt wurden, ist Sound Ihr Wettbewerbsvorteil \u2013 h\u00f6ren Sie jedes Detail.<br \/>\nSpielen Sie den ganzen Tag mit den vom Sport inspirierten Air Weave-Ohrpolstern aus Funktionsgewebe, die Ihre Ohren k\u00fchl und trocken halten.<\/p>\n<p>Windows Sonic Spatial Audio ist vollst\u00e4ndig kompatibel mit dem nativen Surround Sound von Windows 10-PCs und Xbox One-Konsolen. Kopfh\u00f6rerempfindlichkeit: 98 dB.<\/p>\n","protected":false},"excerpt":{"rendered":"<p>Arctic stellt alles in den Schatten, was Sie \u00fcber Gaming-Headsets wissen: mit komplett \u00fcberarbeitetem Klang, einem neuen Mikrofondesign mit un\u00fcbertroffener Klarheit und verbessertem Komfort dank von Sportbekleidung inspirierter Materialien. Arctic 3 bietet pure Leistung und Style ohne Kompromisse.<\/p>\n<p>F\u00fcr optimale PS5-Kompatibilit\u00e4t m\u00fcssen die Einstellungen der Sony PS5 ge\u00e4ndert werden: Sony 3D Audio deaktivieren und die Standardlautst\u00e4rke auf 100 % erh\u00f6hen.<\/p>\n<p>Entwickelt f\u00fcr Gaming \u00fcberall: \u00dcberragender Klang, Komfort und Style auf allen Gaming-Plattformen, einschlie\u00dflich PC, PlayStation, Xbox One und Nintendo Switch \u00fcber abnehmbare 3,5-mm-Kabel.<\/p>\n<p>Das Discord-zertifizierte Clear Cast-Mikrofon gilt als das beste Gaming-Mikrofon und bietet Sprachverst\u00e4ndlichkeit in Studioqualit\u00e4t und Unterdr\u00fcckung von Hintergrundger\u00e4uschen.<\/p>\n<p>Mit den S1-Lautsprechertreibern, die f\u00fcr extrem verzerrungsarmen Klang entwickelt wurden, ist Sound Ihr Wettbewerbsvorteil \u2013 h\u00f6ren Sie jedes Detail.<br \/>\nSpielen Sie den ganzen Tag mit den vom Sport inspirierten Air Weave-Ohrpolstern aus Funktionsgewebe, die Ihre Ohren k\u00fchl und trocken halten.<\/p>\n<p>Windows Sonic Spatial Audio ist vollst\u00e4ndig kompatibel mit dem nativen Surround Sound von Windows 10-PCs und Xbox One-Konsolen. Kopfh\u00f6rerempfindlichkeit: 98 dB.<\/p>\n","protected":false},"featured_media":35405,"comment_status":"open","ping_status":"closed","template":"","meta":{"iawp_total_views":163},"product_brand":[58],"product_cat":[15],"product_tag":[],"class_list":{"0":"post-35443","1":"product","2":"type-product","3":"status-publish","4":"has-post-thumbnail","6":"product_brand-steelseries","7":"product_cat-electronics-accessories","9":"first","10":"instock","11":"taxable","12":"shipping-taxable","13":"purchasable","14":"product-type-simple"},"jetpack_sharing_enabled":true,"_links":{"self":[{"href":"https:\/\/www.momengames.com\/index.php\/wp-json\/wp\/v2\/product\/35443","targetHints":{"allow":["GET"]}}],"collection":[{"href":"https:\/\/www.momengames.com\/index.php\/wp-json\/wp\/v2\/product"}],"about":[{"href":"https:\/\/www.momengames.com\/index.php\/wp-json\/wp\/v2\/types\/product"}],"replies":[{"embeddable":true,"href":"https:\/\/www.momengames.com\/index.php\/wp-json\/wp\/v2\/comments?post=35443"}],"wp:featuredmedia":[{"embeddable":true,"href":"https:\/\/www.momengames.com\/index.php\/wp-json\/wp\/v2\/media\/35405"}],"wp:attachment":[{"href":"https:\/\/www.momengames.com\/index.php\/wp-json\/wp\/v2\/media?parent=35443"}],"wp:term":[{"taxonomy":"product_brand","embeddable":true,"href":"https:\/\/www.momengames.com\/index.php\/wp-json\/wp\/v2\/product_brand?post=35443"},{"taxonomy":"product_cat","embeddable":true,"href":"https:\/\/www.momengames.com\/index.php\/wp-json\/wp\/v2\/product_cat?post=35443"},{"taxonomy":"product_tag","embeddable":true,"href":"https:\/\/www.momengames.com\/index.php\/wp-json\/wp\/v2\/product_tag?post=35443"}],"curies":[{"name":"wp","href":"https:\/\/api.w.org\/{rel}","templated":true}]}}