{"id":35442,"date":"2025-10-15T13:22:19","date_gmt":"2025-10-15T13:22:19","guid":{"rendered":"https:\/\/www.momengames.com\/index.php\/product\/steelseries-arctis-nova-1-multi-system-gaming-headset-hi-fi-treiber-360-raumklang-komfort-design-langlebig-ultraleicht-mikrofon-mit-ge\/"},"modified":"2025-10-15T13:22:19","modified_gmt":"2025-10-15T13:22:19","slug":"steelseries-arctis-nova-1-multi-system-gaming-headset-hi-fi-treiber-360-raumklang-komfort-design-langlebig-ultraleicht-mikrofon-mit-ge","status":"publish","type":"product","link":"https:\/\/www.momengames.com\/index.php\/product\/steelseries-arctis-nova-1-multi-system-gaming-headset-hi-fi-treiber-360-raumklang-komfort-design-langlebig-ultraleicht-mikrofon-mit-ge\/?lang=de","title":{"rendered":"SteelSeries Arctis Nova 1 Multi-System-Gaming-Headset \u2013 Hi-Fi-Treiber \u2013 360\u00b0-Raumklang \u2013 Komfort-Design \u2013 Langlebig \u2013 Ultraleicht \u2013 Mikrofon mit Ger\u00e4uschunterdr\u00fcckung \u2013 PC, PS5\/PS4, Switch, Xbox \u2013 Wei\u00df"},"content":{"rendered":"<p>\u00dcberragender Klang war noch nie so zug\u00e4nglich: Das Arctis Nova 1 kombiniert Hardware und Software f\u00fcr \u00fcberragende Klangqualit\u00e4t mit Hi-Fi-Treibern, immersivem 360\u00b0-Raumklang und einem parametrischen 10-Band-EQ f\u00fcr vielf\u00e4ltige Anpassungsm\u00f6glichkeiten. Nutzen Sie ein Mikrofon mit Ger\u00e4uschunterdr\u00fcckung auf jeder Plattform mit einem komfortablen, verstellbaren und leichten Headset.<\/p>\n<p>\u00dcberragender Klang \u2013 Das speziell entwickelte Nova Acoustic System bietet erstklassigen Gaming-Sound mit Hi-Fi-Treibern. Passen Sie Ihr ideales Klangerlebnis mit dem ersten professionellen parametrischen EQ f\u00fcr Gaming an.<\/p>\n<p>360-Grad-Raumklang \u2013 Immersiver Surround-Sound versetzt Sie in die Gaming-Welt und l\u00e4sst Sie jeden wichtigen Schritt, jedes Nachladen und jedes Sprachsignal h\u00f6ren, um Ihnen einen Vorteil zu verschaffen. *Vollst\u00e4ndig kompatibel mit Tempest 3D Audio f\u00fcr PS5 \/ Microsoft Spatial Sound.<\/p>\n<p>Anpassbar f\u00fcr perfekten Sitz \u2013 Das ComfortMAX-System umfasst h\u00f6henverstellbare, drehbare Ohrmuscheln mit AirWeave-Memory-Polsterung und einem elastischen B\u00fcgel. Das leichte Headset bietet hohen Tragekomfort, egal wie lange Sie spielen.<\/p>\n<p>KI-gest\u00fctztes Mikrofon mit Ger\u00e4uschunterdr\u00fcckung \u2013 Stummschalten von Hintergrundger\u00e4uschen in Ihrem Mikrofon und im Team-Chat mit den leistungsstarken KI-Algorithmen der Sonar Software (kostenloser Download).<\/p>\n<p>Plattform\u00fcbergreifende Unterst\u00fctzung \u2013 Einfacher Anschluss an jede Spielekonsole mit 3,5-mm-Klinkenstecker, z. B. PC, Mac, PlayStation, Xbox oder Switch. Funktioniert auch hervorragend mit Mobilger\u00e4ten.<\/p>\n<p>Einfache Einstellungen \u2013 Integrierte Bedienelemente erm\u00f6glichen bequeme Lautst\u00e4rkeregelung und Stummschaltung am Headset.<\/p>\n","protected":false},"excerpt":{"rendered":"<p>\u00dcberragender Klang war noch nie so zug\u00e4nglich: Das Arctis Nova 1 kombiniert Hardware und Software f\u00fcr \u00fcberragende Klangqualit\u00e4t mit Hi-Fi-Treibern, immersivem 360\u00b0-Raumklang und einem parametrischen 10-Band-EQ f\u00fcr vielf\u00e4ltige Anpassungsm\u00f6glichkeiten. Nutzen Sie ein Mikrofon mit Ger\u00e4uschunterdr\u00fcckung auf jeder Plattform mit einem komfortablen, verstellbaren und leichten Headset.<\/p>\n<p>\u00dcberragender Klang \u2013 Das speziell entwickelte Nova Acoustic System bietet erstklassigen Gaming-Sound mit Hi-Fi-Treibern. Passen Sie Ihr ideales Klangerlebnis mit dem ersten professionellen parametrischen EQ f\u00fcr Gaming an.<\/p>\n<p>360-Grad-Raumklang \u2013 Immersiver Surround-Sound versetzt Sie in die Gaming-Welt und l\u00e4sst Sie jeden wichtigen Schritt, jedes Nachladen und jedes Sprachsignal h\u00f6ren, um Ihnen einen Vorteil zu verschaffen. *Vollst\u00e4ndig kompatibel mit Tempest 3D Audio f\u00fcr PS5 \/ Microsoft Spatial Sound.<\/p>\n<p>Anpassbar f\u00fcr perfekten Sitz \u2013 Das ComfortMAX-System umfasst h\u00f6henverstellbare, drehbare Ohrmuscheln mit AirWeave-Memory-Polsterung und einem elastischen B\u00fcgel. Das leichte Headset bietet hohen Tragekomfort, egal wie lange Sie spielen.<\/p>\n<p>KI-gest\u00fctztes Mikrofon mit Ger\u00e4uschunterdr\u00fcckung \u2013 Stummschalten von Hintergrundger\u00e4uschen in Ihrem Mikrofon und im Team-Chat mit den leistungsstarken KI-Algorithmen der Sonar Software (kostenloser Download).<\/p>\n<p>Plattform\u00fcbergreifende Unterst\u00fctzung \u2013 Einfacher Anschluss an jede Spielekonsole mit 3,5-mm-Klinkenstecker, z. B. PC, Mac, PlayStation, Xbox oder Switch. Funktioniert auch hervorragend mit Mobilger\u00e4ten.<\/p>\n<p>Einfache Einstellungen \u2013 Integrierte Bedienelemente erm\u00f6glichen bequeme Lautst\u00e4rkeregelung und Stummschaltung am Headset.<\/p>\n","protected":false},"featured_media":35401,"comment_status":"open","ping_status":"closed","template":"","meta":{"iawp_total_views":0},"product_brand":[58],"product_cat":[15],"product_tag":[],"class_list":{"0":"post-35442","1":"product","2":"type-product","3":"status-publish","4":"has-post-thumbnail","6":"product_brand-steelseries","7":"product_cat-electronics-accessories","9":"first","10":"instock","11":"taxable","12":"shipping-taxable","13":"purchasable","14":"product-type-simple"},"jetpack_sharing_enabled":true,"_links":{"self":[{"href":"https:\/\/www.momengames.com\/index.php\/wp-json\/wp\/v2\/product\/35442","targetHints":{"allow":["GET"]}}],"collection":[{"href":"https:\/\/www.momengames.com\/index.php\/wp-json\/wp\/v2\/product"}],"about":[{"href":"https:\/\/www.momengames.com\/index.php\/wp-json\/wp\/v2\/types\/product"}],"replies":[{"embeddable":true,"href":"https:\/\/www.momengames.com\/index.php\/wp-json\/wp\/v2\/comments?post=35442"}],"wp:featuredmedia":[{"embeddable":true,"href":"https:\/\/www.momengames.com\/index.php\/wp-json\/wp\/v2\/media\/35401"}],"wp:attachment":[{"href":"https:\/\/www.momengames.com\/index.php\/wp-json\/wp\/v2\/media?parent=35442"}],"wp:term":[{"taxonomy":"product_brand","embeddable":true,"href":"https:\/\/www.momengames.com\/index.php\/wp-json\/wp\/v2\/product_brand?post=35442"},{"taxonomy":"product_cat","embeddable":true,"href":"https:\/\/www.momengames.com\/index.php\/wp-json\/wp\/v2\/product_cat?post=35442"},{"taxonomy":"product_tag","embeddable":true,"href":"https:\/\/www.momengames.com\/index.php\/wp-json\/wp\/v2\/product_tag?post=35442"}],"curies":[{"name":"wp","href":"https:\/\/api.w.org\/{rel}","templated":true}]}}