{"id":35384,"date":"2025-10-14T14:04:45","date_gmt":"2025-10-14T14:04:45","guid":{"rendered":"https:\/\/www.momengames.com\/index.php\/product\/razer-blackshark-v2-pro-casque-de-jeu-esport-sans-fil-haut-de-gamme-technologie-sans-fil-hyper-speed-haut-parleurs-tri-force-titanium-50-mm-micro-supercardioide-hyper-clear-rainbow-6-siege\/"},"modified":"2025-10-14T14:04:45","modified_gmt":"2025-10-14T14:04:45","slug":"razer-blackshark-v2-pro-casque-de-jeu-esport-sans-fil-haut-de-gamme-technologie-sans-fil-hyper-speed-haut-parleurs-tri-force-titanium-50-mm-micro-supercardioide-hyper-clear-rainbow-6-siege","status":"publish","type":"product","link":"https:\/\/www.momengames.com\/index.php\/product\/razer-blackshark-v2-pro-casque-de-jeu-esport-sans-fil-haut-de-gamme-technologie-sans-fil-hyper-speed-haut-parleurs-tri-force-titanium-50-mm-micro-supercardioide-hyper-clear-rainbow-6-siege\/?lang=fr","title":{"rendered":"Razer BlackShark V2 Pro &#8211; Casque de jeu eSport sans fil haut de gamme (technologie sans fil Hyper Speed, haut-parleurs Tri Force Titanium 50 mm, micro supercardio\u00efde Hyper Clear) Rainbow 6 Siege"},"content":{"rendered":"<p>Technologie sans fil Razer HyperSpeed\u00a0: Gr\u00e2ce \u00e0 une transmission haut d\u00e9bit et une latence extr\u00eamement faible, notre connexion sans fil 2,4\u00a0GHz, leader du march\u00e9, garantit un son sans perte, toujours synchronis\u00e9 avec votre jeu. Vous ne manquerez donc jamais le rythme.<\/p>\n<p>Transducteurs Razer TriForce Titanium 50\u00a0mm\u00a0: Dot\u00e9s de diaphragmes rev\u00eatus de titane pour une clart\u00e9 accrue, notre nouvelle conception exclusive de pointe divise le transducteur en 3 parties pour un r\u00e9glage individuel des aigus, des m\u00e9diums et des graves, produisant un son plus clair et plus lumineux, avec des aigus plus riches et des graves plus puissants.<\/p>\n<p>Microphone supercardio\u00efde Razer HyperClear\u00a0: Capable de couper les bruits ambiants arri\u00e8re et lat\u00e9raux, le micro amovible de 9,9\u00a0mm offre une meilleure isolation vocale et une reproduction plus fid\u00e8le de votre voix, avec un r\u00e9glage plus pr\u00e9cis via Razer Synapse.<br \/>\nR\u00e9duction de bruit passive avanc\u00e9e\u00a0: Des acclamations de la foule au bourdonnement de votre \u00e9quipement, isolez-vous du bruit gr\u00e2ce \u00e0 des \u00e9couteurs ferm\u00e9s sp\u00e9ciaux qui enveloppent enti\u00e8rement vos oreilles, renforc\u00e9s par des coussinets moelleux qui forment une \u00e9tanch\u00e9it\u00e9 parfaite pour une meilleure isolation phonique.<br \/>\nCoussinets d&#8217;oreille en mousse \u00e0 m\u00e9moire de forme respirante ultra-douce\u00a0: Envelopp\u00e9s dans du similicuir moelleux, la densit\u00e9 am\u00e9lior\u00e9e de la mousse r\u00e9duit consid\u00e9rablement la force de serrage du casque, tandis qu&#8217;un tissu respirant minimise la transpiration et l&#8217;accumulation de chaleur g\u00e9n\u00e9r\u00e9es par le contact avec la peau.<\/p>\n","protected":false},"excerpt":{"rendered":"<p>Technologie sans fil Razer HyperSpeed\u00a0: Gr\u00e2ce \u00e0 une transmission haut d\u00e9bit et une latence extr\u00eamement faible, notre connexion sans fil 2,4\u00a0GHz, leader du march\u00e9, garantit un son sans perte, toujours synchronis\u00e9 avec votre jeu. Vous ne manquerez donc jamais le rythme.<\/p>\n<p>Transducteurs Razer TriForce Titanium 50\u00a0mm\u00a0: Dot\u00e9s de diaphragmes rev\u00eatus de titane pour une clart\u00e9 accrue, notre nouvelle conception exclusive de pointe divise le transducteur en 3 parties pour un r\u00e9glage individuel des aigus, des m\u00e9diums et des graves, produisant un son plus clair et plus lumineux, avec des aigus plus riches et des graves plus puissants.<\/p>\n<p>Microphone supercardio\u00efde Razer HyperClear\u00a0: Capable de couper les bruits ambiants arri\u00e8re et lat\u00e9raux, le micro amovible de 9,9\u00a0mm offre une meilleure isolation vocale et une reproduction plus fid\u00e8le de votre voix, avec un r\u00e9glage plus pr\u00e9cis via Razer Synapse.<br \/>\nR\u00e9duction de bruit passive avanc\u00e9e\u00a0: Des acclamations de la foule au bourdonnement de votre \u00e9quipement, isolez-vous du bruit gr\u00e2ce \u00e0 des \u00e9couteurs ferm\u00e9s sp\u00e9ciaux qui enveloppent enti\u00e8rement vos oreilles, renforc\u00e9s par des coussinets moelleux qui forment une \u00e9tanch\u00e9it\u00e9 parfaite pour une meilleure isolation phonique.<br \/>\nCoussinets d&#8217;oreille en mousse \u00e0 m\u00e9moire de forme respirante ultra-douce\u00a0: Envelopp\u00e9s dans du similicuir moelleux, la densit\u00e9 am\u00e9lior\u00e9e de la mousse r\u00e9duit consid\u00e9rablement la force de serrage du casque, tandis qu&#8217;un tissu respirant minimise la transpiration et l&#8217;accumulation de chaleur g\u00e9n\u00e9r\u00e9es par le contact avec la peau.<\/p>\n","protected":false},"featured_media":35353,"comment_status":"open","ping_status":"closed","template":"","meta":{"iawp_total_views":1},"product_brand":[57],"product_cat":[15],"product_tag":[],"class_list":{"0":"post-35384","1":"product","2":"type-product","3":"status-publish","4":"has-post-thumbnail","6":"product_brand-razer","7":"product_cat-electronics-accessories","9":"first","10":"instock","11":"sale","12":"taxable","13":"shipping-taxable","14":"purchasable","15":"product-type-simple"},"jetpack_sharing_enabled":true,"_links":{"self":[{"href":"https:\/\/www.momengames.com\/index.php\/wp-json\/wp\/v2\/product\/35384","targetHints":{"allow":["GET"]}}],"collection":[{"href":"https:\/\/www.momengames.com\/index.php\/wp-json\/wp\/v2\/product"}],"about":[{"href":"https:\/\/www.momengames.com\/index.php\/wp-json\/wp\/v2\/types\/product"}],"replies":[{"embeddable":true,"href":"https:\/\/www.momengames.com\/index.php\/wp-json\/wp\/v2\/comments?post=35384"}],"wp:featuredmedia":[{"embeddable":true,"href":"https:\/\/www.momengames.com\/index.php\/wp-json\/wp\/v2\/media\/35353"}],"wp:attachment":[{"href":"https:\/\/www.momengames.com\/index.php\/wp-json\/wp\/v2\/media?parent=35384"}],"wp:term":[{"taxonomy":"product_brand","embeddable":true,"href":"https:\/\/www.momengames.com\/index.php\/wp-json\/wp\/v2\/product_brand?post=35384"},{"taxonomy":"product_cat","embeddable":true,"href":"https:\/\/www.momengames.com\/index.php\/wp-json\/wp\/v2\/product_cat?post=35384"},{"taxonomy":"product_tag","embeddable":true,"href":"https:\/\/www.momengames.com\/index.php\/wp-json\/wp\/v2\/product_tag?post=35384"}],"curies":[{"name":"wp","href":"https:\/\/api.w.org\/{rel}","templated":true}]}}