{"id":35382,"date":"2025-10-14T11:23:51","date_gmt":"2025-10-14T11:23:51","guid":{"rendered":"https:\/\/www.momengames.com\/index.php\/product\/casque-gaming-razer-blackshark-v2-son-surround-spatial-thx-7-1-haut-parleurs-50-mm-micro-amovible-pour-pc-ps4-ps5-switch-xbox-one-xbox-series-x-et-s-prise-jack-35-mm-et-conv\/"},"modified":"2025-10-14T11:23:51","modified_gmt":"2025-10-14T11:23:51","slug":"casque-gaming-razer-blackshark-v2-son-surround-spatial-thx-7-1-haut-parleurs-50-mm-micro-amovible-pour-pc-ps4-ps5-switch-xbox-one-xbox-series-x-et-s-prise-jack-35-mm-et-conv","status":"publish","type":"product","link":"https:\/\/www.momengames.com\/index.php\/product\/casque-gaming-razer-blackshark-v2-son-surround-spatial-thx-7-1-haut-parleurs-50-mm-micro-amovible-pour-pc-ps4-ps5-switch-xbox-one-xbox-series-x-et-s-prise-jack-35-mm-et-conv\/?lang=fr","title":{"rendered":"Casque gaming Razer BlackShark V2\u00a0: son surround spatial THX 7.1, haut-parleurs 50\u00a0mm, micro amovible, pour PC, PS4, PS5, Switch, Xbox One, Xbox Series X et S, prise jack 3,5\u00a0mm et convertisseur num\u00e9rique-analogique USB, CourageJD (renouvel\u00e9)"},"content":{"rendered":"<p>Compatible avec le son surround THX 7.1\u00a0: Offre un r\u00e9alisme audio de pointe pour une immersion totale en jeu gr\u00e2ce \u00e0 des informations audio spatiales pr\u00e9cises, au-del\u00e0 des signaux directionnels standard du son surround 7.1.<br \/>\nConception l\u00e9g\u00e8re et confortable avec coussinets en mousse \u00e0 m\u00e9moire de forme\u00a0: Envelopp\u00e9s dans un similicuir moelleux, la densit\u00e9 am\u00e9lior\u00e9e de la mousse r\u00e9duit consid\u00e9rablement la force de serrage du casque, tandis qu&#8217;un tissu respirant minimise la transpiration et l&#8217;accumulation de chaleur au contact de la peau.<br \/>\nTransducteurs haut de gamme Triforce Titanium 50\u00a0mm\u00a0: Dot\u00e9s de diaphragmes rev\u00eatus de titane pour une clart\u00e9 accrue, notre nouvelle conception exclusive et innovante divise le transducteur en trois parties pour un r\u00e9glage individuel des aigus, des m\u00e9diums et des graves, produisant un son plus clair et plus lumineux, avec des aigus plus riches et des graves plus puissants.<br \/>\nMicrophone cardio\u00efde Razer Hyperclear amovible\u00a0: Capable de couper les bruits ambiants \u00e0 l&#8217;arri\u00e8re et sur les c\u00f4t\u00e9s, le micro amovible de 9,9\u00a0mm offre une meilleure isolation vocale et une restitution plus fid\u00e8le de votre voix, avec un r\u00e9glage plus pr\u00e9cis via Razer Synapse. Compatibilit\u00e9\u00a0: Le DAC audio se connecte via un connecteur USB\u00a0; THX Spatial Audio est disponible uniquement sur Windows\u00a010\u00a064\u00a0bits.<\/p>\n","protected":false},"excerpt":{"rendered":"<p>Compatible avec le son surround THX 7.1\u00a0: Offre un r\u00e9alisme audio de pointe pour une immersion totale en jeu gr\u00e2ce \u00e0 des informations audio spatiales pr\u00e9cises, au-del\u00e0 des signaux directionnels standard du son surround 7.1.<br \/>\nConception l\u00e9g\u00e8re et confortable avec coussinets en mousse \u00e0 m\u00e9moire de forme\u00a0: Envelopp\u00e9s dans un similicuir moelleux, la densit\u00e9 am\u00e9lior\u00e9e de la mousse r\u00e9duit consid\u00e9rablement la force de serrage du casque, tandis qu&#8217;un tissu respirant minimise la transpiration et l&#8217;accumulation de chaleur au contact de la peau.<br \/>\nTransducteurs haut de gamme Triforce Titanium 50\u00a0mm\u00a0: Dot\u00e9s de diaphragmes rev\u00eatus de titane pour une clart\u00e9 accrue, notre nouvelle conception exclusive et innovante divise le transducteur en trois parties pour un r\u00e9glage individuel des aigus, des m\u00e9diums et des graves, produisant un son plus clair et plus lumineux, avec des aigus plus riches et des graves plus puissants.<br \/>\nMicrophone cardio\u00efde Razer Hyperclear amovible\u00a0: Capable de couper les bruits ambiants \u00e0 l&#8217;arri\u00e8re et sur les c\u00f4t\u00e9s, le micro amovible de 9,9\u00a0mm offre une meilleure isolation vocale et une restitution plus fid\u00e8le de votre voix, avec un r\u00e9glage plus pr\u00e9cis via Razer Synapse. Compatibilit\u00e9\u00a0: Le DAC audio se connecte via un connecteur USB\u00a0; THX Spatial Audio est disponible uniquement sur Windows\u00a010\u00a064\u00a0bits.<\/p>\n","protected":false},"featured_media":35338,"comment_status":"open","ping_status":"closed","template":"","meta":{"iawp_total_views":0},"product_brand":[57],"product_cat":[15],"product_tag":[],"class_list":{"0":"post-35382","1":"product","2":"type-product","3":"status-publish","4":"has-post-thumbnail","6":"product_brand-razer","7":"product_cat-electronics-accessories","9":"first","10":"instock","11":"taxable","12":"shipping-taxable","13":"purchasable","14":"product-type-simple"},"jetpack_sharing_enabled":true,"_links":{"self":[{"href":"https:\/\/www.momengames.com\/index.php\/wp-json\/wp\/v2\/product\/35382","targetHints":{"allow":["GET"]}}],"collection":[{"href":"https:\/\/www.momengames.com\/index.php\/wp-json\/wp\/v2\/product"}],"about":[{"href":"https:\/\/www.momengames.com\/index.php\/wp-json\/wp\/v2\/types\/product"}],"replies":[{"embeddable":true,"href":"https:\/\/www.momengames.com\/index.php\/wp-json\/wp\/v2\/comments?post=35382"}],"wp:featuredmedia":[{"embeddable":true,"href":"https:\/\/www.momengames.com\/index.php\/wp-json\/wp\/v2\/media\/35338"}],"wp:attachment":[{"href":"https:\/\/www.momengames.com\/index.php\/wp-json\/wp\/v2\/media?parent=35382"}],"wp:term":[{"taxonomy":"product_brand","embeddable":true,"href":"https:\/\/www.momengames.com\/index.php\/wp-json\/wp\/v2\/product_brand?post=35382"},{"taxonomy":"product_cat","embeddable":true,"href":"https:\/\/www.momengames.com\/index.php\/wp-json\/wp\/v2\/product_cat?post=35382"},{"taxonomy":"product_tag","embeddable":true,"href":"https:\/\/www.momengames.com\/index.php\/wp-json\/wp\/v2\/product_tag?post=35382"}],"curies":[{"name":"wp","href":"https:\/\/api.w.org\/{rel}","templated":true}]}}