{"id":35381,"date":"2025-10-14T11:17:01","date_gmt":"2025-10-14T11:17:01","guid":{"rendered":"https:\/\/www.momengames.com\/index.php\/product\/kraken-ultimate-casque-audio-usb-avec-microphone-antibruit-actif-microphone-antibruit-actif-haut-parleurs-50-mm-personnalises-audio-spatial-thx-construction-en-aluminium-et-acier-noir\/"},"modified":"2025-10-14T11:17:01","modified_gmt":"2025-10-14T11:17:01","slug":"kraken-ultimate-casque-audio-usb-avec-microphone-antibruit-actif-microphone-antibruit-actif-haut-parleurs-50-mm-personnalises-audio-spatial-thx-construction-en-aluminium-et-acier-noir","status":"publish","type":"product","link":"https:\/\/www.momengames.com\/index.php\/product\/kraken-ultimate-casque-audio-usb-avec-microphone-antibruit-actif-microphone-antibruit-actif-haut-parleurs-50-mm-personnalises-audio-spatial-thx-construction-en-aluminium-et-acier-noir\/?lang=fr","title":{"rendered":"Kraken Ultimate &#8211; Casque audio USB avec microphone antibruit actif (microphone antibruit actif, haut-parleurs 50 mm personnalis\u00e9s, audio spatial THX, construction en aluminium et acier) Noir"},"content":{"rendered":"<p>AUDIO SPATIAL THX Pour un son surround d&#8217;une pr\u00e9cision extr\u00eame\u00a0: Prenez l&#8217;avantage sur vos adversaires\u00a0: suivez-les avec une pr\u00e9cision et une perception pr\u00e9cises gr\u00e2ce \u00e0 un son positionnel distinct et pr\u00e9cis qui vous permet de les localiser avant m\u00eame qu&#8217;ils ne soient \u00e0 port\u00e9e de vue.<br \/>\nMICROPHONE \u00c0 R\u00c9DUCTION DE BRUIT ACTIVE Pour une communication d&#8217;\u00e9quipe limpide\u00a0: Assurez une clart\u00e9 absolue lors de la transmission d&#8217;informations \u00e0 votre \u00e9quipe, gr\u00e2ce \u00e0 un microphone hautement optimis\u00e9 qui \u00e9limine efficacement les bruits de fond tels que le ventilateur, la climatisation et les \u00e9quipements.<br \/>\nCONSTRUCTION EN ALUMINIUM ET ACIER Pour une durabilit\u00e9 et une l\u00e9g\u00e8ret\u00e9 exceptionnelles\u00a0: Son cadre en aluminium bauxite et son arceau en acier inoxydable rendent le casque l\u00e9ger, flexible et incroyablement durable, con\u00e7u pour r\u00e9sister \u00e0 des sessions de jeu intenses pendant des ann\u00e9es.<br \/>\nTRANSDUCTEURS DE 50\u00a0MM PERSONNALIS\u00c9S Pour un son puissant et d\u00e9taill\u00e9 avec des basses immersives\u00a0: La clart\u00e9 sonore sup\u00e9rieure et les basses profondes et percutantes du Razer Kraken Ultimate cr\u00e9ent un paysage sonore riche qui capture parfaitement chaque pas et chaque coup de feu pour un avantage concurrentiel. \u00c9CLAIRAGE RAZER CHROMA RGB UNDERGLOW Pour un style personnalisable : avec 16,8 millions de couleurs et une suite d&#8217;effets, les \u00e9couteurs du casque s&#8217;illuminent avec un \u00e9clairage sous-lumineux qui peut \u00eatre modifi\u00e9 pour un look vraiment personnalis\u00e9.<\/p>\n","protected":false},"excerpt":{"rendered":"<p>AUDIO SPATIAL THX Pour un son surround d&#8217;une pr\u00e9cision extr\u00eame\u00a0: Prenez l&#8217;avantage sur vos adversaires\u00a0: suivez-les avec une pr\u00e9cision et une perception pr\u00e9cises gr\u00e2ce \u00e0 un son positionnel distinct et pr\u00e9cis qui vous permet de les localiser avant m\u00eame qu&#8217;ils ne soient \u00e0 port\u00e9e de vue.<br \/>\nMICROPHONE \u00c0 R\u00c9DUCTION DE BRUIT ACTIVE Pour une communication d&#8217;\u00e9quipe limpide\u00a0: Assurez une clart\u00e9 absolue lors de la transmission d&#8217;informations \u00e0 votre \u00e9quipe, gr\u00e2ce \u00e0 un microphone hautement optimis\u00e9 qui \u00e9limine efficacement les bruits de fond tels que le ventilateur, la climatisation et les \u00e9quipements.<br \/>\nCONSTRUCTION EN ALUMINIUM ET ACIER Pour une durabilit\u00e9 et une l\u00e9g\u00e8ret\u00e9 exceptionnelles\u00a0: Son cadre en aluminium bauxite et son arceau en acier inoxydable rendent le casque l\u00e9ger, flexible et incroyablement durable, con\u00e7u pour r\u00e9sister \u00e0 des sessions de jeu intenses pendant des ann\u00e9es.<br \/>\nTRANSDUCTEURS DE 50\u00a0MM PERSONNALIS\u00c9S Pour un son puissant et d\u00e9taill\u00e9 avec des basses immersives\u00a0: La clart\u00e9 sonore sup\u00e9rieure et les basses profondes et percutantes du Razer Kraken Ultimate cr\u00e9ent un paysage sonore riche qui capture parfaitement chaque pas et chaque coup de feu pour un avantage concurrentiel. \u00c9CLAIRAGE RAZER CHROMA RGB UNDERGLOW Pour un style personnalisable : avec 16,8 millions de couleurs et une suite d&#8217;effets, les \u00e9couteurs du casque s&#8217;illuminent avec un \u00e9clairage sous-lumineux qui peut \u00eatre modifi\u00e9 pour un look vraiment personnalis\u00e9.<\/p>\n","protected":false},"featured_media":35334,"comment_status":"open","ping_status":"closed","template":"","meta":{"iawp_total_views":0},"product_brand":[57],"product_cat":[15],"product_tag":[],"class_list":{"0":"post-35381","1":"product","2":"type-product","3":"status-publish","4":"has-post-thumbnail","6":"product_brand-razer","7":"product_cat-electronics-accessories","9":"first","10":"instock","11":"sale","12":"taxable","13":"shipping-taxable","14":"purchasable","15":"product-type-simple"},"jetpack_sharing_enabled":true,"_links":{"self":[{"href":"https:\/\/www.momengames.com\/index.php\/wp-json\/wp\/v2\/product\/35381","targetHints":{"allow":["GET"]}}],"collection":[{"href":"https:\/\/www.momengames.com\/index.php\/wp-json\/wp\/v2\/product"}],"about":[{"href":"https:\/\/www.momengames.com\/index.php\/wp-json\/wp\/v2\/types\/product"}],"replies":[{"embeddable":true,"href":"https:\/\/www.momengames.com\/index.php\/wp-json\/wp\/v2\/comments?post=35381"}],"wp:featuredmedia":[{"embeddable":true,"href":"https:\/\/www.momengames.com\/index.php\/wp-json\/wp\/v2\/media\/35334"}],"wp:attachment":[{"href":"https:\/\/www.momengames.com\/index.php\/wp-json\/wp\/v2\/media?parent=35381"}],"wp:term":[{"taxonomy":"product_brand","embeddable":true,"href":"https:\/\/www.momengames.com\/index.php\/wp-json\/wp\/v2\/product_brand?post=35381"},{"taxonomy":"product_cat","embeddable":true,"href":"https:\/\/www.momengames.com\/index.php\/wp-json\/wp\/v2\/product_cat?post=35381"},{"taxonomy":"product_tag","embeddable":true,"href":"https:\/\/www.momengames.com\/index.php\/wp-json\/wp\/v2\/product_tag?post=35381"}],"curies":[{"name":"wp","href":"https:\/\/api.w.org\/{rel}","templated":true}]}}