{"id":35380,"date":"2025-10-14T10:57:51","date_gmt":"2025-10-14T10:57:51","guid":{"rendered":"https:\/\/www.momengames.com\/index.php\/product\/casque-de-jeu-sans-fil-razer-kraken-v4-24-ghz-bluetooth-usb-micro-large-bande-transducteurs-40-mm-eclairage-rvb-9-zones-pour-pc-mac-ps5-nintendo\/"},"modified":"2025-10-14T10:57:51","modified_gmt":"2025-10-14T10:57:51","slug":"casque-de-jeu-sans-fil-razer-kraken-v4-24-ghz-bluetooth-usb-micro-large-bande-transducteurs-40-mm-eclairage-rvb-9-zones-pour-pc-mac-ps5-nintendo","status":"publish","type":"product","link":"https:\/\/www.momengames.com\/index.php\/product\/casque-de-jeu-sans-fil-razer-kraken-v4-24-ghz-bluetooth-usb-micro-large-bande-transducteurs-40-mm-eclairage-rvb-9-zones-pour-pc-mac-ps5-nintendo\/?lang=fr","title":{"rendered":"Casque de jeu sans fil Razer Kraken V4\u00a0: 2,4\u00a0GHz, Bluetooth, USB\u00a0&#8211; Micro large bande\u00a0&#8211; Transducteurs 40\u00a0mm\u00a0&#8211; \u00c9clairage RVB 9\u00a0zones\u00a0&#8211; Pour PC, Mac, PS5, Nintendo Switch\u00a02, Steam Deck, Smartphone\u00a0&#8211; Noir"},"content":{"rendered":"<p>TRANSPARENTS TRIFORCE TITANIUM 40 MM \u2014 La conception brevet\u00e9e des transducteurs Razer en 3 parties produit des aigus, des m\u00e9diums et des graves exceptionnels, sans ternir, pour une exp\u00e9rience d&#8217;\u00e9coute plus dynamique et une immersion totale.<\/p>\n<p>3 MODES DE CONNECTIVIT\u00c9 \u2014 Du PC \u00e0 la console en passant par le t\u00e9l\u00e9phone, profitez d&#8217;une immersion audio totale gr\u00e2ce \u00e0 la connexion sans fil ultra-rapide 2,4 GHz, au Bluetooth, ou restez branch\u00e9 pour jouer sans interruption via une connexion filaire USB.<\/p>\n<p>MICRO R\u00c9TRACTABLE HYPERCLEAR SUPER WIDEBAND \u2014 Ce microphone r\u00e9tractable nouvelle g\u00e9n\u00e9ration couvre une fr\u00e9quence sonore plus large et capture un niveau de d\u00e9tail vocal incroyable, pour un son clair, riche et naturel.<\/p>\n<p>THX SPATIAL AUDIO \u2014 Gr\u00e2ce \u00e0 notre son surround 7.1 avanc\u00e9, profitez d&#8217;une acoustique r\u00e9aliste qui optimise la conception sonore du jeu et entendez tout comme si vous \u00e9tiez au c\u0153ur de l&#8217;action.<\/p>\n<p>\u00c9CLAIRAGE RVB CHROMA 9 ZONES \u2014 Avec un acc\u00e8s \u00e0 16,8 millions de couleurs et une suite d&#8217;effets d&#8217;\u00e9clairage, appliquez vos param\u00e8tres pr\u00e9f\u00e9r\u00e9s et regardez-les fonctionner de mani\u00e8re fluide avec plus de 300 jeux et 500 appareils chez plus de 50 partenaires.<br \/>\nMIXAGE RAPIDE JEU\/CHAT ET \u00c9QUILIBRE DU VOLUME \u2014 Basculez facilement entre le r\u00e9glage du volume g\u00e9n\u00e9ral ou le mixage jeu\/chat et obtenez le bon \u00e9quilibre entre le son du jeu et les communications vocales, m\u00eame dans le chaos des combats.<\/p>\n","protected":false},"excerpt":{"rendered":"<p>TRANSPARENTS TRIFORCE TITANIUM 40 MM \u2014 La conception brevet\u00e9e des transducteurs Razer en 3 parties produit des aigus, des m\u00e9diums et des graves exceptionnels, sans ternir, pour une exp\u00e9rience d&#8217;\u00e9coute plus dynamique et une immersion totale.<\/p>\n<p>3 MODES DE CONNECTIVIT\u00c9 \u2014 Du PC \u00e0 la console en passant par le t\u00e9l\u00e9phone, profitez d&#8217;une immersion audio totale gr\u00e2ce \u00e0 la connexion sans fil ultra-rapide 2,4 GHz, au Bluetooth, ou restez branch\u00e9 pour jouer sans interruption via une connexion filaire USB.<\/p>\n<p>MICRO R\u00c9TRACTABLE HYPERCLEAR SUPER WIDEBAND \u2014 Ce microphone r\u00e9tractable nouvelle g\u00e9n\u00e9ration couvre une fr\u00e9quence sonore plus large et capture un niveau de d\u00e9tail vocal incroyable, pour un son clair, riche et naturel.<\/p>\n<p>THX SPATIAL AUDIO \u2014 Gr\u00e2ce \u00e0 notre son surround 7.1 avanc\u00e9, profitez d&#8217;une acoustique r\u00e9aliste qui optimise la conception sonore du jeu et entendez tout comme si vous \u00e9tiez au c\u0153ur de l&#8217;action.<\/p>\n<p>\u00c9CLAIRAGE RVB CHROMA 9 ZONES \u2014 Avec un acc\u00e8s \u00e0 16,8 millions de couleurs et une suite d&#8217;effets d&#8217;\u00e9clairage, appliquez vos param\u00e8tres pr\u00e9f\u00e9r\u00e9s et regardez-les fonctionner de mani\u00e8re fluide avec plus de 300 jeux et 500 appareils chez plus de 50 partenaires.<br \/>\nMIXAGE RAPIDE JEU\/CHAT ET \u00c9QUILIBRE DU VOLUME \u2014 Basculez facilement entre le r\u00e9glage du volume g\u00e9n\u00e9ral ou le mixage jeu\/chat et obtenez le bon \u00e9quilibre entre le son du jeu et les communications vocales, m\u00eame dans le chaos des combats.<\/p>\n","protected":false},"featured_media":35330,"comment_status":"open","ping_status":"closed","template":"","meta":{"iawp_total_views":1},"product_brand":[57],"product_cat":[15],"product_tag":[],"class_list":{"0":"post-35380","1":"product","2":"type-product","3":"status-publish","4":"has-post-thumbnail","6":"product_brand-razer","7":"product_cat-electronics-accessories","9":"first","10":"instock","11":"sale","12":"taxable","13":"shipping-taxable","14":"purchasable","15":"product-type-simple"},"jetpack_sharing_enabled":true,"_links":{"self":[{"href":"https:\/\/www.momengames.com\/index.php\/wp-json\/wp\/v2\/product\/35380","targetHints":{"allow":["GET"]}}],"collection":[{"href":"https:\/\/www.momengames.com\/index.php\/wp-json\/wp\/v2\/product"}],"about":[{"href":"https:\/\/www.momengames.com\/index.php\/wp-json\/wp\/v2\/types\/product"}],"replies":[{"embeddable":true,"href":"https:\/\/www.momengames.com\/index.php\/wp-json\/wp\/v2\/comments?post=35380"}],"wp:featuredmedia":[{"embeddable":true,"href":"https:\/\/www.momengames.com\/index.php\/wp-json\/wp\/v2\/media\/35330"}],"wp:attachment":[{"href":"https:\/\/www.momengames.com\/index.php\/wp-json\/wp\/v2\/media?parent=35380"}],"wp:term":[{"taxonomy":"product_brand","embeddable":true,"href":"https:\/\/www.momengames.com\/index.php\/wp-json\/wp\/v2\/product_brand?post=35380"},{"taxonomy":"product_cat","embeddable":true,"href":"https:\/\/www.momengames.com\/index.php\/wp-json\/wp\/v2\/product_cat?post=35380"},{"taxonomy":"product_tag","embeddable":true,"href":"https:\/\/www.momengames.com\/index.php\/wp-json\/wp\/v2\/product_tag?post=35380"}],"curies":[{"name":"wp","href":"https:\/\/api.w.org\/{rel}","templated":true}]}}