{"id":35378,"date":"2025-10-14T10:21:03","date_gmt":"2025-10-14T10:21:03","guid":{"rendered":"https:\/\/www.momengames.com\/index.php\/product\/casque-de-jeu-sans-fil-razer-blackshark-v2-pro-pour-playstation-haut-parleurs-50-mm-micro-large-bande-ecouteurs-antibruit-pour-ps5-nintendo-switch-2-pc-mac-bluetooth-usb-c-au\/"},"modified":"2025-10-14T10:21:03","modified_gmt":"2025-10-14T10:21:03","slug":"casque-de-jeu-sans-fil-razer-blackshark-v2-pro-pour-playstation-haut-parleurs-50-mm-micro-large-bande-ecouteurs-antibruit-pour-ps5-nintendo-switch-2-pc-mac-bluetooth-usb-c-au","status":"publish","type":"product","link":"https:\/\/www.momengames.com\/index.php\/product\/casque-de-jeu-sans-fil-razer-blackshark-v2-pro-pour-playstation-haut-parleurs-50-mm-micro-large-bande-ecouteurs-antibruit-pour-ps5-nintendo-switch-2-pc-mac-bluetooth-usb-c-au\/?lang=fr","title":{"rendered":"Casque de jeu sans fil Razer BlackShark V2 Pro pour PlayStation\u00a0: haut-parleurs 50\u00a0mm, micro large bande, \u00e9couteurs antibruit, pour PS5, Nintendo Switch\u00a02, PC, Mac, Bluetooth, USB-C, autonomie de 70\u00a0h, blanc"},"content":{"rendered":"<p>MICRO HYPERCLEAR SUPER LARGE BANDE \u2014 En couvrant une plage de fr\u00e9quences sonores plus large, ce micro amovible nouvelle g\u00e9n\u00e9ration capture une quantit\u00e9 incroyable de d\u00e9tails vocaux, pour un son clair, riche et naturel \u00e0 chaque prise de son.<\/p>\n<p>TRANSMETTEURS TRIFORCE TITANIUM 50 MM \u2014 Dot\u00e9s de diaphragmes rev\u00eatus de titane pour une clart\u00e9 accrue, notre conception exclusive de pointe divise le transducteur en 3 parties pour un r\u00e9glage individuel des aigus, des m\u00e9diums et des graves, produisant un son plus clair et plus clair, avec des aigus plus riches et des graves plus puissants.<\/p>\n<p>TECHNOLOGIE SANS FIL HYPERRAPIDE \u2014 Gr\u00e2ce \u00e0 sa connexion sans fil 2,4 GHz de pointe, profitez de matchs comp\u00e9titifs hautes performances et \u00e0 faible latence, avec un son parfaitement synchronis\u00e9 avec le jeu.<\/p>\n<p>PROFILS AUDIO FPS PRO \u2014 Optimis\u00e9s avec certains des meilleurs athl\u00e8tes d&#8217;e-sport au monde, \u00e9coutez comme les pros gr\u00e2ce aux profils audio FPS int\u00e9gr\u00e9s au casque qui fournissent un maximum d&#8217;informations pour un avantage comp\u00e9titif ultime.<br \/>\n\u00c9COUTEURS \u00c0 ISOLATION SONORE AVEC MOUSSE \u00c0 M\u00c9MOIRE DE FORME ULTRA DOUCE \u2014 Les \u00e9couteurs ferm\u00e9s du casque \u00e9pousent la forme de la t\u00eate, cr\u00e9ant une \u00e9tanch\u00e9it\u00e9 parfaite pour \u00e9liminer les distractions. Le rembourrage moelleux en tissu respirant assure un confort optimal en comp\u00e9tition.<\/p>\n<p>JUSQU&#8217;\u00c0 70 HEURES D&#8217;AUTONOMIE AVEC LA CHARGE DE TYPE C \u2014 Une seule charge compl\u00e8te du casque offre jusqu&#8217;\u00e0 70 heures d&#8217;autonomie, permettant des parties comp\u00e9titives non-stop avec un minimum de temps d&#8217;arr\u00eat (test\u00e9 sur PC, jusqu&#8217;\u00e0 48 heures sur PS5).<\/p>\n","protected":false},"excerpt":{"rendered":"<p>MICRO HYPERCLEAR SUPER LARGE BANDE \u2014 En couvrant une plage de fr\u00e9quences sonores plus large, ce micro amovible nouvelle g\u00e9n\u00e9ration capture une quantit\u00e9 incroyable de d\u00e9tails vocaux, pour un son clair, riche et naturel \u00e0 chaque prise de son.<\/p>\n<p>TRANSMETTEURS TRIFORCE TITANIUM 50 MM \u2014 Dot\u00e9s de diaphragmes rev\u00eatus de titane pour une clart\u00e9 accrue, notre conception exclusive de pointe divise le transducteur en 3 parties pour un r\u00e9glage individuel des aigus, des m\u00e9diums et des graves, produisant un son plus clair et plus clair, avec des aigus plus riches et des graves plus puissants.<\/p>\n<p>TECHNOLOGIE SANS FIL HYPERRAPIDE \u2014 Gr\u00e2ce \u00e0 sa connexion sans fil 2,4 GHz de pointe, profitez de matchs comp\u00e9titifs hautes performances et \u00e0 faible latence, avec un son parfaitement synchronis\u00e9 avec le jeu.<\/p>\n<p>PROFILS AUDIO FPS PRO \u2014 Optimis\u00e9s avec certains des meilleurs athl\u00e8tes d&#8217;e-sport au monde, \u00e9coutez comme les pros gr\u00e2ce aux profils audio FPS int\u00e9gr\u00e9s au casque qui fournissent un maximum d&#8217;informations pour un avantage comp\u00e9titif ultime.<br \/>\n\u00c9COUTEURS \u00c0 ISOLATION SONORE AVEC MOUSSE \u00c0 M\u00c9MOIRE DE FORME ULTRA DOUCE \u2014 Les \u00e9couteurs ferm\u00e9s du casque \u00e9pousent la forme de la t\u00eate, cr\u00e9ant une \u00e9tanch\u00e9it\u00e9 parfaite pour \u00e9liminer les distractions. Le rembourrage moelleux en tissu respirant assure un confort optimal en comp\u00e9tition.<\/p>\n<p>JUSQU&#8217;\u00c0 70 HEURES D&#8217;AUTONOMIE AVEC LA CHARGE DE TYPE C \u2014 Une seule charge compl\u00e8te du casque offre jusqu&#8217;\u00e0 70 heures d&#8217;autonomie, permettant des parties comp\u00e9titives non-stop avec un minimum de temps d&#8217;arr\u00eat (test\u00e9 sur PC, jusqu&#8217;\u00e0 48 heures sur PS5).<\/p>\n","protected":false},"featured_media":35322,"comment_status":"open","ping_status":"closed","template":"","meta":{"iawp_total_views":0},"product_brand":[57],"product_cat":[15],"product_tag":[],"class_list":{"0":"post-35378","1":"product","2":"type-product","3":"status-publish","4":"has-post-thumbnail","6":"product_brand-razer","7":"product_cat-electronics-accessories","9":"first","10":"instock","11":"sale","12":"taxable","13":"shipping-taxable","14":"purchasable","15":"product-type-simple"},"jetpack_sharing_enabled":true,"_links":{"self":[{"href":"https:\/\/www.momengames.com\/index.php\/wp-json\/wp\/v2\/product\/35378","targetHints":{"allow":["GET"]}}],"collection":[{"href":"https:\/\/www.momengames.com\/index.php\/wp-json\/wp\/v2\/product"}],"about":[{"href":"https:\/\/www.momengames.com\/index.php\/wp-json\/wp\/v2\/types\/product"}],"replies":[{"embeddable":true,"href":"https:\/\/www.momengames.com\/index.php\/wp-json\/wp\/v2\/comments?post=35378"}],"wp:featuredmedia":[{"embeddable":true,"href":"https:\/\/www.momengames.com\/index.php\/wp-json\/wp\/v2\/media\/35322"}],"wp:attachment":[{"href":"https:\/\/www.momengames.com\/index.php\/wp-json\/wp\/v2\/media?parent=35378"}],"wp:term":[{"taxonomy":"product_brand","embeddable":true,"href":"https:\/\/www.momengames.com\/index.php\/wp-json\/wp\/v2\/product_brand?post=35378"},{"taxonomy":"product_cat","embeddable":true,"href":"https:\/\/www.momengames.com\/index.php\/wp-json\/wp\/v2\/product_cat?post=35378"},{"taxonomy":"product_tag","embeddable":true,"href":"https:\/\/www.momengames.com\/index.php\/wp-json\/wp\/v2\/product_tag?post=35378"}],"curies":[{"name":"wp","href":"https:\/\/api.w.org\/{rel}","templated":true}]}}