{"id":35376,"date":"2025-10-14T09:57:21","date_gmt":"2025-10-14T09:57:21","guid":{"rendered":"https:\/\/www.momengames.com\/index.php\/product\/casque-gaming-razer-blackshark-v2-son-surround-spatial-thx-7-1-transducteurs-50-mm-micro-amovible-pc-ps4-ps5-switch-prise-audio-35-mm-et-dac-usb\/"},"modified":"2025-10-14T09:57:21","modified_gmt":"2025-10-14T09:57:21","slug":"casque-gaming-razer-blackshark-v2-son-surround-spatial-thx-7-1-transducteurs-50-mm-micro-amovible-pc-ps4-ps5-switch-prise-audio-35-mm-et-dac-usb","status":"publish","type":"product","link":"https:\/\/www.momengames.com\/index.php\/product\/casque-gaming-razer-blackshark-v2-son-surround-spatial-thx-7-1-transducteurs-50-mm-micro-amovible-pc-ps4-ps5-switch-prise-audio-35-mm-et-dac-usb\/?lang=fr","title":{"rendered":"Casque gaming Razer BlackShark V2\u00a0: son surround spatial THX 7.1\u00a0&#8211; transducteurs 50\u00a0mm\u00a0&#8211; micro amovible\u00a0&#8211; PC, PS4, PS5, Switch\u00a0&#8211; prise audio 3,5\u00a0mm et DAC USB\u00a0&#8211; \u00c9dition ESL"},"content":{"rendered":"<p>Marque de p\u00e9riph\u00e9riques gaming la plus vendue\u00a0: Source\u00a0: The NPD Group, Inc. Service de suivi des ventes au d\u00e9tail aux \u00c9tats-Unis\u00a0: Claviers, souris, casques et p\u00e9riph\u00e9riques gaming\u00a0; ventes en dollars, 2017-2022.<\/p>\n<p>Compatibilit\u00e9 avec le son surround THX 7.1\u00a0: Offre un r\u00e9alisme audio de pointe pour une immersion totale en jeu gr\u00e2ce \u00e0 des informations audio spatiales pr\u00e9cises, au-del\u00e0 des signaux directionnels standard du son surround 7.1.<\/p>\n<p>Transducteurs haut de gamme Triforce Titanium de 50\u00a0mm\u00a0: \u00c9quip\u00e9s de transducteurs de 50\u00a0mm de pointe divis\u00e9s en 3 parties pour un r\u00e9glage personnalis\u00e9 des aigus, des m\u00e9diums et des graves.<\/p>\n<p>Confort tout au long de la journ\u00e9e\u00a0: Coussinets ovales rafra\u00eechissants infus\u00e9s de gel qui emp\u00eachent la surchauffe et l&#8217;accumulation de pression.<\/p>\n<p>Microphone cardio\u00efde Razer Hyperclear amovible\u00a0: Con\u00e7u pour une zone de capture vocale plus cibl\u00e9e, profitez pleinement du micro gr\u00e2ce aux options avanc\u00e9es de r\u00e9glage vocal via Razer Synapse\u00a03. Compatibilit\u00e9\u00a0: Le DAC audio se connecte via un connecteur USB\u00a0; THX Spatial Audio est disponible uniquement sur Windows\u00a010\u00a064\u00a0bits.<\/p>\n<p>Licence officielle ESL Gaming Design\u00a0: L&#8217;une des plus grandes entreprises d&#8217;e-sport au monde, leader du secteur sur les jeux vid\u00e9o les plus populaires, avec de nombreuses comp\u00e9titions en ligne et hors ligne.<\/p>\n","protected":false},"excerpt":{"rendered":"<p>Marque de p\u00e9riph\u00e9riques gaming la plus vendue\u00a0: Source\u00a0: The NPD Group, Inc. Service de suivi des ventes au d\u00e9tail aux \u00c9tats-Unis\u00a0: Claviers, souris, casques et p\u00e9riph\u00e9riques gaming\u00a0; ventes en dollars, 2017-2022.<\/p>\n<p>Compatibilit\u00e9 avec le son surround THX 7.1\u00a0: Offre un r\u00e9alisme audio de pointe pour une immersion totale en jeu gr\u00e2ce \u00e0 des informations audio spatiales pr\u00e9cises, au-del\u00e0 des signaux directionnels standard du son surround 7.1.<\/p>\n<p>Transducteurs haut de gamme Triforce Titanium de 50\u00a0mm\u00a0: \u00c9quip\u00e9s de transducteurs de 50\u00a0mm de pointe divis\u00e9s en 3 parties pour un r\u00e9glage personnalis\u00e9 des aigus, des m\u00e9diums et des graves.<\/p>\n<p>Confort tout au long de la journ\u00e9e\u00a0: Coussinets ovales rafra\u00eechissants infus\u00e9s de gel qui emp\u00eachent la surchauffe et l&#8217;accumulation de pression.<\/p>\n<p>Microphone cardio\u00efde Razer Hyperclear amovible\u00a0: Con\u00e7u pour une zone de capture vocale plus cibl\u00e9e, profitez pleinement du micro gr\u00e2ce aux options avanc\u00e9es de r\u00e9glage vocal via Razer Synapse\u00a03. Compatibilit\u00e9\u00a0: Le DAC audio se connecte via un connecteur USB\u00a0; THX Spatial Audio est disponible uniquement sur Windows\u00a010\u00a064\u00a0bits.<\/p>\n<p>Licence officielle ESL Gaming Design\u00a0: L&#8217;une des plus grandes entreprises d&#8217;e-sport au monde, leader du secteur sur les jeux vid\u00e9o les plus populaires, avec de nombreuses comp\u00e9titions en ligne et hors ligne.<\/p>\n","protected":false},"featured_media":35313,"comment_status":"open","ping_status":"closed","template":"","meta":{"iawp_total_views":0},"product_brand":[57],"product_cat":[15],"product_tag":[],"class_list":{"0":"post-35376","1":"product","2":"type-product","3":"status-publish","4":"has-post-thumbnail","6":"product_brand-razer","7":"product_cat-electronics-accessories","9":"first","10":"instock","11":"taxable","12":"shipping-taxable","13":"purchasable","14":"product-type-simple"},"jetpack_sharing_enabled":true,"_links":{"self":[{"href":"https:\/\/www.momengames.com\/index.php\/wp-json\/wp\/v2\/product\/35376","targetHints":{"allow":["GET"]}}],"collection":[{"href":"https:\/\/www.momengames.com\/index.php\/wp-json\/wp\/v2\/product"}],"about":[{"href":"https:\/\/www.momengames.com\/index.php\/wp-json\/wp\/v2\/types\/product"}],"replies":[{"embeddable":true,"href":"https:\/\/www.momengames.com\/index.php\/wp-json\/wp\/v2\/comments?post=35376"}],"wp:featuredmedia":[{"embeddable":true,"href":"https:\/\/www.momengames.com\/index.php\/wp-json\/wp\/v2\/media\/35313"}],"wp:attachment":[{"href":"https:\/\/www.momengames.com\/index.php\/wp-json\/wp\/v2\/media?parent=35376"}],"wp:term":[{"taxonomy":"product_brand","embeddable":true,"href":"https:\/\/www.momengames.com\/index.php\/wp-json\/wp\/v2\/product_brand?post=35376"},{"taxonomy":"product_cat","embeddable":true,"href":"https:\/\/www.momengames.com\/index.php\/wp-json\/wp\/v2\/product_cat?post=35376"},{"taxonomy":"product_tag","embeddable":true,"href":"https:\/\/www.momengames.com\/index.php\/wp-json\/wp\/v2\/product_tag?post=35376"}],"curies":[{"name":"wp","href":"https:\/\/api.w.org\/{rel}","templated":true}]}}