{"id":35374,"date":"2025-10-14T09:34:48","date_gmt":"2025-10-14T09:34:48","guid":{"rendered":"https:\/\/www.momengames.com\/index.php\/product\/casque-de-jeu-razer-overwatch-manowar-tournament-edition-compatible-pc-xbox-one-et-playstation-4\/"},"modified":"2025-10-14T09:34:48","modified_gmt":"2025-10-14T09:34:48","slug":"casque-de-jeu-razer-overwatch-manowar-tournament-edition-compatible-pc-xbox-one-et-playstation-4","status":"publish","type":"product","link":"https:\/\/www.momengames.com\/index.php\/product\/casque-de-jeu-razer-overwatch-manowar-tournament-edition-compatible-pc-xbox-one-et-playstation-4\/?lang=fr","title":{"rendered":"Casque de jeu Razer Overwatch ManO&#8217;War Tournament Edition &#8211; Compatible PC, Xbox One et PlayStation 4"},"content":{"rendered":"<p>Le Razer ManO&#8217;War TE offre un son haute fid\u00e9lit\u00e9 de qualit\u00e9 gaming gr\u00e2ce \u00e0 ses grands transducteurs de 50 mm personnalis\u00e9s.<\/p>\n<p>Un design d&#8217;\u00e9couteurs ferm\u00e9s avec un rembourrage circum-aural moelleux cr\u00e9e une isolation phonique sup\u00e9rieure pour vous permettre de vous concentrer sur le jeu sans \u00eatre d\u00e9rang\u00e9 par le bruit ambiant.<\/p>\n<p>\u00c9quip\u00e9 d&#8217;une t\u00e9l\u00e9commande int\u00e9gr\u00e9e, le Razer ManO&#8217;War TE vous permet de contr\u00f4ler le volume du jeu et de couper le microphone MEMS analogique sans avoir \u00e0 t\u00e2tonner en plein combat.<\/p>\n<p>La perche de microphone enti\u00e8rement r\u00e9tractable se d\u00e9plie de l&#8217;\u00e9couteur gauche selon vos besoins, et sa conception flexible vous permet de l&#8217;ajuster selon vos besoins.<\/p>\n<p>Le Razer ManO&#8217;War TE est \u00e9quip\u00e9 d&#8217;\u00e9couteurs rotatifs, de coussinets d&#8217;oreille extra-larges en peluche, d&#8217;un large arceau et d&#8217;un poids optimal pour des sessions de jeu prolong\u00e9es et un confort optimal en d\u00e9placement. Le Razer ManO&#8217;War TE Overwatch offre un son haute fid\u00e9lit\u00e9 de qualit\u00e9 gaming gr\u00e2ce \u00e0 ses grands transducteurs de 50 mm sp\u00e9cialement con\u00e7us.<\/p>\n<p>Un design \u00e0 oreillettes ferm\u00e9es avec un rembourrage circum-aural moelleux cr\u00e9e une isolation phonique sup\u00e9rieure pour vous permettre de vous concentrer sur le jeu sans \u00eatre d\u00e9rang\u00e9 par le bruit ambiant.<\/p>\n","protected":false},"excerpt":{"rendered":"<p>Le Razer ManO&#8217;War TE offre un son haute fid\u00e9lit\u00e9 de qualit\u00e9 gaming gr\u00e2ce \u00e0 ses grands transducteurs de 50 mm personnalis\u00e9s.<\/p>\n<p>Un design d&#8217;\u00e9couteurs ferm\u00e9s avec un rembourrage circum-aural moelleux cr\u00e9e une isolation phonique sup\u00e9rieure pour vous permettre de vous concentrer sur le jeu sans \u00eatre d\u00e9rang\u00e9 par le bruit ambiant.<\/p>\n<p>\u00c9quip\u00e9 d&#8217;une t\u00e9l\u00e9commande int\u00e9gr\u00e9e, le Razer ManO&#8217;War TE vous permet de contr\u00f4ler le volume du jeu et de couper le microphone MEMS analogique sans avoir \u00e0 t\u00e2tonner en plein combat.<\/p>\n<p>La perche de microphone enti\u00e8rement r\u00e9tractable se d\u00e9plie de l&#8217;\u00e9couteur gauche selon vos besoins, et sa conception flexible vous permet de l&#8217;ajuster selon vos besoins.<\/p>\n<p>Le Razer ManO&#8217;War TE est \u00e9quip\u00e9 d&#8217;\u00e9couteurs rotatifs, de coussinets d&#8217;oreille extra-larges en peluche, d&#8217;un large arceau et d&#8217;un poids optimal pour des sessions de jeu prolong\u00e9es et un confort optimal en d\u00e9placement. Le Razer ManO&#8217;War TE Overwatch offre un son haute fid\u00e9lit\u00e9 de qualit\u00e9 gaming gr\u00e2ce \u00e0 ses grands transducteurs de 50 mm sp\u00e9cialement con\u00e7us.<\/p>\n<p>Un design \u00e0 oreillettes ferm\u00e9es avec un rembourrage circum-aural moelleux cr\u00e9e une isolation phonique sup\u00e9rieure pour vous permettre de vous concentrer sur le jeu sans \u00eatre d\u00e9rang\u00e9 par le bruit ambiant.<\/p>\n","protected":false},"featured_media":35305,"comment_status":"open","ping_status":"closed","template":"","meta":{"iawp_total_views":0},"product_brand":[57],"product_cat":[15],"product_tag":[],"class_list":{"0":"post-35374","1":"product","2":"type-product","3":"status-publish","4":"has-post-thumbnail","6":"product_brand-razer","7":"product_cat-electronics-accessories","9":"first","10":"instock","11":"taxable","12":"shipping-taxable","13":"purchasable","14":"product-type-simple"},"jetpack_sharing_enabled":true,"_links":{"self":[{"href":"https:\/\/www.momengames.com\/index.php\/wp-json\/wp\/v2\/product\/35374","targetHints":{"allow":["GET"]}}],"collection":[{"href":"https:\/\/www.momengames.com\/index.php\/wp-json\/wp\/v2\/product"}],"about":[{"href":"https:\/\/www.momengames.com\/index.php\/wp-json\/wp\/v2\/types\/product"}],"replies":[{"embeddable":true,"href":"https:\/\/www.momengames.com\/index.php\/wp-json\/wp\/v2\/comments?post=35374"}],"wp:featuredmedia":[{"embeddable":true,"href":"https:\/\/www.momengames.com\/index.php\/wp-json\/wp\/v2\/media\/35305"}],"wp:attachment":[{"href":"https:\/\/www.momengames.com\/index.php\/wp-json\/wp\/v2\/media?parent=35374"}],"wp:term":[{"taxonomy":"product_brand","embeddable":true,"href":"https:\/\/www.momengames.com\/index.php\/wp-json\/wp\/v2\/product_brand?post=35374"},{"taxonomy":"product_cat","embeddable":true,"href":"https:\/\/www.momengames.com\/index.php\/wp-json\/wp\/v2\/product_cat?post=35374"},{"taxonomy":"product_tag","embeddable":true,"href":"https:\/\/www.momengames.com\/index.php\/wp-json\/wp\/v2\/product_tag?post=35374"}],"curies":[{"name":"wp","href":"https:\/\/api.w.org\/{rel}","templated":true}]}}