{"id":35373,"date":"2025-10-14T09:20:51","date_gmt":"2025-10-14T09:20:51","guid":{"rendered":"https:\/\/www.momengames.com\/index.php\/product\/casque-sans-fil-razer-opus-x-a-faible-latence-reduction-active-du-bruit-anc-bluetooth-5-0-a-faible-latence-de-60-ms-transducteurs-40-mm-personnalises\/"},"modified":"2025-10-14T09:20:51","modified_gmt":"2025-10-14T09:20:51","slug":"casque-sans-fil-razer-opus-x-a-faible-latence-reduction-active-du-bruit-anc-bluetooth-5-0-a-faible-latence-de-60-ms-transducteurs-40-mm-personnalises","status":"publish","type":"product","link":"https:\/\/www.momengames.com\/index.php\/product\/casque-sans-fil-razer-opus-x-a-faible-latence-reduction-active-du-bruit-anc-bluetooth-5-0-a-faible-latence-de-60-ms-transducteurs-40-mm-personnalises\/?lang=fr","title":{"rendered":"Casque sans fil Razer Opus X \u00e0 faible latence\u00a0: r\u00e9duction active du bruit (ANC)\u00a0\u2013 Bluetooth 5.0 \u00e0 faible latence de 60\u00a0ms\u00a0\u2013 Transducteurs 40\u00a0mm personnalis\u00e9s\u00a0\u2013 Microphones int\u00e9gr\u00e9s\u00a0\u2013 Vert"},"content":{"rendered":"<p>Technologie de r\u00e9duction active du bruit (ANC)\u00a0: Que vous \u00e9coutiez vos morceaux pr\u00e9f\u00e9r\u00e9s, regardiez un film ou jouiez, \u00e9liminez toutes les distractions gr\u00e2ce \u00e0 la r\u00e9duction active du bruit qui d\u00e9tecte et neutralise les bruits ambiants ind\u00e9sirables.<\/p>\n<p>Bluetooth 5.0\u00a0: Avec une bande passante plus \u00e9lev\u00e9e, une port\u00e9e plus longue et une consommation d\u2019\u00e9nergie r\u00e9duite, le Bluetooth 5.0 offre une connexion sans fil fiable et \u00e9conome en \u00e9nergie pour une autonomie prolong\u00e9e.<\/p>\n<p>Connexion \u00e0 faible latence de 60\u00a0ms\u00a0: Activez le mode jeu pour optimiser les performances sans fil du casque lorsque vous jouez ou regardez des vid\u00e9os sur des appareils Bluetooth, pour une exp\u00e9rience plus fluide.<\/p>\n<p>Transducteurs de 40\u00a0mm personnalis\u00e9s\u00a0: \u00c9quip\u00e9 de transducteurs de 40\u00a0mm personnalis\u00e9s, l\u2019Opus X offre une exp\u00e9rience audio riche qui sublime votre plaisir, avec des aigus et des m\u00e9diums clairs, ainsi que des basses profondes et percutantes.<\/p>\n<p>Microphones int\u00e9gr\u00e9s\u00a0: Gr\u00e2ce \u00e0 ses microphones internes d\u00e9di\u00e9s \u00e0 la communication vocale, l\u2019Opus X vous permet d\u2019entendre vos interlocuteurs en visioconf\u00e9rence, et ils vous entendent, avec une clart\u00e9 parfaite.<\/p>\n","protected":false},"excerpt":{"rendered":"<p>Technologie de r\u00e9duction active du bruit (ANC)\u00a0: Que vous \u00e9coutiez vos morceaux pr\u00e9f\u00e9r\u00e9s, regardiez un film ou jouiez, \u00e9liminez toutes les distractions gr\u00e2ce \u00e0 la r\u00e9duction active du bruit qui d\u00e9tecte et neutralise les bruits ambiants ind\u00e9sirables.<\/p>\n<p>Bluetooth 5.0\u00a0: Avec une bande passante plus \u00e9lev\u00e9e, une port\u00e9e plus longue et une consommation d\u2019\u00e9nergie r\u00e9duite, le Bluetooth 5.0 offre une connexion sans fil fiable et \u00e9conome en \u00e9nergie pour une autonomie prolong\u00e9e.<\/p>\n<p>Connexion \u00e0 faible latence de 60\u00a0ms\u00a0: Activez le mode jeu pour optimiser les performances sans fil du casque lorsque vous jouez ou regardez des vid\u00e9os sur des appareils Bluetooth, pour une exp\u00e9rience plus fluide.<\/p>\n<p>Transducteurs de 40\u00a0mm personnalis\u00e9s\u00a0: \u00c9quip\u00e9 de transducteurs de 40\u00a0mm personnalis\u00e9s, l\u2019Opus X offre une exp\u00e9rience audio riche qui sublime votre plaisir, avec des aigus et des m\u00e9diums clairs, ainsi que des basses profondes et percutantes.<\/p>\n<p>Microphones int\u00e9gr\u00e9s\u00a0: Gr\u00e2ce \u00e0 ses microphones internes d\u00e9di\u00e9s \u00e0 la communication vocale, l\u2019Opus X vous permet d\u2019entendre vos interlocuteurs en visioconf\u00e9rence, et ils vous entendent, avec une clart\u00e9 parfaite.<\/p>\n","protected":false},"featured_media":35301,"comment_status":"open","ping_status":"closed","template":"","meta":{"iawp_total_views":0},"product_brand":[57],"product_cat":[15],"product_tag":[],"class_list":{"0":"post-35373","1":"product","2":"type-product","3":"status-publish","4":"has-post-thumbnail","6":"product_brand-razer","7":"product_cat-electronics-accessories","9":"first","10":"instock","11":"sale","12":"taxable","13":"shipping-taxable","14":"purchasable","15":"product-type-simple"},"jetpack_sharing_enabled":true,"_links":{"self":[{"href":"https:\/\/www.momengames.com\/index.php\/wp-json\/wp\/v2\/product\/35373","targetHints":{"allow":["GET"]}}],"collection":[{"href":"https:\/\/www.momengames.com\/index.php\/wp-json\/wp\/v2\/product"}],"about":[{"href":"https:\/\/www.momengames.com\/index.php\/wp-json\/wp\/v2\/types\/product"}],"replies":[{"embeddable":true,"href":"https:\/\/www.momengames.com\/index.php\/wp-json\/wp\/v2\/comments?post=35373"}],"wp:featuredmedia":[{"embeddable":true,"href":"https:\/\/www.momengames.com\/index.php\/wp-json\/wp\/v2\/media\/35301"}],"wp:attachment":[{"href":"https:\/\/www.momengames.com\/index.php\/wp-json\/wp\/v2\/media?parent=35373"}],"wp:term":[{"taxonomy":"product_brand","embeddable":true,"href":"https:\/\/www.momengames.com\/index.php\/wp-json\/wp\/v2\/product_brand?post=35373"},{"taxonomy":"product_cat","embeddable":true,"href":"https:\/\/www.momengames.com\/index.php\/wp-json\/wp\/v2\/product_cat?post=35373"},{"taxonomy":"product_tag","embeddable":true,"href":"https:\/\/www.momengames.com\/index.php\/wp-json\/wp\/v2\/product_tag?post=35373"}],"curies":[{"name":"wp","href":"https:\/\/api.w.org\/{rel}","templated":true}]}}