{"id":35372,"date":"2025-10-14T09:13:05","date_gmt":"2025-10-14T09:13:05","guid":{"rendered":"https:\/\/www.momengames.com\/index.php\/product\/casque-de-jeu-sans-fil-razer-blackshark-v2-hyperspeed-24-ghz-bluetooth-ou-usb-audio-spatial-thx-transducteurs-titanium-50-mm-batterie-70\/"},"modified":"2025-10-14T09:13:05","modified_gmt":"2025-10-14T09:13:05","slug":"casque-de-jeu-sans-fil-razer-blackshark-v2-hyperspeed-24-ghz-bluetooth-ou-usb-audio-spatial-thx-transducteurs-titanium-50-mm-batterie-70","status":"publish","type":"product","link":"https:\/\/www.momengames.com\/index.php\/product\/casque-de-jeu-sans-fil-razer-blackshark-v2-hyperspeed-24-ghz-bluetooth-ou-usb-audio-spatial-thx-transducteurs-titanium-50-mm-batterie-70\/?lang=fr","title":{"rendered":"Casque de jeu sans fil Razer BlackShark V2 HyperSpeed\u00a0: 2,4\u00a0GHz, Bluetooth ou USB\u00a0\u2013 Audio spatial THX\u00a0\u2013 Transducteurs Titanium 50\u00a0mm\u00a0\u2013 Batterie 70\u00a0h\u00a0\u2013 pour Xbox Series X, Series S, PS5, PC, Switch\u00a02\u00a0\u2013 Noir"},"content":{"rendered":"<p>CONCEPTION ULTRA-L\u00c9G\u00c8RE DE 280 G \u2014 Gr\u00e2ce \u00e0 une r\u00e9duction de poids optimis\u00e9e et \u00e0 une force de serrage am\u00e9lior\u00e9e, ce casque offre un confort optimal pour jouer toute la journ\u00e9e.<br \/>\nMICRO HYPERCLEAR SUPER LARGE BANDE \u2014 En couvrant une plage de fr\u00e9quences sonores plus large, ce micro flexible capture une quantit\u00e9 incroyable de d\u00e9tails vocaux, pour un son clair, riche et naturel \u00e0 chaque appel.<br \/>\nTRANSMETTEURS TRIFORCE TITANIUM 50 MM \u2014 Dot\u00e9s de diaphragmes rev\u00eatus de titane pour une clart\u00e9 accrue, les transducteurs brevet\u00e9s en 3 parties ont \u00e9t\u00e9 r\u00e9gl\u00e9s individuellement pour les aigus, les m\u00e9diums et les graves afin de garantir des aigus plus riches, des m\u00e9diums plus brillants et des basses plus puissantes.<br \/>\nTECHNOLOGIE SANS FIL HYPERVITESSE \u2014 Gr\u00e2ce \u00e0 sa connexion sans fil 2,4 GHz de pointe, profitez de jeux comp\u00e9titifs hautes performances et \u00e0 faible latence, avec un son parfaitement synchronis\u00e9 avec les jeux.<br \/>\nCOQUES ISOLANTES AVEC MOUSSE \u00c0 M\u00c9MOIRE DE FORME ULTRA-DOUCE \u2014 Les coques ferm\u00e9es du casque s&#8217;adaptent \u00e0 toutes les formes de t\u00eate, cr\u00e9ant une \u00e9tanch\u00e9it\u00e9 parfaite pour \u00e9liminer les distractions. Elles sont soutenues par un rembourrage moelleux en tissu respirant pour un confort optimal.<\/p>\n<p>70 HEURES D&#8217;AUTONOMIE + CHARGEMENT TYPE-C \u2014 Une seule charge compl\u00e8te du casque offre jusqu&#8217;\u00e0 70 heures d&#8217;autonomie.<\/p>\n","protected":false},"excerpt":{"rendered":"<p>CONCEPTION ULTRA-L\u00c9G\u00c8RE DE 280 G \u2014 Gr\u00e2ce \u00e0 une r\u00e9duction de poids optimis\u00e9e et \u00e0 une force de serrage am\u00e9lior\u00e9e, ce casque offre un confort optimal pour jouer toute la journ\u00e9e.<br \/>\nMICRO HYPERCLEAR SUPER LARGE BANDE \u2014 En couvrant une plage de fr\u00e9quences sonores plus large, ce micro flexible capture une quantit\u00e9 incroyable de d\u00e9tails vocaux, pour un son clair, riche et naturel \u00e0 chaque appel.<br \/>\nTRANSMETTEURS TRIFORCE TITANIUM 50 MM \u2014 Dot\u00e9s de diaphragmes rev\u00eatus de titane pour une clart\u00e9 accrue, les transducteurs brevet\u00e9s en 3 parties ont \u00e9t\u00e9 r\u00e9gl\u00e9s individuellement pour les aigus, les m\u00e9diums et les graves afin de garantir des aigus plus riches, des m\u00e9diums plus brillants et des basses plus puissantes.<br \/>\nTECHNOLOGIE SANS FIL HYPERVITESSE \u2014 Gr\u00e2ce \u00e0 sa connexion sans fil 2,4 GHz de pointe, profitez de jeux comp\u00e9titifs hautes performances et \u00e0 faible latence, avec un son parfaitement synchronis\u00e9 avec les jeux.<br \/>\nCOQUES ISOLANTES AVEC MOUSSE \u00c0 M\u00c9MOIRE DE FORME ULTRA-DOUCE \u2014 Les coques ferm\u00e9es du casque s&#8217;adaptent \u00e0 toutes les formes de t\u00eate, cr\u00e9ant une \u00e9tanch\u00e9it\u00e9 parfaite pour \u00e9liminer les distractions. Elles sont soutenues par un rembourrage moelleux en tissu respirant pour un confort optimal.<\/p>\n<p>70 HEURES D&#8217;AUTONOMIE + CHARGEMENT TYPE-C \u2014 Une seule charge compl\u00e8te du casque offre jusqu&#8217;\u00e0 70 heures d&#8217;autonomie.<\/p>\n","protected":false},"featured_media":35296,"comment_status":"open","ping_status":"closed","template":"","meta":{"iawp_total_views":0},"product_brand":[57],"product_cat":[15],"product_tag":[],"class_list":{"0":"post-35372","1":"product","2":"type-product","3":"status-publish","4":"has-post-thumbnail","6":"product_brand-razer","7":"product_cat-electronics-accessories","9":"first","10":"instock","11":"sale","12":"taxable","13":"shipping-taxable","14":"purchasable","15":"product-type-simple"},"jetpack_sharing_enabled":true,"_links":{"self":[{"href":"https:\/\/www.momengames.com\/index.php\/wp-json\/wp\/v2\/product\/35372","targetHints":{"allow":["GET"]}}],"collection":[{"href":"https:\/\/www.momengames.com\/index.php\/wp-json\/wp\/v2\/product"}],"about":[{"href":"https:\/\/www.momengames.com\/index.php\/wp-json\/wp\/v2\/types\/product"}],"replies":[{"embeddable":true,"href":"https:\/\/www.momengames.com\/index.php\/wp-json\/wp\/v2\/comments?post=35372"}],"wp:featuredmedia":[{"embeddable":true,"href":"https:\/\/www.momengames.com\/index.php\/wp-json\/wp\/v2\/media\/35296"}],"wp:attachment":[{"href":"https:\/\/www.momengames.com\/index.php\/wp-json\/wp\/v2\/media?parent=35372"}],"wp:term":[{"taxonomy":"product_brand","embeddable":true,"href":"https:\/\/www.momengames.com\/index.php\/wp-json\/wp\/v2\/product_brand?post=35372"},{"taxonomy":"product_cat","embeddable":true,"href":"https:\/\/www.momengames.com\/index.php\/wp-json\/wp\/v2\/product_cat?post=35372"},{"taxonomy":"product_tag","embeddable":true,"href":"https:\/\/www.momengames.com\/index.php\/wp-json\/wp\/v2\/product_tag?post=35372"}],"curies":[{"name":"wp","href":"https:\/\/api.w.org\/{rel}","templated":true}]}}