{"id":35370,"date":"2025-10-14T13:57:33","date_gmt":"2025-10-14T13:57:33","guid":{"rendered":"https:\/\/www.momengames.com\/index.php\/product\/razer-hammerhead-hyperspeed-wireless-multi-plattform-gaming-ohrhoerer-fuer-playstation-5-ps5-pc-mobilgeraet-anc-mikrofon-mit-geraeuschunterdrueckung-bluetoot\/"},"modified":"2025-10-14T13:57:33","modified_gmt":"2025-10-14T13:57:33","slug":"razer-hammerhead-hyperspeed-wireless-multi-plattform-gaming-ohrhoerer-fuer-playstation-5-ps5-pc-mobilgeraet-anc-mikrofon-mit-geraeuschunterdrueckung-bluetoot","status":"publish","type":"product","link":"https:\/\/www.momengames.com\/index.php\/product\/razer-hammerhead-hyperspeed-wireless-multi-plattform-gaming-ohrhoerer-fuer-playstation-5-ps5-pc-mobilgeraet-anc-mikrofon-mit-geraeuschunterdrueckung-bluetoot\/?lang=de","title":{"rendered":"Razer Hammerhead HyperSpeed \u200b\u200bWireless Multi-Plattform-Gaming-Ohrh\u00f6rer f\u00fcr PlayStation 5 \/ PS5, PC, Mobilger\u00e4t: ANC \u2013 Mikrofon mit Ger\u00e4uschunterdr\u00fcckung \u2013 Bluetooth 5.2 \u2013 RGB Chroma \u2013 30-Stunden-Akku"},"content":{"rendered":"<p>HyperSpeed \u200b\u200bWireless: Bietet eine ultraschnelle 2,4-GHz-Wireless-Verbindung \u00fcber den mitgelieferten USB-C-Dongle \u2013 die Ohrh\u00f6rer sorgen f\u00fcr nahtlosen Klang mit geringer Latenz, der den Anforderungen von kompetitivem Gaming auf zahlreichen Plattformen gerecht wird. Spezifische Produktanwendungen: Gaming, Business, Privat.<\/p>\n<p>Active Noise Cancellation (ANC)-Technologie: Ob beim Spielen, Musikh\u00f6ren oder Filmeschauen \u2013 eliminieren Sie alle Ablenkungen mit ANC, das unerw\u00fcnschte Umgebungsger\u00e4usche erkennt und eliminiert.<\/p>\n<p>Dual Environmental Noise Cancelling (ENC)-Mikrofone: Ausgestattet mit intelligenten Mikrofonen, die unerw\u00fcnschte Hintergrundger\u00e4usche erkennen, identifizieren und reduzieren, ist die Sprachkommunikation mit dem Razer Hammerhead HyperSpeed \u200b\u200bjetzt klarer als je zuvor.<\/p>\n<p>Bluetooth 5.2: Dank der h\u00f6heren Bandbreite, Reichweite und Energieeffizienz von Bluetooth 5.2 halten die Ohrh\u00f6rer l\u00e4nger und verbinden sich automatisch mit dem zuletzt gekoppelten Ger\u00e4t f\u00fcr eine einfache Handhabung.<br \/>\nAngetrieben von Razer Chroma RGB: Mit 16,8 Millionen Farben und einer Reihe von Effekten zur Auswahl unterstreichen Sie Ihren Stil und heben sich mit dem ultimativen kabellosen Ohrh\u00f6rer-Flex von der Masse ab.<br \/>\nBis zu 30 Stunden Akkulaufzeit: Genie\u00dfen Sie unz\u00e4hlige Stunden ununterbrochenen Gebrauchs mit optimierter Energieverwaltung, die mehr Gaming und weniger Ladezeiten erm\u00f6glicht.<br \/>\nKompatibilit\u00e4t: PS5, PS4, PC, Mac, Smartphones, Tablets und Handheld-Spielger\u00e4te mit Bluetooth-Audiofunktion oder USB-C-\/USB-A-Anschluss.<\/p>\n","protected":false},"excerpt":{"rendered":"<p>HyperSpeed \u200b\u200bWireless: Bietet eine ultraschnelle 2,4-GHz-Wireless-Verbindung \u00fcber den mitgelieferten USB-C-Dongle \u2013 die Ohrh\u00f6rer sorgen f\u00fcr nahtlosen Klang mit geringer Latenz, der den Anforderungen von kompetitivem Gaming auf zahlreichen Plattformen gerecht wird. Spezifische Produktanwendungen: Gaming, Business, Privat.<\/p>\n<p>Active Noise Cancellation (ANC)-Technologie: Ob beim Spielen, Musikh\u00f6ren oder Filmeschauen \u2013 eliminieren Sie alle Ablenkungen mit ANC, das unerw\u00fcnschte Umgebungsger\u00e4usche erkennt und eliminiert.<\/p>\n<p>Dual Environmental Noise Cancelling (ENC)-Mikrofone: Ausgestattet mit intelligenten Mikrofonen, die unerw\u00fcnschte Hintergrundger\u00e4usche erkennen, identifizieren und reduzieren, ist die Sprachkommunikation mit dem Razer Hammerhead HyperSpeed \u200b\u200bjetzt klarer als je zuvor.<\/p>\n<p>Bluetooth 5.2: Dank der h\u00f6heren Bandbreite, Reichweite und Energieeffizienz von Bluetooth 5.2 halten die Ohrh\u00f6rer l\u00e4nger und verbinden sich automatisch mit dem zuletzt gekoppelten Ger\u00e4t f\u00fcr eine einfache Handhabung.<br \/>\nAngetrieben von Razer Chroma RGB: Mit 16,8 Millionen Farben und einer Reihe von Effekten zur Auswahl unterstreichen Sie Ihren Stil und heben sich mit dem ultimativen kabellosen Ohrh\u00f6rer-Flex von der Masse ab.<br \/>\nBis zu 30 Stunden Akkulaufzeit: Genie\u00dfen Sie unz\u00e4hlige Stunden ununterbrochenen Gebrauchs mit optimierter Energieverwaltung, die mehr Gaming und weniger Ladezeiten erm\u00f6glicht.<br \/>\nKompatibilit\u00e4t: PS5, PS4, PC, Mac, Smartphones, Tablets und Handheld-Spielger\u00e4te mit Bluetooth-Audiofunktion oder USB-C-\/USB-A-Anschluss.<\/p>\n","protected":false},"featured_media":35350,"comment_status":"open","ping_status":"closed","template":"","meta":{"iawp_total_views":9},"product_brand":[57],"product_cat":[15],"product_tag":[],"class_list":{"0":"post-35370","1":"product","2":"type-product","3":"status-publish","4":"has-post-thumbnail","6":"product_brand-razer","7":"product_cat-electronics-accessories","9":"first","10":"instock","11":"sale","12":"taxable","13":"shipping-taxable","14":"purchasable","15":"product-type-simple"},"jetpack_sharing_enabled":true,"_links":{"self":[{"href":"https:\/\/www.momengames.com\/index.php\/wp-json\/wp\/v2\/product\/35370","targetHints":{"allow":["GET"]}}],"collection":[{"href":"https:\/\/www.momengames.com\/index.php\/wp-json\/wp\/v2\/product"}],"about":[{"href":"https:\/\/www.momengames.com\/index.php\/wp-json\/wp\/v2\/types\/product"}],"replies":[{"embeddable":true,"href":"https:\/\/www.momengames.com\/index.php\/wp-json\/wp\/v2\/comments?post=35370"}],"wp:featuredmedia":[{"embeddable":true,"href":"https:\/\/www.momengames.com\/index.php\/wp-json\/wp\/v2\/media\/35350"}],"wp:attachment":[{"href":"https:\/\/www.momengames.com\/index.php\/wp-json\/wp\/v2\/media?parent=35370"}],"wp:term":[{"taxonomy":"product_brand","embeddable":true,"href":"https:\/\/www.momengames.com\/index.php\/wp-json\/wp\/v2\/product_brand?post=35370"},{"taxonomy":"product_cat","embeddable":true,"href":"https:\/\/www.momengames.com\/index.php\/wp-json\/wp\/v2\/product_cat?post=35370"},{"taxonomy":"product_tag","embeddable":true,"href":"https:\/\/www.momengames.com\/index.php\/wp-json\/wp\/v2\/product_tag?post=35370"}],"curies":[{"name":"wp","href":"https:\/\/api.w.org\/{rel}","templated":true}]}}