{"id":35369,"date":"2025-10-14T11:23:51","date_gmt":"2025-10-14T11:23:51","guid":{"rendered":"https:\/\/www.momengames.com\/index.php\/product\/razer-blackshark-v2-gaming-headset-thx-7-1-spatial-surround-sound-_50-mm-treiber_abnehmbares-mikrofon_fuer-pc-ps4-ps5-switch-xbox-one-xbox-series-x-s-35-mm-audiobuchse-und-usb-dac_c\/"},"modified":"2025-10-14T11:23:51","modified_gmt":"2025-10-14T11:23:51","slug":"razer-blackshark-v2-gaming-headset-thx-7-1-spatial-surround-sound-_50-mm-treiber_abnehmbares-mikrofon_fuer-pc-ps4-ps5-switch-xbox-one-xbox-series-x-s-35-mm-audiobuchse-und-usb-dac_c","status":"publish","type":"product","link":"https:\/\/www.momengames.com\/index.php\/product\/razer-blackshark-v2-gaming-headset-thx-7-1-spatial-surround-sound-_50-mm-treiber_abnehmbares-mikrofon_fuer-pc-ps4-ps5-switch-xbox-one-xbox-series-x-s-35-mm-audiobuchse-und-usb-dac_c\/?lang=de","title":{"rendered":"Razer BlackShark V2 Gaming-Headset: THX 7.1 Spatial Surround Sound _50-mm-Treiber_Abnehmbares Mikrofon_f\u00fcr PC, PS4, PS5, Switch, Xbox One, Xbox Series X &#038; S \u2013 3,5-mm-Audiobuchse und USB-DAC_CourageJD (erneuert)"},"content":{"rendered":"<p>THX 7.1 Surround Sound-f\u00e4hig: Bietet branchenf\u00fchrenden Klangrealismus f\u00fcr ein immersives Spielerlebnis durch pr\u00e4zise r\u00e4umliche Klanginformationen, die \u00fcber die Richtungshinweise von standardm\u00e4\u00dfigem 7.1 Surround Sound hinausgehen.<br \/>\nKomfortorientiertes, leichtes Design mit Memory Foam-Ohrpolstern: Die verbesserte Dichte des mit weichem Kunstleder umh\u00fcllten Schaumstoffs reduziert den Anpressdruck des Headsets erheblich, w\u00e4hrend ein atmungsaktives Gewebe Schwei\u00df und W\u00e4rmeentwicklung durch Hautkontakt minimiert.<br \/>\nTriforce Titanium 50-mm-High-End-Soundtreiber: Mit titanbeschichteten Membranen f\u00fcr zus\u00e4tzliche Klarheit unterteilt unser neues, hochmodernes, propriet\u00e4res Design den Treiber in drei Teile f\u00fcr die individuelle Abstimmung von H\u00f6hen, Mitten und Tiefen \u2013 f\u00fcr helleren, klareren Klang mit satteren H\u00f6hen und kraftvolleren Tiefen.<br \/>\nAbnehmbares Razer Hyperclear Cardioid-Mikrofon: Das abnehmbare 9,9-mm-Mikrofon filtert Umgebungsger\u00e4usche von hinten und von den Seiten heraus, bietet eine bessere Stimmisolierung und erzeugt eine naturgetreuere Wiedergabe Ihrer Sprache, die \u00fcber Razer Synapse weiter optimiert werden kann.<br \/>\nKompatibilit\u00e4t: Audio-Enhancer-DAC wird \u00fcber USB-Anschluss angeschlossen; THX Spatial Audio ist nur unter Windows 10 64-Bit verf\u00fcgbar.<\/p>\n","protected":false},"excerpt":{"rendered":"<p>THX 7.1 Surround Sound-f\u00e4hig: Bietet branchenf\u00fchrenden Klangrealismus f\u00fcr ein immersives Spielerlebnis durch pr\u00e4zise r\u00e4umliche Klanginformationen, die \u00fcber die Richtungshinweise von standardm\u00e4\u00dfigem 7.1 Surround Sound hinausgehen.<br \/>\nKomfortorientiertes, leichtes Design mit Memory Foam-Ohrpolstern: Die verbesserte Dichte des mit weichem Kunstleder umh\u00fcllten Schaumstoffs reduziert den Anpressdruck des Headsets erheblich, w\u00e4hrend ein atmungsaktives Gewebe Schwei\u00df und W\u00e4rmeentwicklung durch Hautkontakt minimiert.<br \/>\nTriforce Titanium 50-mm-High-End-Soundtreiber: Mit titanbeschichteten Membranen f\u00fcr zus\u00e4tzliche Klarheit unterteilt unser neues, hochmodernes, propriet\u00e4res Design den Treiber in drei Teile f\u00fcr die individuelle Abstimmung von H\u00f6hen, Mitten und Tiefen \u2013 f\u00fcr helleren, klareren Klang mit satteren H\u00f6hen und kraftvolleren Tiefen.<br \/>\nAbnehmbares Razer Hyperclear Cardioid-Mikrofon: Das abnehmbare 9,9-mm-Mikrofon filtert Umgebungsger\u00e4usche von hinten und von den Seiten heraus, bietet eine bessere Stimmisolierung und erzeugt eine naturgetreuere Wiedergabe Ihrer Sprache, die \u00fcber Razer Synapse weiter optimiert werden kann.<br \/>\nKompatibilit\u00e4t: Audio-Enhancer-DAC wird \u00fcber USB-Anschluss angeschlossen; THX Spatial Audio ist nur unter Windows 10 64-Bit verf\u00fcgbar.<\/p>\n","protected":false},"featured_media":35339,"comment_status":"open","ping_status":"closed","template":"","meta":{"iawp_total_views":7},"product_brand":[57],"product_cat":[15],"product_tag":[],"class_list":{"0":"post-35369","1":"product","2":"type-product","3":"status-publish","4":"has-post-thumbnail","6":"product_brand-razer","7":"product_cat-electronics-accessories","9":"first","10":"instock","11":"taxable","12":"shipping-taxable","13":"purchasable","14":"product-type-simple"},"jetpack_sharing_enabled":true,"_links":{"self":[{"href":"https:\/\/www.momengames.com\/index.php\/wp-json\/wp\/v2\/product\/35369","targetHints":{"allow":["GET"]}}],"collection":[{"href":"https:\/\/www.momengames.com\/index.php\/wp-json\/wp\/v2\/product"}],"about":[{"href":"https:\/\/www.momengames.com\/index.php\/wp-json\/wp\/v2\/types\/product"}],"replies":[{"embeddable":true,"href":"https:\/\/www.momengames.com\/index.php\/wp-json\/wp\/v2\/comments?post=35369"}],"wp:featuredmedia":[{"embeddable":true,"href":"https:\/\/www.momengames.com\/index.php\/wp-json\/wp\/v2\/media\/35339"}],"wp:attachment":[{"href":"https:\/\/www.momengames.com\/index.php\/wp-json\/wp\/v2\/media?parent=35369"}],"wp:term":[{"taxonomy":"product_brand","embeddable":true,"href":"https:\/\/www.momengames.com\/index.php\/wp-json\/wp\/v2\/product_brand?post=35369"},{"taxonomy":"product_cat","embeddable":true,"href":"https:\/\/www.momengames.com\/index.php\/wp-json\/wp\/v2\/product_cat?post=35369"},{"taxonomy":"product_tag","embeddable":true,"href":"https:\/\/www.momengames.com\/index.php\/wp-json\/wp\/v2\/product_tag?post=35369"}],"curies":[{"name":"wp","href":"https:\/\/api.w.org\/{rel}","templated":true}]}}