{"id":35368,"date":"2025-10-14T11:17:01","date_gmt":"2025-10-14T11:17:01","guid":{"rendered":"https:\/\/www.momengames.com\/index.php\/product\/kraken-ultimate-usb-surround-sound-headset-mit-anc-mikrofon-mikrofon-mit-aktiver-geraeuschunterdrueckung-individuell-abgestimmte-50-mm-treiber-thx-spatial-audio-aluminium-und-stahlkonst\/"},"modified":"2025-10-14T11:17:01","modified_gmt":"2025-10-14T11:17:01","slug":"kraken-ultimate-usb-surround-sound-headset-mit-anc-mikrofon-mikrofon-mit-aktiver-geraeuschunterdrueckung-individuell-abgestimmte-50-mm-treiber-thx-spatial-audio-aluminium-und-stahlkonst","status":"publish","type":"product","link":"https:\/\/www.momengames.com\/index.php\/product\/kraken-ultimate-usb-surround-sound-headset-mit-anc-mikrofon-mikrofon-mit-aktiver-geraeuschunterdrueckung-individuell-abgestimmte-50-mm-treiber-thx-spatial-audio-aluminium-und-stahlkonst\/?lang=de","title":{"rendered":"Kraken Ultimate \u2013 USB-Surround-Sound-Headset mit ANC-Mikrofon (Mikrofon mit aktiver Ger\u00e4uschunterdr\u00fcckung, individuell abgestimmte 50-mm-Treiber, THX Spatial Audio, Aluminium- und Stahlkonstruktion) Schwarz"},"content":{"rendered":"<p>THX SPATIAL AUDIO F\u00fcr Surround-Sound mit h\u00f6chster Pr\u00e4zision: Verschaffen Sie sich einen Wettbewerbsvorteil \u2013 verfolgen Sie Ihre Gegner punktgenau und aufmerksam mit klarem und pr\u00e4zisem Positionsaudio, mit dem Sie Gegner orten k\u00f6nnen, noch bevor sie in Sichtweite sind.<br \/>\nAKTIVES MIKROFON MIT GER\u00c4USCHUNTERDR\u00dcCKUNG F\u00fcr kristallklare Teamkommunikation: Sorgen Sie f\u00fcr absolute Klarheit bei der Informations\u00fcbermittlung an Ihr Team mit einem hochentwickelten Mikrofon, das Hintergrundger\u00e4usche wie Ventilator, Klimaanlage und Ausr\u00fcstung effektiv ausblendet.<br \/>\nALUMINIUM- UND STAHLKONSTRUKTION F\u00fcr leichte Haltbarkeit: Ein Rahmen aus Bauxit-Aluminium und ein Kopfb\u00fcgel aus Edelstahl machen das Headset leicht, flexibel und unglaublich langlebig \u2013 konstruiert, um intensiven Gaming-Sessions \u00fcber Jahre hinweg standzuhalten.<br \/>\nSPEZIAL ABGESTIMMTE 50-MM-TREIBER F\u00fcr kraftvollen, detailreichen Sound mit eindringlichem Bass: Die \u00fcberragende Klangklarheit und der tiefe, druckvolle Bass des Razer Kraken Ultimate sorgen f\u00fcr eine satte Klanglandschaft, die jeden Schritt und Schuss perfekt einf\u00e4ngt und Ihnen so einen Wettbewerbsvorteil verschafft.<br \/>\nRAZER CHROMA RGB UNDERGLOW LIGHTING F\u00fcr einen anpassbaren Stil: Mit 16,8 Millionen Farben und einer Reihe von Effekten leuchten die Ohrmuscheln des Headsets mit einer Underglow-Beleuchtung, die f\u00fcr einen wirklich personalisierten Look angepasst werden kann.<\/p>\n","protected":false},"excerpt":{"rendered":"<p>THX SPATIAL AUDIO F\u00fcr Surround-Sound mit h\u00f6chster Pr\u00e4zision: Verschaffen Sie sich einen Wettbewerbsvorteil \u2013 verfolgen Sie Ihre Gegner punktgenau und aufmerksam mit klarem und pr\u00e4zisem Positionsaudio, mit dem Sie Gegner orten k\u00f6nnen, noch bevor sie in Sichtweite sind.<br \/>\nAKTIVES MIKROFON MIT GER\u00c4USCHUNTERDR\u00dcCKUNG F\u00fcr kristallklare Teamkommunikation: Sorgen Sie f\u00fcr absolute Klarheit bei der Informations\u00fcbermittlung an Ihr Team mit einem hochentwickelten Mikrofon, das Hintergrundger\u00e4usche wie Ventilator, Klimaanlage und Ausr\u00fcstung effektiv ausblendet.<br \/>\nALUMINIUM- UND STAHLKONSTRUKTION F\u00fcr leichte Haltbarkeit: Ein Rahmen aus Bauxit-Aluminium und ein Kopfb\u00fcgel aus Edelstahl machen das Headset leicht, flexibel und unglaublich langlebig \u2013 konstruiert, um intensiven Gaming-Sessions \u00fcber Jahre hinweg standzuhalten.<br \/>\nSPEZIAL ABGESTIMMTE 50-MM-TREIBER F\u00fcr kraftvollen, detailreichen Sound mit eindringlichem Bass: Die \u00fcberragende Klangklarheit und der tiefe, druckvolle Bass des Razer Kraken Ultimate sorgen f\u00fcr eine satte Klanglandschaft, die jeden Schritt und Schuss perfekt einf\u00e4ngt und Ihnen so einen Wettbewerbsvorteil verschafft.<br \/>\nRAZER CHROMA RGB UNDERGLOW LIGHTING F\u00fcr einen anpassbaren Stil: Mit 16,8 Millionen Farben und einer Reihe von Effekten leuchten die Ohrmuscheln des Headsets mit einer Underglow-Beleuchtung, die f\u00fcr einen wirklich personalisierten Look angepasst werden kann.<\/p>\n","protected":false},"featured_media":35335,"comment_status":"open","ping_status":"closed","template":"","meta":{"iawp_total_views":107},"product_brand":[57],"product_cat":[15],"product_tag":[],"class_list":{"0":"post-35368","1":"product","2":"type-product","3":"status-publish","4":"has-post-thumbnail","6":"product_brand-razer","7":"product_cat-electronics-accessories","9":"first","10":"instock","11":"sale","12":"taxable","13":"shipping-taxable","14":"purchasable","15":"product-type-simple"},"jetpack_sharing_enabled":true,"_links":{"self":[{"href":"https:\/\/www.momengames.com\/index.php\/wp-json\/wp\/v2\/product\/35368","targetHints":{"allow":["GET"]}}],"collection":[{"href":"https:\/\/www.momengames.com\/index.php\/wp-json\/wp\/v2\/product"}],"about":[{"href":"https:\/\/www.momengames.com\/index.php\/wp-json\/wp\/v2\/types\/product"}],"replies":[{"embeddable":true,"href":"https:\/\/www.momengames.com\/index.php\/wp-json\/wp\/v2\/comments?post=35368"}],"wp:featuredmedia":[{"embeddable":true,"href":"https:\/\/www.momengames.com\/index.php\/wp-json\/wp\/v2\/media\/35335"}],"wp:attachment":[{"href":"https:\/\/www.momengames.com\/index.php\/wp-json\/wp\/v2\/media?parent=35368"}],"wp:term":[{"taxonomy":"product_brand","embeddable":true,"href":"https:\/\/www.momengames.com\/index.php\/wp-json\/wp\/v2\/product_brand?post=35368"},{"taxonomy":"product_cat","embeddable":true,"href":"https:\/\/www.momengames.com\/index.php\/wp-json\/wp\/v2\/product_cat?post=35368"},{"taxonomy":"product_tag","embeddable":true,"href":"https:\/\/www.momengames.com\/index.php\/wp-json\/wp\/v2\/product_tag?post=35368"}],"curies":[{"name":"wp","href":"https:\/\/api.w.org\/{rel}","templated":true}]}}