{"id":35367,"date":"2025-10-14T10:57:51","date_gmt":"2025-10-14T10:57:51","guid":{"rendered":"https:\/\/www.momengames.com\/index.php\/product\/razer-kraken-v4-kabelloses-gaming-headset-24-ghz-bluetooth-usb-superbreitband-mikrofon-40-mm-treiber-9-zonen-rgb-beleuchtung-fuer-pc-mac-ps5-nintendo-swi\/"},"modified":"2025-10-14T10:57:51","modified_gmt":"2025-10-14T10:57:51","slug":"razer-kraken-v4-kabelloses-gaming-headset-24-ghz-bluetooth-usb-superbreitband-mikrofon-40-mm-treiber-9-zonen-rgb-beleuchtung-fuer-pc-mac-ps5-nintendo-swi","status":"publish","type":"product","link":"https:\/\/www.momengames.com\/index.php\/product\/razer-kraken-v4-kabelloses-gaming-headset-24-ghz-bluetooth-usb-superbreitband-mikrofon-40-mm-treiber-9-zonen-rgb-beleuchtung-fuer-pc-mac-ps5-nintendo-swi\/?lang=de","title":{"rendered":"Razer Kraken V4 Kabelloses Gaming-Headset: 2,4 GHz, Bluetooth, USB \u2013 Superbreitband-Mikrofon \u2013 40-mm-Treiber \u2013 9-Zonen-RGB-Beleuchtung \u2013 f\u00fcr PC, Mac, PS5, Nintendo Switch 2, Steam Deck, Smartphone \u2013 Schwarz"},"content":{"rendered":"<p>TRIFORCE TITANIUM 40-MM-TREIBER \u2013 Das patentierte 3-teilige Treiberdesign von Razer erzeugt au\u00dfergew\u00f6hnliche H\u00f6hen, Mitten und Tiefen, die nicht verschwimmen, und sorgt so f\u00fcr ein dynamischeres H\u00f6rerlebnis und tieferes Eintauchen.<\/p>\n<p>3 VERBINDUNGSMODI \u2013 Genie\u00dfen Sie vom PC \u00fcber die Konsole bis zum Smartphone volles Klangerlebnis mit ultraschnellem 2,4-GHz-WLAN, Bluetooth oder bleiben Sie f\u00fcr ununterbrochenes Gaming \u00fcber eine USB-Kabelverbindung angeschlossen.<\/p>\n<p>EINZIEHBARES HYPERCLEAR SUPER-BREITBAND-MIKROFON \u2013 Dieses einziehbare Mikrofon der n\u00e4chsten Generation deckt einen breiteren Frequenzbereich ab und erfasst unglaublich viele Sprachdetails, sodass alles Gesprochene klar, satt und nat\u00fcrlich klingt.<\/p>\n<p>THX SPATIAL AUDIO \u2013 Genie\u00dfen Sie mit unserem fortschrittlichen 7.1-Surround-Sound eine lebensechte Akustik, die das Sounddesign des Spiels optimiert, und h\u00f6ren Sie alles, als w\u00e4ren Sie mittendrin.<br \/>\n9-ZONEN-OHRMUSKEL-CHROMA-RGB-BELEUCHTUNG \u2013 Mit Zugriff auf 16,8 Millionen Farben und eine Reihe von Lichteffekten k\u00f6nnen Sie Ihre bevorzugten Einstellungen anwenden und die nahtlose Zusammenarbeit mit \u00fcber 300 Spielen und 500 Ger\u00e4ten bei mehr als 50 Partnern erleben.<br \/>\nSCHNELLER SPIEL-\/CHAT-MIX UND LAUTST\u00c4RKERABGLEICH \u2013 Wechseln Sie m\u00fchelos zwischen der Anpassung der Gesamtlautst\u00e4rke oder des Spiel-\/Chat-Mix und erzielen Sie selbst im Chaos des Gefechts die richtige Balance zwischen Spiel-Audio und Sprachkommunikation.<\/p>\n","protected":false},"excerpt":{"rendered":"<p>TRIFORCE TITANIUM 40-MM-TREIBER \u2013 Das patentierte 3-teilige Treiberdesign von Razer erzeugt au\u00dfergew\u00f6hnliche H\u00f6hen, Mitten und Tiefen, die nicht verschwimmen, und sorgt so f\u00fcr ein dynamischeres H\u00f6rerlebnis und tieferes Eintauchen.<\/p>\n<p>3 VERBINDUNGSMODI \u2013 Genie\u00dfen Sie vom PC \u00fcber die Konsole bis zum Smartphone volles Klangerlebnis mit ultraschnellem 2,4-GHz-WLAN, Bluetooth oder bleiben Sie f\u00fcr ununterbrochenes Gaming \u00fcber eine USB-Kabelverbindung angeschlossen.<\/p>\n<p>EINZIEHBARES HYPERCLEAR SUPER-BREITBAND-MIKROFON \u2013 Dieses einziehbare Mikrofon der n\u00e4chsten Generation deckt einen breiteren Frequenzbereich ab und erfasst unglaublich viele Sprachdetails, sodass alles Gesprochene klar, satt und nat\u00fcrlich klingt.<\/p>\n<p>THX SPATIAL AUDIO \u2013 Genie\u00dfen Sie mit unserem fortschrittlichen 7.1-Surround-Sound eine lebensechte Akustik, die das Sounddesign des Spiels optimiert, und h\u00f6ren Sie alles, als w\u00e4ren Sie mittendrin.<br \/>\n9-ZONEN-OHRMUSKEL-CHROMA-RGB-BELEUCHTUNG \u2013 Mit Zugriff auf 16,8 Millionen Farben und eine Reihe von Lichteffekten k\u00f6nnen Sie Ihre bevorzugten Einstellungen anwenden und die nahtlose Zusammenarbeit mit \u00fcber 300 Spielen und 500 Ger\u00e4ten bei mehr als 50 Partnern erleben.<br \/>\nSCHNELLER SPIEL-\/CHAT-MIX UND LAUTST\u00c4RKERABGLEICH \u2013 Wechseln Sie m\u00fchelos zwischen der Anpassung der Gesamtlautst\u00e4rke oder des Spiel-\/Chat-Mix und erzielen Sie selbst im Chaos des Gefechts die richtige Balance zwischen Spiel-Audio und Sprachkommunikation.<\/p>\n","protected":false},"featured_media":35331,"comment_status":"open","ping_status":"closed","template":"","meta":{"iawp_total_views":5},"product_brand":[57],"product_cat":[15],"product_tag":[],"class_list":{"0":"post-35367","1":"product","2":"type-product","3":"status-publish","4":"has-post-thumbnail","6":"product_brand-razer","7":"product_cat-electronics-accessories","9":"first","10":"instock","11":"sale","12":"taxable","13":"shipping-taxable","14":"purchasable","15":"product-type-simple"},"jetpack_sharing_enabled":true,"_links":{"self":[{"href":"https:\/\/www.momengames.com\/index.php\/wp-json\/wp\/v2\/product\/35367","targetHints":{"allow":["GET"]}}],"collection":[{"href":"https:\/\/www.momengames.com\/index.php\/wp-json\/wp\/v2\/product"}],"about":[{"href":"https:\/\/www.momengames.com\/index.php\/wp-json\/wp\/v2\/types\/product"}],"replies":[{"embeddable":true,"href":"https:\/\/www.momengames.com\/index.php\/wp-json\/wp\/v2\/comments?post=35367"}],"wp:featuredmedia":[{"embeddable":true,"href":"https:\/\/www.momengames.com\/index.php\/wp-json\/wp\/v2\/media\/35331"}],"wp:attachment":[{"href":"https:\/\/www.momengames.com\/index.php\/wp-json\/wp\/v2\/media?parent=35367"}],"wp:term":[{"taxonomy":"product_brand","embeddable":true,"href":"https:\/\/www.momengames.com\/index.php\/wp-json\/wp\/v2\/product_brand?post=35367"},{"taxonomy":"product_cat","embeddable":true,"href":"https:\/\/www.momengames.com\/index.php\/wp-json\/wp\/v2\/product_cat?post=35367"},{"taxonomy":"product_tag","embeddable":true,"href":"https:\/\/www.momengames.com\/index.php\/wp-json\/wp\/v2\/product_tag?post=35367"}],"curies":[{"name":"wp","href":"https:\/\/api.w.org\/{rel}","templated":true}]}}