{"id":35366,"date":"2025-10-14T10:32:47","date_gmt":"2025-10-14T10:32:47","guid":{"rendered":"https:\/\/www.momengames.com\/index.php\/product\/razer-kaira-dual-wireless-gaming-headset-fuer-playstation-5-ps5-pc-mobilgeraet-ps4-triforce-50-mm-treiber-hyperclear-nierenmikrofon-24-ghz-und-bluetooth-mit-smartswitch\/"},"modified":"2025-10-14T10:32:47","modified_gmt":"2025-10-14T10:32:47","slug":"razer-kaira-dual-wireless-gaming-headset-fuer-playstation-5-ps5-pc-mobilgeraet-ps4-triforce-50-mm-treiber-hyperclear-nierenmikrofon-24-ghz-und-bluetooth-mit-smartswitch","status":"publish","type":"product","link":"https:\/\/www.momengames.com\/index.php\/product\/razer-kaira-dual-wireless-gaming-headset-fuer-playstation-5-ps5-pc-mobilgeraet-ps4-triforce-50-mm-treiber-hyperclear-nierenmikrofon-24-ghz-und-bluetooth-mit-smartswitch\/?lang=de","title":{"rendered":"Razer Kaira Dual Wireless Gaming-Headset f\u00fcr PlayStation 5\/PS5, PC, Mobilger\u00e4t, PS4: Triforce 50-mm-Treiber \u2013 HyperClear-Nierenmikrofon \u2013 2,4 GHz und Bluetooth mit SmartSwitch \u2013 EQ-Umschalter \u2013 Wei\u00df\/Schwarz"},"content":{"rendered":"<p>TriForce 50-mm-Treiber: Hochmoderne Treiber, die H\u00f6hen, Mitten und Tiefen separat abstimmen k\u00f6nnen \u2013 f\u00fcr einen helleren, klareren Klang mit satteren H\u00f6hen und kraftvolleren B\u00e4ssen.<br \/>\nHyperClear-Mikrofon mit Nierencharakteristik: Biegsames Mikrofon mit verbessertem Geh\u00e4use und optimierter Aufnahme f\u00fcr eine hervorragende Sprachaufnahme, das Ger\u00e4usche von hinten und von den Seiten unterdr\u00fcckt \u2013 unterst\u00fctzt durch Mikrofon\u00fcberwachung und Spiel-\/Chat-Balance f\u00fcr optimale Lautst\u00e4rke.<br \/>\nRazer SmartSwitch: Einfaches Wechseln zwischen Audio von Konsole und Smartphone f\u00fcr maximalen Komfort beim Spielen.<br \/>\nLow-Latency-Bluetooth mit Quick Connect: Schalten Sie den Gaming-Modus \u00fcber die Razer Audio App um, um die Latenz f\u00fcr fl\u00fcssigeres mobiles Gameplay zu reduzieren \u2013 nutzen Sie die Quick Connect-Funktion, um mit nur einem Fingertipp zwischen zuvor verbundenen Ger\u00e4ten zu wechseln.<br \/>\nFlowKnit Memory Foam-Ohrpolster: Das atmungsaktive Gewebe der Ohrpolster minimiert Schwei\u00df- und W\u00e4rmeentwicklung, w\u00e4hrend der dichte, ultraweiche Schaumstoff den Anpressdruck des Headsets deutlich reduziert und so f\u00fcr bequemen Halt bei Gaming-Marathons sorgt.<br \/>\nEQ-Umschalter: Erstelle einen benutzerdefinierten EQ oder schalte \u00fcber die Razer Audio-App auf Android\/iOS durch 4 Voreinstellungen, mit Optionen wie dem FPS-Modus f\u00fcr einen Wettbewerbsvorteil oder dem Bass-Modus f\u00fcr mehr Wumms.<br \/>\nKompatibel mit PlayStation 5 (PS5), PS4, PC, Mobilger\u00e4ten und Ger\u00e4ten mit Bluetooth-Audiofunktion.<\/p>\n","protected":false},"excerpt":{"rendered":"<p>TriForce 50-mm-Treiber: Hochmoderne Treiber, die H\u00f6hen, Mitten und Tiefen separat abstimmen k\u00f6nnen \u2013 f\u00fcr einen helleren, klareren Klang mit satteren H\u00f6hen und kraftvolleren B\u00e4ssen.<br \/>\nHyperClear-Mikrofon mit Nierencharakteristik: Biegsames Mikrofon mit verbessertem Geh\u00e4use und optimierter Aufnahme f\u00fcr eine hervorragende Sprachaufnahme, das Ger\u00e4usche von hinten und von den Seiten unterdr\u00fcckt \u2013 unterst\u00fctzt durch Mikrofon\u00fcberwachung und Spiel-\/Chat-Balance f\u00fcr optimale Lautst\u00e4rke.<br \/>\nRazer SmartSwitch: Einfaches Wechseln zwischen Audio von Konsole und Smartphone f\u00fcr maximalen Komfort beim Spielen.<br \/>\nLow-Latency-Bluetooth mit Quick Connect: Schalten Sie den Gaming-Modus \u00fcber die Razer Audio App um, um die Latenz f\u00fcr fl\u00fcssigeres mobiles Gameplay zu reduzieren \u2013 nutzen Sie die Quick Connect-Funktion, um mit nur einem Fingertipp zwischen zuvor verbundenen Ger\u00e4ten zu wechseln.<br \/>\nFlowKnit Memory Foam-Ohrpolster: Das atmungsaktive Gewebe der Ohrpolster minimiert Schwei\u00df- und W\u00e4rmeentwicklung, w\u00e4hrend der dichte, ultraweiche Schaumstoff den Anpressdruck des Headsets deutlich reduziert und so f\u00fcr bequemen Halt bei Gaming-Marathons sorgt.<br \/>\nEQ-Umschalter: Erstelle einen benutzerdefinierten EQ oder schalte \u00fcber die Razer Audio-App auf Android\/iOS durch 4 Voreinstellungen, mit Optionen wie dem FPS-Modus f\u00fcr einen Wettbewerbsvorteil oder dem Bass-Modus f\u00fcr mehr Wumms.<br \/>\nKompatibel mit PlayStation 5 (PS5), PS4, PC, Mobilger\u00e4ten und Ger\u00e4ten mit Bluetooth-Audiofunktion.<\/p>\n","protected":false},"featured_media":35327,"comment_status":"open","ping_status":"closed","template":"","meta":{"iawp_total_views":1},"product_brand":[57],"product_cat":[15],"product_tag":[],"class_list":{"0":"post-35366","1":"product","2":"type-product","3":"status-publish","4":"has-post-thumbnail","6":"product_brand-razer","7":"product_cat-electronics-accessories","9":"first","10":"instock","11":"taxable","12":"shipping-taxable","13":"purchasable","14":"product-type-simple"},"jetpack_sharing_enabled":true,"_links":{"self":[{"href":"https:\/\/www.momengames.com\/index.php\/wp-json\/wp\/v2\/product\/35366","targetHints":{"allow":["GET"]}}],"collection":[{"href":"https:\/\/www.momengames.com\/index.php\/wp-json\/wp\/v2\/product"}],"about":[{"href":"https:\/\/www.momengames.com\/index.php\/wp-json\/wp\/v2\/types\/product"}],"replies":[{"embeddable":true,"href":"https:\/\/www.momengames.com\/index.php\/wp-json\/wp\/v2\/comments?post=35366"}],"wp:featuredmedia":[{"embeddable":true,"href":"https:\/\/www.momengames.com\/index.php\/wp-json\/wp\/v2\/media\/35327"}],"wp:attachment":[{"href":"https:\/\/www.momengames.com\/index.php\/wp-json\/wp\/v2\/media?parent=35366"}],"wp:term":[{"taxonomy":"product_brand","embeddable":true,"href":"https:\/\/www.momengames.com\/index.php\/wp-json\/wp\/v2\/product_brand?post=35366"},{"taxonomy":"product_cat","embeddable":true,"href":"https:\/\/www.momengames.com\/index.php\/wp-json\/wp\/v2\/product_cat?post=35366"},{"taxonomy":"product_tag","embeddable":true,"href":"https:\/\/www.momengames.com\/index.php\/wp-json\/wp\/v2\/product_tag?post=35366"}],"curies":[{"name":"wp","href":"https:\/\/api.w.org\/{rel}","templated":true}]}}