{"id":35365,"date":"2025-10-14T10:21:03","date_gmt":"2025-10-14T10:21:03","guid":{"rendered":"https:\/\/www.momengames.com\/index.php\/product\/razer-blackshark-v2-pro-wireless-playstation-gaming-headset-50-mm-treiber-superbreitbandmikrofon-geraeuschisolierende-ohrmuscheln-fuer-ps5-nintendo-switch-2-pc-mac\/"},"modified":"2025-10-14T10:21:03","modified_gmt":"2025-10-14T10:21:03","slug":"razer-blackshark-v2-pro-wireless-playstation-gaming-headset-50-mm-treiber-superbreitbandmikrofon-geraeuschisolierende-ohrmuscheln-fuer-ps5-nintendo-switch-2-pc-mac","status":"publish","type":"product","link":"https:\/\/www.momengames.com\/index.php\/product\/razer-blackshark-v2-pro-wireless-playstation-gaming-headset-50-mm-treiber-superbreitbandmikrofon-geraeuschisolierende-ohrmuscheln-fuer-ps5-nintendo-switch-2-pc-mac\/?lang=de","title":{"rendered":"Razer BlackShark V2 Pro Wireless PlayStation Gaming-Headset: 50-mm-Treiber \u2013 Superbreitbandmikrofon \u2013 ger\u00e4uschisolierende Ohrmuscheln \u2013 F\u00fcr PS5, Nintendo Switch 2, PC, Mac \u2013 Bluetooth, USB-C \u2013 70-Stunden-Akku \u2013 Wei\u00df"},"content":{"rendered":"<p>HYPERCLEAR SUPERBREITBAND-MIKROFON \u2013 Durch die Abdeckung eines breiteren Frequenzbereichs erfasst dieses abnehmbare Mikrofon der n\u00e4chsten Generation unglaublich viele Sprachdetails, sodass jede Ansage klar, satt und nat\u00fcrlich klingt.<\/p>\n<p>TRIFORCE TITANIUM 50-MM-TREIBER \u2013 Mit titanbeschichteten Membranen f\u00fcr zus\u00e4tzliche Klarheit. Unser innovatives, propriet\u00e4res Design unterteilt den Treiber in drei Teile, um H\u00f6hen, Mitten und Tiefen individuell abzustimmen. Das Ergebnis ist ein hellerer, klarerer Klang mit satteren H\u00f6hen und kraftvolleren Tiefen.<\/p>\n<p>HYPERSPEED-DRAHTLOSTECHNOLOGIE \u2013 Genie\u00dfen Sie mit der branchenf\u00fchrenden 2,4-GHz-Funkverbindung leistungsstarkes, latenzarmes Wettkampfspiel mit perfekt auf das Spiel abgestimmtem Sound.<\/p>\n<p>PROFI-ABGEstimmte FPS-AUDIOPROFILE \u2013 Abgestimmt mit einigen der besten E-Sportler der Welt. H\u00f6ren Sie wie die Profis mit den FPS-Audioprofilen im Headset, die maximale Informationen f\u00fcr den ultimativen Wettbewerbsvorteil liefern.<br \/>\nGER\u00c4USCHISOLIERENDE OHRMUSKEL MIT ULTRAWEICHEM MEMORY-SCHAUMSTOFF \u2013 Die geschlossenen Ohrmuscheln des Headsets passen sich der Kopfform an und dichten perfekt ab, um Ablenkungen auszuschlie\u00dfen. Die weiche Polsterung aus atmungsaktivem Stoff sorgt f\u00fcr absoluten Komfort beim Wettkampf.<br \/>\nBIS ZU 70 STUNDEN AKKULAUFZEIT MIT TYP-C-LADUNG \u2013 Eine einzige vollst\u00e4ndige Ladung des Headsets bietet bis zu 70 Stunden Akkulaufzeit und erm\u00f6glicht so ununterbrochenes Wettkampf-Gameplay mit minimalen Ausfallzeiten (getestet mit PC, bis zu 48 Stunden mit PS5).<\/p>\n","protected":false},"excerpt":{"rendered":"<p>HYPERCLEAR SUPERBREITBAND-MIKROFON \u2013 Durch die Abdeckung eines breiteren Frequenzbereichs erfasst dieses abnehmbare Mikrofon der n\u00e4chsten Generation unglaublich viele Sprachdetails, sodass jede Ansage klar, satt und nat\u00fcrlich klingt.<\/p>\n<p>TRIFORCE TITANIUM 50-MM-TREIBER \u2013 Mit titanbeschichteten Membranen f\u00fcr zus\u00e4tzliche Klarheit. Unser innovatives, propriet\u00e4res Design unterteilt den Treiber in drei Teile, um H\u00f6hen, Mitten und Tiefen individuell abzustimmen. Das Ergebnis ist ein hellerer, klarerer Klang mit satteren H\u00f6hen und kraftvolleren Tiefen.<\/p>\n<p>HYPERSPEED-DRAHTLOSTECHNOLOGIE \u2013 Genie\u00dfen Sie mit der branchenf\u00fchrenden 2,4-GHz-Funkverbindung leistungsstarkes, latenzarmes Wettkampfspiel mit perfekt auf das Spiel abgestimmtem Sound.<\/p>\n<p>PROFI-ABGEstimmte FPS-AUDIOPROFILE \u2013 Abgestimmt mit einigen der besten E-Sportler der Welt. H\u00f6ren Sie wie die Profis mit den FPS-Audioprofilen im Headset, die maximale Informationen f\u00fcr den ultimativen Wettbewerbsvorteil liefern.<br \/>\nGER\u00c4USCHISOLIERENDE OHRMUSKEL MIT ULTRAWEICHEM MEMORY-SCHAUMSTOFF \u2013 Die geschlossenen Ohrmuscheln des Headsets passen sich der Kopfform an und dichten perfekt ab, um Ablenkungen auszuschlie\u00dfen. Die weiche Polsterung aus atmungsaktivem Stoff sorgt f\u00fcr absoluten Komfort beim Wettkampf.<br \/>\nBIS ZU 70 STUNDEN AKKULAUFZEIT MIT TYP-C-LADUNG \u2013 Eine einzige vollst\u00e4ndige Ladung des Headsets bietet bis zu 70 Stunden Akkulaufzeit und erm\u00f6glicht so ununterbrochenes Wettkampf-Gameplay mit minimalen Ausfallzeiten (getestet mit PC, bis zu 48 Stunden mit PS5).<\/p>\n","protected":false},"featured_media":35323,"comment_status":"open","ping_status":"closed","template":"","meta":{"iawp_total_views":0},"product_brand":[57],"product_cat":[15],"product_tag":[],"class_list":{"0":"post-35365","1":"product","2":"type-product","3":"status-publish","4":"has-post-thumbnail","6":"product_brand-razer","7":"product_cat-electronics-accessories","9":"first","10":"instock","11":"sale","12":"taxable","13":"shipping-taxable","14":"purchasable","15":"product-type-simple"},"jetpack_sharing_enabled":true,"_links":{"self":[{"href":"https:\/\/www.momengames.com\/index.php\/wp-json\/wp\/v2\/product\/35365","targetHints":{"allow":["GET"]}}],"collection":[{"href":"https:\/\/www.momengames.com\/index.php\/wp-json\/wp\/v2\/product"}],"about":[{"href":"https:\/\/www.momengames.com\/index.php\/wp-json\/wp\/v2\/types\/product"}],"replies":[{"embeddable":true,"href":"https:\/\/www.momengames.com\/index.php\/wp-json\/wp\/v2\/comments?post=35365"}],"wp:featuredmedia":[{"embeddable":true,"href":"https:\/\/www.momengames.com\/index.php\/wp-json\/wp\/v2\/media\/35323"}],"wp:attachment":[{"href":"https:\/\/www.momengames.com\/index.php\/wp-json\/wp\/v2\/media?parent=35365"}],"wp:term":[{"taxonomy":"product_brand","embeddable":true,"href":"https:\/\/www.momengames.com\/index.php\/wp-json\/wp\/v2\/product_brand?post=35365"},{"taxonomy":"product_cat","embeddable":true,"href":"https:\/\/www.momengames.com\/index.php\/wp-json\/wp\/v2\/product_cat?post=35365"},{"taxonomy":"product_tag","embeddable":true,"href":"https:\/\/www.momengames.com\/index.php\/wp-json\/wp\/v2\/product_tag?post=35365"}],"curies":[{"name":"wp","href":"https:\/\/api.w.org\/{rel}","templated":true}]}}