{"id":35363,"date":"2025-10-14T09:57:21","date_gmt":"2025-10-14T09:57:21","guid":{"rendered":"https:\/\/www.momengames.com\/index.php\/product\/razer-blackshark-v2-gaming-headset-thx-7-1-spatial-surround-sound-50-mm-treiber-abnehmbares-mikrofon-pc-ps4-ps5-switch-35-mm-audiobuchse-und-usb-dac\/"},"modified":"2025-10-14T09:57:21","modified_gmt":"2025-10-14T09:57:21","slug":"razer-blackshark-v2-gaming-headset-thx-7-1-spatial-surround-sound-50-mm-treiber-abnehmbares-mikrofon-pc-ps4-ps5-switch-35-mm-audiobuchse-und-usb-dac","status":"publish","type":"product","link":"https:\/\/www.momengames.com\/index.php\/product\/razer-blackshark-v2-gaming-headset-thx-7-1-spatial-surround-sound-50-mm-treiber-abnehmbares-mikrofon-pc-ps4-ps5-switch-35-mm-audiobuchse-und-usb-dac\/?lang=de","title":{"rendered":"Razer BlackShark V2 Gaming-Headset: THX 7.1 Spatial Surround Sound \u2013 50-mm-Treiber \u2013 Abnehmbares Mikrofon \u2013 PC, PS4, PS5, Switch \u2013 3,5-mm-Audiobuchse und USB-DAC \u2013 ESL-Edition"},"content":{"rendered":"<p>Die meistverkaufte Marke f\u00fcr Gaming-Peripherieger\u00e4te: Quelle \u2013 The NPD Group, Inc. US-Einzelhandels-Tracking-Service: Gaming-Tastaturen, Gaming-M\u00e4use, Gaming-Headsets, Gaming-Peripherieger\u00e4te; basierend auf dem Umsatz in Dollar, kombiniert 2017\u20132022.<\/p>\n<p>Kompatibel mit THX 7.1 Surround Sound: Bietet branchenf\u00fchrenden Klangrealismus f\u00fcr ein immersives Spielerlebnis durch pr\u00e4zise r\u00e4umliche Klanginformationen, die \u00fcber die Richtungshinweise von standardm\u00e4\u00dfigem 7.1 Surround Sound hinausgehen.<\/p>\n<p>Triforce Titanium 50-mm-High-End-Soundtreiber: Ausgestattet mit hochmodernen 50-mm-Treibern, die in drei Teile unterteilt sind, f\u00fcr eine individuelle Abstimmung von H\u00f6hen, Mitten und Tiefen.<\/p>\n<p>Ganzt\u00e4giger Tragekomfort: Ovale, k\u00fchlende, gelgetr\u00e4nkte Polster verhindern \u00dcberhitzung und Druckaufbau.<\/p>\n<p>Abnehmbares Razer Hyperclear Nierenmikrofon: F\u00fcr einen fokussierteren Sprachaufnahmebereich abgestimmt. Holen Sie das Beste aus dem Mikrofon heraus mit den erweiterten Sprachoptimierungsoptionen \u00fcber Razer Synapse 3.<br \/>\nKompatibilit\u00e4t: Audio-Enhancer-DAC wird \u00fcber USB-Anschluss angeschlossen; THX Spatial Audio ist nur unter Windows 10 64-Bit verf\u00fcgbar.<br \/>\nOffiziell lizenziertes ESL Gaming Design: Eines der weltweit gr\u00f6\u00dften E-Sport-Unternehmen, das mit zahlreichen Online- und Offline-Wettbewerben die Branche bei den beliebtesten Videospielen anf\u00fchrt.<\/p>\n","protected":false},"excerpt":{"rendered":"<p>Die meistverkaufte Marke f\u00fcr Gaming-Peripherieger\u00e4te: Quelle \u2013 The NPD Group, Inc. US-Einzelhandels-Tracking-Service: Gaming-Tastaturen, Gaming-M\u00e4use, Gaming-Headsets, Gaming-Peripherieger\u00e4te; basierend auf dem Umsatz in Dollar, kombiniert 2017\u20132022.<\/p>\n<p>Kompatibel mit THX 7.1 Surround Sound: Bietet branchenf\u00fchrenden Klangrealismus f\u00fcr ein immersives Spielerlebnis durch pr\u00e4zise r\u00e4umliche Klanginformationen, die \u00fcber die Richtungshinweise von standardm\u00e4\u00dfigem 7.1 Surround Sound hinausgehen.<\/p>\n<p>Triforce Titanium 50-mm-High-End-Soundtreiber: Ausgestattet mit hochmodernen 50-mm-Treibern, die in drei Teile unterteilt sind, f\u00fcr eine individuelle Abstimmung von H\u00f6hen, Mitten und Tiefen.<\/p>\n<p>Ganzt\u00e4giger Tragekomfort: Ovale, k\u00fchlende, gelgetr\u00e4nkte Polster verhindern \u00dcberhitzung und Druckaufbau.<\/p>\n<p>Abnehmbares Razer Hyperclear Nierenmikrofon: F\u00fcr einen fokussierteren Sprachaufnahmebereich abgestimmt. Holen Sie das Beste aus dem Mikrofon heraus mit den erweiterten Sprachoptimierungsoptionen \u00fcber Razer Synapse 3.<br \/>\nKompatibilit\u00e4t: Audio-Enhancer-DAC wird \u00fcber USB-Anschluss angeschlossen; THX Spatial Audio ist nur unter Windows 10 64-Bit verf\u00fcgbar.<br \/>\nOffiziell lizenziertes ESL Gaming Design: Eines der weltweit gr\u00f6\u00dften E-Sport-Unternehmen, das mit zahlreichen Online- und Offline-Wettbewerben die Branche bei den beliebtesten Videospielen anf\u00fchrt.<\/p>\n","protected":false},"featured_media":35314,"comment_status":"open","ping_status":"closed","template":"","meta":{"iawp_total_views":58},"product_brand":[57],"product_cat":[15],"product_tag":[],"class_list":{"0":"post-35363","1":"product","2":"type-product","3":"status-publish","4":"has-post-thumbnail","6":"product_brand-razer","7":"product_cat-electronics-accessories","9":"first","10":"instock","11":"taxable","12":"shipping-taxable","13":"purchasable","14":"product-type-simple"},"jetpack_sharing_enabled":true,"_links":{"self":[{"href":"https:\/\/www.momengames.com\/index.php\/wp-json\/wp\/v2\/product\/35363","targetHints":{"allow":["GET"]}}],"collection":[{"href":"https:\/\/www.momengames.com\/index.php\/wp-json\/wp\/v2\/product"}],"about":[{"href":"https:\/\/www.momengames.com\/index.php\/wp-json\/wp\/v2\/types\/product"}],"replies":[{"embeddable":true,"href":"https:\/\/www.momengames.com\/index.php\/wp-json\/wp\/v2\/comments?post=35363"}],"wp:featuredmedia":[{"embeddable":true,"href":"https:\/\/www.momengames.com\/index.php\/wp-json\/wp\/v2\/media\/35314"}],"wp:attachment":[{"href":"https:\/\/www.momengames.com\/index.php\/wp-json\/wp\/v2\/media?parent=35363"}],"wp:term":[{"taxonomy":"product_brand","embeddable":true,"href":"https:\/\/www.momengames.com\/index.php\/wp-json\/wp\/v2\/product_brand?post=35363"},{"taxonomy":"product_cat","embeddable":true,"href":"https:\/\/www.momengames.com\/index.php\/wp-json\/wp\/v2\/product_cat?post=35363"},{"taxonomy":"product_tag","embeddable":true,"href":"https:\/\/www.momengames.com\/index.php\/wp-json\/wp\/v2\/product_tag?post=35363"}],"curies":[{"name":"wp","href":"https:\/\/api.w.org\/{rel}","templated":true}]}}