{"id":35361,"date":"2025-10-14T09:34:48","date_gmt":"2025-10-14T09:34:48","guid":{"rendered":"https:\/\/www.momengames.com\/index.php\/product\/razer-overwatch-manowar-tournament-edition-gaming-headset-kompatibel-mit-pc-xbox-one-und-playstation-4\/"},"modified":"2025-10-14T09:34:48","modified_gmt":"2025-10-14T09:34:48","slug":"razer-overwatch-manowar-tournament-edition-gaming-headset-kompatibel-mit-pc-xbox-one-und-playstation-4","status":"publish","type":"product","link":"https:\/\/www.momengames.com\/index.php\/product\/razer-overwatch-manowar-tournament-edition-gaming-headset-kompatibel-mit-pc-xbox-one-und-playstation-4\/?lang=de","title":{"rendered":"Razer Overwatch ManO&#8217;War Tournament Edition Gaming-Headset \u2013 Kompatibel mit PC, Xbox One und PlayStation 4"},"content":{"rendered":"<p>Das Overwatch Razer ManO&#8217;War TE bietet dank seiner gro\u00dfen, speziell abgestimmten 50-mm-Treiber Hi-Fi-Sound in Gaming-Qualit\u00e4t.<\/p>\n<p>Das geschlossene Ohrmuscheldesign mit weicher, ohrumschlie\u00dfender Polsterung sorgt f\u00fcr hervorragende Schallisolierung, sodass Sie sich ungest\u00f6rt von Umgebungsger\u00e4uschen auf das Spiel konzentrieren k\u00f6nnen.<\/p>\n<p>Mit der integrierten Fernbedienung des Overwatch Razer ManO&#8217;War TE k\u00f6nnen Sie die Spiellautst\u00e4rke regeln und das analoge MEMS-Mikrofon stummschalten, ohne mitten im Spiel herumfummeln zu m\u00fcssen.<\/p>\n<p>Der vollst\u00e4ndig einziehbare Mikrofonarm l\u00e4sst sich nicht nur bei Bedarf aus der linken Ohrmuschel herausziehen, sondern bietet dank seines flexiblen Designs auch die Freiheit, ihn genau an Ihre Bed\u00fcrfnisse anzupassen.<\/p>\n<p>Das Overwatch Razer ManO&#8217;War TE ist mit drehbaren Ohrmuscheln, extragro\u00dfen, weichen Ohrpolstern, einem breiten Kopfb\u00fcgel und optimalem Gewicht f\u00fcr ausgedehnte Gaming-Sessions sowie f\u00fcr Komfort unterwegs ausgestattet.<\/p>\n<p>Das Overwatch Razer ManO&#8217;War TE bietet dank seiner gro\u00dfen, speziell abgestimmten 50-mm-Treiber Hi-Fi-Sound in Gaming-Qualit\u00e4t.<br \/>\nDas geschlossene Ohrmuscheldesign mit weicher, ohrumschlie\u00dfender Polsterung sorgt f\u00fcr eine hervorragende Schallisolierung, sodass Sie sich ungest\u00f6rt von Umgebungsger\u00e4uschen auf das Spiel konzentrieren k\u00f6nnen.<\/p>\n","protected":false},"excerpt":{"rendered":"<p>Das Overwatch Razer ManO&#8217;War TE bietet dank seiner gro\u00dfen, speziell abgestimmten 50-mm-Treiber Hi-Fi-Sound in Gaming-Qualit\u00e4t.<\/p>\n<p>Das geschlossene Ohrmuscheldesign mit weicher, ohrumschlie\u00dfender Polsterung sorgt f\u00fcr hervorragende Schallisolierung, sodass Sie sich ungest\u00f6rt von Umgebungsger\u00e4uschen auf das Spiel konzentrieren k\u00f6nnen.<\/p>\n<p>Mit der integrierten Fernbedienung des Overwatch Razer ManO&#8217;War TE k\u00f6nnen Sie die Spiellautst\u00e4rke regeln und das analoge MEMS-Mikrofon stummschalten, ohne mitten im Spiel herumfummeln zu m\u00fcssen.<\/p>\n<p>Der vollst\u00e4ndig einziehbare Mikrofonarm l\u00e4sst sich nicht nur bei Bedarf aus der linken Ohrmuschel herausziehen, sondern bietet dank seines flexiblen Designs auch die Freiheit, ihn genau an Ihre Bed\u00fcrfnisse anzupassen.<\/p>\n<p>Das Overwatch Razer ManO&#8217;War TE ist mit drehbaren Ohrmuscheln, extragro\u00dfen, weichen Ohrpolstern, einem breiten Kopfb\u00fcgel und optimalem Gewicht f\u00fcr ausgedehnte Gaming-Sessions sowie f\u00fcr Komfort unterwegs ausgestattet.<\/p>\n<p>Das Overwatch Razer ManO&#8217;War TE bietet dank seiner gro\u00dfen, speziell abgestimmten 50-mm-Treiber Hi-Fi-Sound in Gaming-Qualit\u00e4t.<br \/>\nDas geschlossene Ohrmuscheldesign mit weicher, ohrumschlie\u00dfender Polsterung sorgt f\u00fcr eine hervorragende Schallisolierung, sodass Sie sich ungest\u00f6rt von Umgebungsger\u00e4uschen auf das Spiel konzentrieren k\u00f6nnen.<\/p>\n","protected":false},"featured_media":35306,"comment_status":"open","ping_status":"closed","template":"","meta":{"iawp_total_views":10},"product_brand":[57],"product_cat":[15],"product_tag":[],"class_list":{"0":"post-35361","1":"product","2":"type-product","3":"status-publish","4":"has-post-thumbnail","6":"product_brand-razer","7":"product_cat-electronics-accessories","9":"first","10":"instock","11":"taxable","12":"shipping-taxable","13":"purchasable","14":"product-type-simple"},"jetpack_sharing_enabled":true,"_links":{"self":[{"href":"https:\/\/www.momengames.com\/index.php\/wp-json\/wp\/v2\/product\/35361","targetHints":{"allow":["GET"]}}],"collection":[{"href":"https:\/\/www.momengames.com\/index.php\/wp-json\/wp\/v2\/product"}],"about":[{"href":"https:\/\/www.momengames.com\/index.php\/wp-json\/wp\/v2\/types\/product"}],"replies":[{"embeddable":true,"href":"https:\/\/www.momengames.com\/index.php\/wp-json\/wp\/v2\/comments?post=35361"}],"wp:featuredmedia":[{"embeddable":true,"href":"https:\/\/www.momengames.com\/index.php\/wp-json\/wp\/v2\/media\/35306"}],"wp:attachment":[{"href":"https:\/\/www.momengames.com\/index.php\/wp-json\/wp\/v2\/media?parent=35361"}],"wp:term":[{"taxonomy":"product_brand","embeddable":true,"href":"https:\/\/www.momengames.com\/index.php\/wp-json\/wp\/v2\/product_brand?post=35361"},{"taxonomy":"product_cat","embeddable":true,"href":"https:\/\/www.momengames.com\/index.php\/wp-json\/wp\/v2\/product_cat?post=35361"},{"taxonomy":"product_tag","embeddable":true,"href":"https:\/\/www.momengames.com\/index.php\/wp-json\/wp\/v2\/product_tag?post=35361"}],"curies":[{"name":"wp","href":"https:\/\/api.w.org\/{rel}","templated":true}]}}