{"id":35360,"date":"2025-10-14T09:20:51","date_gmt":"2025-10-14T09:20:51","guid":{"rendered":"https:\/\/www.momengames.com\/index.php\/product\/razer-opus-x-wireless-low-latency-headset-aktive-geraeuschunterdrueckung-anc-bluetooth-5-0-60-ms-geringe-latenz-individuell-abgestimmte-40-mm-treiber-integri\/"},"modified":"2025-10-14T09:20:51","modified_gmt":"2025-10-14T09:20:51","slug":"razer-opus-x-wireless-low-latency-headset-aktive-geraeuschunterdrueckung-anc-bluetooth-5-0-60-ms-geringe-latenz-individuell-abgestimmte-40-mm-treiber-integri","status":"publish","type":"product","link":"https:\/\/www.momengames.com\/index.php\/product\/razer-opus-x-wireless-low-latency-headset-aktive-geraeuschunterdrueckung-anc-bluetooth-5-0-60-ms-geringe-latenz-individuell-abgestimmte-40-mm-treiber-integri\/?lang=de","title":{"rendered":"Razer Opus X Wireless Low Latency Headset: Aktive Ger\u00e4uschunterdr\u00fcckung (ANC) \u2013 Bluetooth 5.0 \u2013 60 ms geringe Latenz \u2013 Individuell abgestimmte 40-mm-Treiber \u2013 Integrierte Mikrofone \u2013 Gr\u00fcn"},"content":{"rendered":"<p>Aktive Ger\u00e4uschunterdr\u00fcckung (ANC): Egal, ob Sie zu Ihren Lieblingsbeats grooven, einen Film ansehen oder spielen \u2013 die aktive Ger\u00e4uschunterdr\u00fcckung erkennt und unterdr\u00fcckt unerw\u00fcnschte Umgebungsger\u00e4usche und eliminiert alle Ablenkungen.<\/p>\n<p>Bluetooth 5.0: Mit h\u00f6herer Bandbreite, gr\u00f6\u00dferer Reichweite und geringerem Stromverbrauch bietet Bluetooth 5.0 eine zuverl\u00e4ssige, energieeffiziente und langlebige kabellose Verbindung.<\/p>\n<p>Verbindung mit geringer Latenz von 60 ms: Aktivieren Sie den Gaming-Modus, um die kabellose Leistung des Headsets beim Spielen oder Ansehen von Videos auf Bluetooth-Ger\u00e4ten zu steigern und so ein nahtloseres Erlebnis zu gew\u00e4hrleisten.<\/p>\n<p>Ma\u00dfgeschneiderte 40-mm-Treiber: Ausgestattet mit speziell abgestimmten 40-mm-Treibern bietet das Opus X ein sattes Klangerlebnis, das Ihren Genuss steigert und klare H\u00f6hen und Mitten sowie tiefe, druckvolle B\u00e4sse liefert.<\/p>\n<p>Eingebaute Mikrofone: Mit internen Mikrofonen speziell f\u00fcr die Sprachkommunikation sorgt das Opus X daf\u00fcr, dass Sie in Ihren Telefonkonferenzen immer alle Teilnehmer perfekt verstehen \u2013 und auch die Teilnehmer Sie.<\/p>\n","protected":false},"excerpt":{"rendered":"<p>Aktive Ger\u00e4uschunterdr\u00fcckung (ANC): Egal, ob Sie zu Ihren Lieblingsbeats grooven, einen Film ansehen oder spielen \u2013 die aktive Ger\u00e4uschunterdr\u00fcckung erkennt und unterdr\u00fcckt unerw\u00fcnschte Umgebungsger\u00e4usche und eliminiert alle Ablenkungen.<\/p>\n<p>Bluetooth 5.0: Mit h\u00f6herer Bandbreite, gr\u00f6\u00dferer Reichweite und geringerem Stromverbrauch bietet Bluetooth 5.0 eine zuverl\u00e4ssige, energieeffiziente und langlebige kabellose Verbindung.<\/p>\n<p>Verbindung mit geringer Latenz von 60 ms: Aktivieren Sie den Gaming-Modus, um die kabellose Leistung des Headsets beim Spielen oder Ansehen von Videos auf Bluetooth-Ger\u00e4ten zu steigern und so ein nahtloseres Erlebnis zu gew\u00e4hrleisten.<\/p>\n<p>Ma\u00dfgeschneiderte 40-mm-Treiber: Ausgestattet mit speziell abgestimmten 40-mm-Treibern bietet das Opus X ein sattes Klangerlebnis, das Ihren Genuss steigert und klare H\u00f6hen und Mitten sowie tiefe, druckvolle B\u00e4sse liefert.<\/p>\n<p>Eingebaute Mikrofone: Mit internen Mikrofonen speziell f\u00fcr die Sprachkommunikation sorgt das Opus X daf\u00fcr, dass Sie in Ihren Telefonkonferenzen immer alle Teilnehmer perfekt verstehen \u2013 und auch die Teilnehmer Sie.<\/p>\n","protected":false},"featured_media":35302,"comment_status":"open","ping_status":"closed","template":"","meta":{"iawp_total_views":0},"product_brand":[57],"product_cat":[15],"product_tag":[],"class_list":{"0":"post-35360","1":"product","2":"type-product","3":"status-publish","4":"has-post-thumbnail","6":"product_brand-razer","7":"product_cat-electronics-accessories","9":"first","10":"instock","11":"sale","12":"taxable","13":"shipping-taxable","14":"purchasable","15":"product-type-simple"},"jetpack_sharing_enabled":true,"_links":{"self":[{"href":"https:\/\/www.momengames.com\/index.php\/wp-json\/wp\/v2\/product\/35360","targetHints":{"allow":["GET"]}}],"collection":[{"href":"https:\/\/www.momengames.com\/index.php\/wp-json\/wp\/v2\/product"}],"about":[{"href":"https:\/\/www.momengames.com\/index.php\/wp-json\/wp\/v2\/types\/product"}],"replies":[{"embeddable":true,"href":"https:\/\/www.momengames.com\/index.php\/wp-json\/wp\/v2\/comments?post=35360"}],"wp:featuredmedia":[{"embeddable":true,"href":"https:\/\/www.momengames.com\/index.php\/wp-json\/wp\/v2\/media\/35302"}],"wp:attachment":[{"href":"https:\/\/www.momengames.com\/index.php\/wp-json\/wp\/v2\/media?parent=35360"}],"wp:term":[{"taxonomy":"product_brand","embeddable":true,"href":"https:\/\/www.momengames.com\/index.php\/wp-json\/wp\/v2\/product_brand?post=35360"},{"taxonomy":"product_cat","embeddable":true,"href":"https:\/\/www.momengames.com\/index.php\/wp-json\/wp\/v2\/product_cat?post=35360"},{"taxonomy":"product_tag","embeddable":true,"href":"https:\/\/www.momengames.com\/index.php\/wp-json\/wp\/v2\/product_tag?post=35360"}],"curies":[{"name":"wp","href":"https:\/\/api.w.org\/{rel}","templated":true}]}}