{"id":35359,"date":"2025-10-14T09:13:05","date_gmt":"2025-10-14T09:13:05","guid":{"rendered":"https:\/\/www.momengames.com\/index.php\/product\/razer-blackshark-v2-hyperspeed-wireless-gaming-headset-24-ghz-bluetooth-oder-usb-thx-spatial-audio-titanium-50-mm-treiber-70-stunden-akku-f\/"},"modified":"2025-10-14T09:13:05","modified_gmt":"2025-10-14T09:13:05","slug":"razer-blackshark-v2-hyperspeed-wireless-gaming-headset-24-ghz-bluetooth-oder-usb-thx-spatial-audio-titanium-50-mm-treiber-70-stunden-akku-f","status":"publish","type":"product","link":"https:\/\/www.momengames.com\/index.php\/product\/razer-blackshark-v2-hyperspeed-wireless-gaming-headset-24-ghz-bluetooth-oder-usb-thx-spatial-audio-titanium-50-mm-treiber-70-stunden-akku-f\/?lang=de","title":{"rendered":"Razer BlackShark V2 HyperSpeed \u200b\u200bWireless Gaming-Headset: 2,4 GHz, Bluetooth oder USB \u2013 THX Spatial Audio \u2013 Titanium 50-mm-Treiber \u2013 70-Stunden-Akku \u2013 f\u00fcr Xbox Series X, Series S, PS5, PC, Switch 2 \u2013 Schwarz"},"content":{"rendered":"<p>280 g ULTRALEICHTES DESIGN \u2013 Dank optimierter Gewichtsreduzierung und verbesserter Klemmkraft bietet das Headset nahtlosen Komfort f\u00fcr ganzt\u00e4giges Gaming.<br \/>\nHYPERCLEAR SUPERBREITBAND-MIKROFON \u2013 Durch die Abdeckung eines breiteren Frequenzbereichs erfasst das biegsame Mikrofon unglaublich viele detaillierte Spracheingaben, sodass jede Ansage klar, satt und nat\u00fcrlich klingt.<br \/>\nTRIFORCE TITANIUM 50-MM-TREIBER \u2013 Mit titanbeschichteten Membranen f\u00fcr zus\u00e4tzliche Klarheit wurde das patentierte dreiteilige Treiberdesign individuell auf H\u00f6hen, Mitten und Tiefen abgestimmt, um sattere H\u00f6hen, hellere Mitten und kr\u00e4ftigere B\u00e4sse zu gew\u00e4hrleisten.<br \/>\nHYPERSPEED-DRAHTLOSTECHNOLOGIE \u2013 Genie\u00dfen Sie mit der branchenf\u00fchrenden 2,4-GHz-Funkverbindung leistungsstarkes, latenzarmes Wettkampfspiel mit perfekt auf die Spiele abgestimmtem Sound.<br \/>\nGER\u00c4USCHISOLIERENDE OHRMUSKEL MIT ULTRAWEICHEM MEMORY-SCHAUM \u2013 Die geschlossenen Ohrmuscheln des Headsets passen sich verschiedenen Kopfformen an und dichten perfekt ab, um Ablenkungen auszuschlie\u00dfen. Die weiche Polsterung aus atmungsaktivem Stoff sorgt f\u00fcr h\u00f6chsten Tragekomfort.<br \/>\n70 STUNDEN AKKULAUFZEIT plus TYP-C-LADUNG \u2013 Eine einzige vollst\u00e4ndige Aufladung des Headsets bietet bis zu 70 Stunden Akkulaufzeit.<\/p>\n","protected":false},"excerpt":{"rendered":"<p>280 g ULTRALEICHTES DESIGN \u2013 Dank optimierter Gewichtsreduzierung und verbesserter Klemmkraft bietet das Headset nahtlosen Komfort f\u00fcr ganzt\u00e4giges Gaming.<br \/>\nHYPERCLEAR SUPERBREITBAND-MIKROFON \u2013 Durch die Abdeckung eines breiteren Frequenzbereichs erfasst das biegsame Mikrofon unglaublich viele detaillierte Spracheingaben, sodass jede Ansage klar, satt und nat\u00fcrlich klingt.<br \/>\nTRIFORCE TITANIUM 50-MM-TREIBER \u2013 Mit titanbeschichteten Membranen f\u00fcr zus\u00e4tzliche Klarheit wurde das patentierte dreiteilige Treiberdesign individuell auf H\u00f6hen, Mitten und Tiefen abgestimmt, um sattere H\u00f6hen, hellere Mitten und kr\u00e4ftigere B\u00e4sse zu gew\u00e4hrleisten.<br \/>\nHYPERSPEED-DRAHTLOSTECHNOLOGIE \u2013 Genie\u00dfen Sie mit der branchenf\u00fchrenden 2,4-GHz-Funkverbindung leistungsstarkes, latenzarmes Wettkampfspiel mit perfekt auf die Spiele abgestimmtem Sound.<br \/>\nGER\u00c4USCHISOLIERENDE OHRMUSKEL MIT ULTRAWEICHEM MEMORY-SCHAUM \u2013 Die geschlossenen Ohrmuscheln des Headsets passen sich verschiedenen Kopfformen an und dichten perfekt ab, um Ablenkungen auszuschlie\u00dfen. Die weiche Polsterung aus atmungsaktivem Stoff sorgt f\u00fcr h\u00f6chsten Tragekomfort.<br \/>\n70 STUNDEN AKKULAUFZEIT plus TYP-C-LADUNG \u2013 Eine einzige vollst\u00e4ndige Aufladung des Headsets bietet bis zu 70 Stunden Akkulaufzeit.<\/p>\n","protected":false},"featured_media":35297,"comment_status":"open","ping_status":"closed","template":"","meta":{"iawp_total_views":40},"product_brand":[57],"product_cat":[15],"product_tag":[],"class_list":{"0":"post-35359","1":"product","2":"type-product","3":"status-publish","4":"has-post-thumbnail","6":"product_brand-razer","7":"product_cat-electronics-accessories","9":"first","10":"instock","11":"sale","12":"taxable","13":"shipping-taxable","14":"purchasable","15":"product-type-simple"},"jetpack_sharing_enabled":true,"_links":{"self":[{"href":"https:\/\/www.momengames.com\/index.php\/wp-json\/wp\/v2\/product\/35359","targetHints":{"allow":["GET"]}}],"collection":[{"href":"https:\/\/www.momengames.com\/index.php\/wp-json\/wp\/v2\/product"}],"about":[{"href":"https:\/\/www.momengames.com\/index.php\/wp-json\/wp\/v2\/types\/product"}],"replies":[{"embeddable":true,"href":"https:\/\/www.momengames.com\/index.php\/wp-json\/wp\/v2\/comments?post=35359"}],"wp:featuredmedia":[{"embeddable":true,"href":"https:\/\/www.momengames.com\/index.php\/wp-json\/wp\/v2\/media\/35297"}],"wp:attachment":[{"href":"https:\/\/www.momengames.com\/index.php\/wp-json\/wp\/v2\/media?parent=35359"}],"wp:term":[{"taxonomy":"product_brand","embeddable":true,"href":"https:\/\/www.momengames.com\/index.php\/wp-json\/wp\/v2\/product_brand?post=35359"},{"taxonomy":"product_cat","embeddable":true,"href":"https:\/\/www.momengames.com\/index.php\/wp-json\/wp\/v2\/product_cat?post=35359"},{"taxonomy":"product_tag","embeddable":true,"href":"https:\/\/www.momengames.com\/index.php\/wp-json\/wp\/v2\/product_tag?post=35359"}],"curies":[{"name":"wp","href":"https:\/\/api.w.org\/{rel}","templated":true}]}}