{"id":34962,"date":"2025-09-20T13:50:12","date_gmt":"2025-09-20T13:50:12","guid":{"rendered":"https:\/\/www.momengames.com\/index.php\/product\/batterie-razer-rc30-0248-pour-razer-blade-15-advanced-2019-2018-rz09-02385\/"},"modified":"2025-09-20T13:50:12","modified_gmt":"2025-09-20T13:50:12","slug":"batterie-razer-rc30-0248-pour-razer-blade-15-advanced-2019-2018-rz09-02385","status":"publish","type":"product","link":"https:\/\/www.momengames.com\/index.php\/product\/batterie-razer-rc30-0248-pour-razer-blade-15-advanced-2019-2018-rz09-02385\/?lang=fr","title":{"rendered":"Batterie Razer RC30-0248 pour Razer Blade 15 Advanced 2019 2018 RZ09-02385"},"content":{"rendered":"<p>La batterie authentique RC30-0248 pour ordinateur portable Razer Blade 15 2018 RZ09-02385 RZ09-02386 est une batterie lithium-ion de haute qualit\u00e9 sp\u00e9cialement con\u00e7ue pour les ordinateurs portables Razer. Compatible avec le Razer Blade Stealth 15 2018, elle offre une capacit\u00e9 de 5209 mAh (80 Wh) et 8 cellules. Cette batterie noire offre une tension de 15,4 V et b\u00e9n\u00e9ficie d&#8217;une garantie fabricant d&#8217;un an, gage de fiabilit\u00e9 et de long\u00e9vit\u00e9. Fabriqu\u00e9e en Chine, cette batterie est un produit Razer authentique, id\u00e9al pour une utilisation prolong\u00e9e de votre ordinateur portable.<\/p>\n","protected":false},"excerpt":{"rendered":"<p>La batterie authentique RC30-0248 pour ordinateur portable Razer Blade 15 2018 RZ09-02385 RZ09-02386 est une batterie lithium-ion de haute qualit\u00e9 sp\u00e9cialement con\u00e7ue pour les ordinateurs portables Razer. Compatible avec le Razer Blade Stealth 15 2018, elle offre une capacit\u00e9 de 5209 mAh (80 Wh) et 8 cellules. Cette batterie noire offre une tension de 15,4 V et b\u00e9n\u00e9ficie d&#8217;une garantie fabricant d&#8217;un an, gage de fiabilit\u00e9 et de long\u00e9vit\u00e9. Fabriqu\u00e9e en Chine, cette batterie est un produit Razer authentique, id\u00e9al pour une utilisation prolong\u00e9e de votre ordinateur portable.<\/p>\n","protected":false},"featured_media":34838,"comment_status":"open","ping_status":"closed","template":"","meta":{"iawp_total_views":2},"product_brand":[],"product_cat":[39],"product_tag":[],"class_list":{"0":"post-34962","1":"product","2":"type-product","3":"status-publish","4":"has-post-thumbnail","6":"product_cat-electronics-accessories-fr","8":"first","9":"instock","10":"taxable","11":"shipping-taxable","12":"purchasable","13":"product-type-simple"},"jetpack_sharing_enabled":true,"_links":{"self":[{"href":"https:\/\/www.momengames.com\/index.php\/wp-json\/wp\/v2\/product\/34962","targetHints":{"allow":["GET"]}}],"collection":[{"href":"https:\/\/www.momengames.com\/index.php\/wp-json\/wp\/v2\/product"}],"about":[{"href":"https:\/\/www.momengames.com\/index.php\/wp-json\/wp\/v2\/types\/product"}],"replies":[{"embeddable":true,"href":"https:\/\/www.momengames.com\/index.php\/wp-json\/wp\/v2\/comments?post=34962"}],"wp:featuredmedia":[{"embeddable":true,"href":"https:\/\/www.momengames.com\/index.php\/wp-json\/wp\/v2\/media\/34838"}],"wp:attachment":[{"href":"https:\/\/www.momengames.com\/index.php\/wp-json\/wp\/v2\/media?parent=34962"}],"wp:term":[{"taxonomy":"product_brand","embeddable":true,"href":"https:\/\/www.momengames.com\/index.php\/wp-json\/wp\/v2\/product_brand?post=34962"},{"taxonomy":"product_cat","embeddable":true,"href":"https:\/\/www.momengames.com\/index.php\/wp-json\/wp\/v2\/product_cat?post=34962"},{"taxonomy":"product_tag","embeddable":true,"href":"https:\/\/www.momengames.com\/index.php\/wp-json\/wp\/v2\/product_tag?post=34962"}],"curies":[{"name":"wp","href":"https:\/\/api.w.org\/{rel}","templated":true}]}}