{"id":34961,"date":"2025-09-20T13:41:05","date_gmt":"2025-09-20T13:41:05","guid":{"rendered":"https:\/\/www.momengames.com\/index.php\/product\/manette-de-jeu-razer-kishi-ultra-pour-android-iphone-15-et-16-ipad-mini-a17-pro-et-6-usb-c-controles-professionnels-poignee-ergonomique-streaming-de-jeux-pc-xbox-et-ps5-sur-mobile-tel\/"},"modified":"2025-09-20T13:41:05","modified_gmt":"2025-09-20T13:41:05","slug":"manette-de-jeu-razer-kishi-ultra-pour-android-iphone-15-et-16-ipad-mini-a17-pro-et-6-usb-c-controles-professionnels-poignee-ergonomique-streaming-de-jeux-pc-xbox-et-ps5-sur-mobile-tel","status":"publish","type":"product","link":"https:\/\/www.momengames.com\/index.php\/product\/manette-de-jeu-razer-kishi-ultra-pour-android-iphone-15-et-16-ipad-mini-a17-pro-et-6-usb-c-controles-professionnels-poignee-ergonomique-streaming-de-jeux-pc-xbox-et-ps5-sur-mobile-tel\/?lang=fr","title":{"rendered":"Manette de jeu Razer Kishi Ultra pour Android, iPhone 15 et 16, iPad Mini A17 Pro et 6 (USB-C)\u00a0: Contr\u00f4les professionnels &#8211; Poign\u00e9e ergonomique &#8211; Streaming de jeux PC, Xbox et PS5 sur mobile, t\u00e9l\u00e9phone et tablette (reconditionn\u00e9e)"},"content":{"rendered":"<p>JEU \u00c0 DISTANCE SUR PC \u2014 La puissance d&#8217;une console de jeu tient d\u00e9sormais dans une poche\u00a0; diffusez vos jeux depuis un PC et lancez-les directement depuis vos appareils mobiles pour une exp\u00e9rience immersive aux graphismes nets et fluides.<br \/>\nFORMAT GRAND FORMAT POUR T\u00c9L\u00c9PHONES ET IPAD MINI \u2014 Jouez directement sur votre t\u00e9l\u00e9phone ou explorez de nouveaux horizons de jeu mobile avec des tablettes jusqu&#8217;\u00e0 8 pouces pour un affichage digne des meilleurs jeux AAA.<br \/>\nCOMMANDES DE CONSOLE DE QUALIT\u00c9 PROFESSIONNELLE ET ERGONOMIE SUR MOBILE \u2014 Dominez le jeu mobile gr\u00e2ce aux performances et au confort dignes de l&#8217;e-sport des manettes de console Razer Pro. La Kishi V2 Ultra est \u00e9quip\u00e9e d&#8217;un pav\u00e9 directionnel 8 directions m\u00e9ca-tactile et de boutons d&#8217;action, de g\u00e2chettes \u00e0 effet Hall, de boutons programmables et de joysticks analogiques TPSiV ultra-r\u00e9sistants.<br \/>\nRAZER SENSA HD HAPTICS* ET CHROMA RGB \u2014 Profitez d&#8217;un retour haptique haute fid\u00e9lit\u00e9, plus puissant, plus d\u00e9taill\u00e9 et plus nuanc\u00e9 que les vibrations d&#8217;une manette de console traditionnelle, avec un \u00e9clairage Chroma RGB dynamique et ajustable. *N\u00e9cessite Android 12 (et versions ult\u00e9rieures) ou Windows 11\u00a0; non pris en charge actuellement sur iOS.<br \/>\nCONNECTIVIT\u00c9 ET PRATIQUE INT\u00c9GRALES \u2014 Profitez de jeux \u00e0 faible latence et d&#8217;un son fluide gr\u00e2ce au syst\u00e8me plug-and-play. Rechargez votre appareil pendant que vous jouez gr\u00e2ce \u00e0 la charge directe et plongez rapidement dans l&#8217;action en gardant votre t\u00e9l\u00e9phone dans son \u00e9tui.<br \/>\nALIMENT\u00c9 PAR L&#8217;APPLICATION RAZER NEXUS \u2014 Lancez des jeux, personnalisez les commandes, enregistrez et partagez vos parties, et maintenez la Kishi Ultra \u00e0 jour gr\u00e2ce \u00e0 l&#8217;application Razer Nexus, accessible d&#8217;une simple pression sur un bouton d\u00e9di\u00e9.<br \/>\nMODE MANETTE VIRTUEL \u2014 Utilisez le mode Manette Virtuelle pour remapper les commandes de l&#8217;\u00e9cran tactile sur la Kishi Ultra, ajoutant ainsi la compatibilit\u00e9 de la manette avec la plupart des plus grands jeux mobiles tactiles. Fonctionnalit\u00e9 disponible uniquement sur les appareils Android.<br \/>\nJOUEZ SUR PC OU IPAD \u2014 Connectez la manette Kishi Ultra \u00e0 un PC ou un iPad avec un c\u00e2ble USB-C (pas besoin de t\u00e9l\u00e9phone) pour profiter pleinement de vos jeux gr\u00e2ce \u00e0 une connexion USB-C directe \u00e0 faible latence prenant en charge les vibrations haptiques sur PC et l&#8217;audio 3,5 mm. C\u00e2ble USB-C vendu s\u00e9par\u00e9ment.<\/p>\n","protected":false},"excerpt":{"rendered":"<p>JEU \u00c0 DISTANCE SUR PC \u2014 La puissance d&#8217;une console de jeu tient d\u00e9sormais dans une poche\u00a0; diffusez vos jeux depuis un PC et lancez-les directement depuis vos appareils mobiles pour une exp\u00e9rience immersive aux graphismes nets et fluides.<br \/>\nFORMAT GRAND FORMAT POUR T\u00c9L\u00c9PHONES ET IPAD MINI \u2014 Jouez directement sur votre t\u00e9l\u00e9phone ou explorez de nouveaux horizons de jeu mobile avec des tablettes jusqu&#8217;\u00e0 8 pouces pour un affichage digne des meilleurs jeux AAA.<br \/>\nCOMMANDES DE CONSOLE DE QUALIT\u00c9 PROFESSIONNELLE ET ERGONOMIE SUR MOBILE \u2014 Dominez le jeu mobile gr\u00e2ce aux performances et au confort dignes de l&#8217;e-sport des manettes de console Razer Pro. La Kishi V2 Ultra est \u00e9quip\u00e9e d&#8217;un pav\u00e9 directionnel 8 directions m\u00e9ca-tactile et de boutons d&#8217;action, de g\u00e2chettes \u00e0 effet Hall, de boutons programmables et de joysticks analogiques TPSiV ultra-r\u00e9sistants.<br \/>\nRAZER SENSA HD HAPTICS* ET CHROMA RGB \u2014 Profitez d&#8217;un retour haptique haute fid\u00e9lit\u00e9, plus puissant, plus d\u00e9taill\u00e9 et plus nuanc\u00e9 que les vibrations d&#8217;une manette de console traditionnelle, avec un \u00e9clairage Chroma RGB dynamique et ajustable. *N\u00e9cessite Android 12 (et versions ult\u00e9rieures) ou Windows 11\u00a0; non pris en charge actuellement sur iOS.<br \/>\nCONNECTIVIT\u00c9 ET PRATIQUE INT\u00c9GRALES \u2014 Profitez de jeux \u00e0 faible latence et d&#8217;un son fluide gr\u00e2ce au syst\u00e8me plug-and-play. Rechargez votre appareil pendant que vous jouez gr\u00e2ce \u00e0 la charge directe et plongez rapidement dans l&#8217;action en gardant votre t\u00e9l\u00e9phone dans son \u00e9tui.<br \/>\nALIMENT\u00c9 PAR L&#8217;APPLICATION RAZER NEXUS \u2014 Lancez des jeux, personnalisez les commandes, enregistrez et partagez vos parties, et maintenez la Kishi Ultra \u00e0 jour gr\u00e2ce \u00e0 l&#8217;application Razer Nexus, accessible d&#8217;une simple pression sur un bouton d\u00e9di\u00e9.<br \/>\nMODE MANETTE VIRTUEL \u2014 Utilisez le mode Manette Virtuelle pour remapper les commandes de l&#8217;\u00e9cran tactile sur la Kishi Ultra, ajoutant ainsi la compatibilit\u00e9 de la manette avec la plupart des plus grands jeux mobiles tactiles. Fonctionnalit\u00e9 disponible uniquement sur les appareils Android.<br \/>\nJOUEZ SUR PC OU IPAD \u2014 Connectez la manette Kishi Ultra \u00e0 un PC ou un iPad avec un c\u00e2ble USB-C (pas besoin de t\u00e9l\u00e9phone) pour profiter pleinement de vos jeux gr\u00e2ce \u00e0 une connexion USB-C directe \u00e0 faible latence prenant en charge les vibrations haptiques sur PC et l&#8217;audio 3,5 mm. C\u00e2ble USB-C vendu s\u00e9par\u00e9ment.<\/p>\n","protected":false},"featured_media":34834,"comment_status":"open","ping_status":"closed","template":"","meta":{"iawp_total_views":20},"product_brand":[],"product_cat":[40],"product_tag":[],"class_list":{"0":"post-34961","1":"product","2":"type-product","3":"status-publish","4":"has-post-thumbnail","6":"product_cat-pc-gamepads-standard-controllers-fr","8":"first","9":"instock","10":"sale","11":"taxable","12":"shipping-taxable","13":"purchasable","14":"product-type-simple"},"jetpack_sharing_enabled":true,"_links":{"self":[{"href":"https:\/\/www.momengames.com\/index.php\/wp-json\/wp\/v2\/product\/34961","targetHints":{"allow":["GET"]}}],"collection":[{"href":"https:\/\/www.momengames.com\/index.php\/wp-json\/wp\/v2\/product"}],"about":[{"href":"https:\/\/www.momengames.com\/index.php\/wp-json\/wp\/v2\/types\/product"}],"replies":[{"embeddable":true,"href":"https:\/\/www.momengames.com\/index.php\/wp-json\/wp\/v2\/comments?post=34961"}],"wp:featuredmedia":[{"embeddable":true,"href":"https:\/\/www.momengames.com\/index.php\/wp-json\/wp\/v2\/media\/34834"}],"wp:attachment":[{"href":"https:\/\/www.momengames.com\/index.php\/wp-json\/wp\/v2\/media?parent=34961"}],"wp:term":[{"taxonomy":"product_brand","embeddable":true,"href":"https:\/\/www.momengames.com\/index.php\/wp-json\/wp\/v2\/product_brand?post=34961"},{"taxonomy":"product_cat","embeddable":true,"href":"https:\/\/www.momengames.com\/index.php\/wp-json\/wp\/v2\/product_cat?post=34961"},{"taxonomy":"product_tag","embeddable":true,"href":"https:\/\/www.momengames.com\/index.php\/wp-json\/wp\/v2\/product_tag?post=34961"}],"curies":[{"name":"wp","href":"https:\/\/api.w.org\/{rel}","templated":true}]}}